{"id":11206,"date":"2023-06-15T19:10:52","date_gmt":"2023-06-15T19:10:52","guid":{"rendered":"http:\/\/a8759758b2.nxcli.io\/?page_id=11206"},"modified":"2023-09-29T18:14:27","modified_gmt":"2023-09-29T18:14:27","slug":"nulled","status":"publish","type":"page","link":"https:\/\/couponaffiliates.com\/de\/nulled\/","title":{"rendered":"Coupon Affiliates Nulled - Was sind die Risiken?"},"content":{"rendered":"<p>Vielleicht denken Sie \u00fcber die Verwendung einer nulled Version des Coupon Affiliates Plugins f\u00fcr Ihren WooCommerce Shop nach. Oberfl\u00e4chlich betrachtet scheint es eine kosteng\u00fcnstige L\u00f6sung zu sein - eine M\u00f6glichkeit, die Funktionen des Plugins ohne die damit verbundenen Kosten zu nutzen.<\/p>\n\n\n\n<p>Es ist jedoch wichtig, sich dar\u00fcber im Klaren zu sein, dass die Risiken und potenziellen Nachteile, die mit der Verwendung von gef\u00e4lschter Software verbunden sind, weit \u00fcber die unmittelbaren finanziellen Einsparungen hinausgehen.<\/p>\n\n\n\n<p>Hier werden wir Ihnen die Gefahren aufzeigen, die mit der Verwendung des gef\u00e4lschten Coupon Affiliates Plugins verbunden sind und warum die Entscheidung f\u00fcr die Originalversion eine weitaus bessere Wahl f\u00fcr Ihr Online-Gesch\u00e4ft ist.<\/p>\n\n\n\n<div style=\"height:25px\" aria-hidden=\"true\" class=\"wp-block-spacer\"><\/div>\n\n\n\n<h2 class=\"wp-block-heading\">Die Gefahren der Verwendung von Nulled Coupon Affiliates<\/h2>\n\n\n\n<p>Die Verwendung einer ung\u00fcltigen Version des Coupon Affiliates-Plugins birgt einige erhebliche Risiken:<\/p>\n\n\n\n<ul class=\"wp-block-list\">\n<li><strong>Sicherheitsschwachstellen<\/strong>: Genullte Plugins k\u00f6nnen mit Malware, sch\u00e4dlichen Viren oder versteckten Hintert\u00fcren versehen sein. Diese Sicherheitsl\u00fccken k\u00f6nnen die Daten Ihrer Website und die sensiblen Informationen Ihrer Kunden in Gefahr bringen.<\/li>\n\n\n\n<li><strong>Fehlen von Aktualisierungen<\/strong>: Es ist unwahrscheinlich, dass nulled Versionen von Plugins Updates erhalten, was bedeutet, dass sie veraltet und inkompatibel mit zuk\u00fcnftigen Versionen von WooCommerce oder WordPress werden k\u00f6nnten.<\/li>\n\n\n\n<li><strong>Mangelnde Unterst\u00fctzung<\/strong>: Wenn Sie eine ung\u00fcltige Version verwenden, verlieren Sie den Zugang zum Support und zum Kundendienst der Plugin-Entwickler und m\u00fcssen sich selbst um die L\u00f6sung eventueller Probleme k\u00fcmmern.<\/li>\n\n\n\n<li><strong>M\u00f6gliche Funktions- und Leistungsprobleme<\/strong>: Nulled-Versionen des Coupon Affiliates-Plugins k\u00f6nnten mit Fehlern behaftet sein, Abst\u00fcrze verursachen oder wichtige Funktionen vermissen lassen, was sich negativ auf die Leistung Ihres Online-Shops und die Benutzerfreundlichkeit auswirken k\u00f6nnte.<\/li>\n<\/ul>\n\n\n\n<div style=\"height:25px\" aria-hidden=\"true\" class=\"wp-block-spacer\"><\/div>\n\n\n\n<h2 class=\"wp-block-heading\">Vorteile der Wahl des Authentic Coupon Affiliates Plugin<\/h2>\n\n\n\n<p>Die Investition in die authentische Version des Coupon Affiliates Plugins bietet mehrere Vorteile:<\/p>\n\n\n\n<ul class=\"wp-block-list\">\n<li><strong>Regelm\u00e4\u00dfige Upgrades<\/strong>: Das Original-Plugin garantiert Kompatibilit\u00e4t und erstklassige Leistung und bietet durch regelm\u00e4\u00dfige Updates Zugang zu den neuesten Funktionen.<\/li>\n\n\n\n<li><strong>Vorrangige Kundenbetreuung<\/strong>: Sie erhalten fachkundige Hilfe und Ressourcen f\u00fcr alle Probleme, um eine reibungslose und effiziente Nutzung zu gew\u00e4hrleisten.<\/li>\n\n\n\n<li><strong>Sicherheit und Seelenfrieden<\/strong>: Eine kostenlose 7-t\u00e4gige Testversion und eine 14-t\u00e4gige Geld-zur\u00fcck-Garantie erm\u00f6glichen es Ihnen, das Plugin risikofrei auszuprobieren und eine fundierte Entscheidung \u00fcber seine N\u00fctzlichkeit f\u00fcr Ihren Shop zu treffen.<\/li>\n\n\n\n<li><strong>Verbesserte Sicherheit<\/strong>: Sch\u00fctzen Sie Ihre Website vor Malware und Datenschutzverletzungen, um den Ruf Ihres Shops zu wahren und Kundeninformationen zu sch\u00fctzen.<\/li>\n\n\n\n<li><strong>Unterst\u00fctzung der zuk\u00fcnftigen Entwicklung<\/strong>: Mit dem Kauf des authentischen Plugins unterst\u00fctzen Sie die Entwickler und tragen zu zuk\u00fcnftigen Verbesserungen und Erweiterungen bei.<\/li>\n<\/ul>\n\n\n\n<div style=\"height:25px\" aria-hidden=\"true\" class=\"wp-block-spacer\"><\/div>\n\n\n\n<h2 class=\"wp-block-heading\">Sichern Sie Ihren WooCommerce-Shop mit dem Authentic Coupon Affiliates Plugin<\/h2>\n\n\n\n<p>Vermeiden Sie es, Ihren Online-Shop zu gef\u00e4hrden, indem Sie eine nulled Version des Coupon Affiliates Plugins verwenden.<\/p>\n\n\n\n<p>Entscheiden Sie sich f\u00fcr das authentische Plugin f\u00fcr ein sicheres, effizientes und sorgenfreies Erlebnis.<\/p>\n\n\n\n<p>Nutzen Sie unsere 7-Tage-Testversion und 14-Tage-Geld-zur\u00fcck-Garantie, um das Plugin ohne Risiko zu testen.<\/p>\n\n\n\n<div style=\"height:25px\" aria-hidden=\"true\" class=\"wp-block-spacer\"><\/div>\n\n\n\n<div class=\"wp-block-buttons is-layout-flex wp-block-buttons-is-layout-flex\">\n<div class=\"wp-block-button has-custom-font-size is-style-fill has-large-font-size\" style=\"font-style:normal;font-weight:400\"><a class=\"wp-block-button__link has-white-color has-text-color has-background wp-element-button\" href=\"\/de\/preisgestaltung\/\" style=\"background-color:#323232\">JETZT AUSPROBIEREN - 7 TAGE LANG KOSTENLOS<\/a><\/div>\n<\/div>\n\n\n\n<div style=\"height:25px\" aria-hidden=\"true\" class=\"wp-block-spacer\"><\/div>","protected":false},"excerpt":{"rendered":"<p>Vielleicht denken Sie \u00fcber die Verwendung einer nulled Version des Coupon Affiliates Plugins f\u00fcr Ihren WooCommerce Shop nach. Oberfl\u00e4chlich betrachtet scheint dies eine kosteng\u00fcnstige L\u00f6sung zu sein - eine M\u00f6glichkeit, die Funktionen des Plugins ohne die damit verbundenen Kosten zu nutzen. Es ist jedoch wichtig zu verstehen, dass die Risiken und potenziellen Nachteile, die mit der Verwendung [...]<\/p>","protected":false},"author":1,"featured_media":0,"parent":0,"menu_order":11,"comment_status":"closed","ping_status":"closed","template":"","meta":{"_kad_blocks_custom_css":"","_kad_blocks_head_custom_js":"","_kad_blocks_body_custom_js":"","_kad_blocks_footer_custom_js":"","footnotes":"","_links_to":"","_links_to_target":""},"class_list":["post-11206","page","type-page","status-publish","hentry","wpbf-post"],"taxonomy_info":[],"featured_image_src_large":false,"author_info":{"display_name":"Elliot Sowersby","author_link":"#"},"comment_info":0,"_links":{"self":[{"href":"https:\/\/couponaffiliates.com\/de\/wp-json\/wp\/v2\/pages\/11206","targetHints":{"allow":["GET"]}}],"collection":[{"href":"https:\/\/couponaffiliates.com\/de\/wp-json\/wp\/v2\/pages"}],"about":[{"href":"https:\/\/couponaffiliates.com\/de\/wp-json\/wp\/v2\/types\/page"}],"author":[{"embeddable":true,"href":"https:\/\/couponaffiliates.com\/de\/wp-json\/wp\/v2\/users\/1"}],"replies":[{"embeddable":true,"href":"https:\/\/couponaffiliates.com\/de\/wp-json\/wp\/v2\/comments?post=11206"}],"version-history":[{"count":16,"href":"https:\/\/couponaffiliates.com\/de\/wp-json\/wp\/v2\/pages\/11206\/revisions"}],"predecessor-version":[{"id":14624,"href":"https:\/\/couponaffiliates.com\/de\/wp-json\/wp\/v2\/pages\/11206\/revisions\/14624"}],"wp:attachment":[{"href":"https:\/\/couponaffiliates.com\/de\/wp-json\/wp\/v2\/media?parent=11206"}],"curies":[{"name":"wp","href":"https:\/\/api.w.org\/{rel}","templated":true}]}}