{"id":11233,"date":"2023-06-16T14:16:16","date_gmt":"2023-06-16T14:16:16","guid":{"rendered":"http:\/\/a8759758b2.nxcli.io\/?page_id=11233"},"modified":"2023-11-17T17:51:10","modified_gmt":"2023-11-17T17:51:10","slug":"demo","status":"publish","type":"page","link":"https:\/\/couponaffiliates.com\/de\/demo\/","title":{"rendered":"Starten Sie eine Demo-Site!"},"content":{"rendered":"<div data-elementor-type=\"wp-page\" data-elementor-id=\"11233\" class=\"elementor elementor-11233\" data-elementor-post-type=\"page\">\n\t\t\t\t\t\t<section class=\"elementor-section elementor-top-section elementor-element elementor-element-3917ed2 elementor-section-boxed elementor-section-height-default elementor-section-height-default\" data-id=\"3917ed2\" data-element_type=\"section\">\n\t\t\t\t\t\t<div class=\"elementor-container elementor-column-gap-default\">\n\t\t\t\t\t<div class=\"elementor-column elementor-col-50 elementor-top-column elementor-element elementor-element-1b39bfe\" data-id=\"1b39bfe\" data-element_type=\"column\">\n\t\t\t<div class=\"elementor-widget-wrap elementor-element-populated\">\n\t\t\t\t\t\t<div class=\"elementor-element elementor-element-05eefb7 elementor-widget elementor-widget-heading\" data-id=\"05eefb7\" data-element_type=\"widget\" data-widget_type=\"heading.default\">\n\t\t\t\t<div class=\"elementor-widget-container\">\n\t\t\t\t\t<h2 class=\"elementor-heading-title elementor-size-default\">Starten Sie eine Demo-Site!<\/h2>\t\t\t\t<\/div>\n\t\t\t\t<\/div>\n\t\t\t\t<div class=\"elementor-element elementor-element-218c30b elementor-widget__width-initial elementor-widget elementor-widget-text-editor\" data-id=\"218c30b\" data-element_type=\"widget\" data-widget_type=\"text-editor.default\">\n\t\t\t\t<div class=\"elementor-widget-container\">\n\t\t\t\t\t\t\t\t\t<p>Auf dieser Seite k\u00f6nnen Sie ganz einfach eine tempor\u00e4re Website erstellen, komplett mit WooCommerce und dem Coupon Affiliates PRO Plugin!<\/p>\n<p>Diese steht Ihnen 12 Stunden lang zur Verf\u00fcgung, so dass Sie ausreichend Zeit haben, alle Funktionen der PRO-Version zu erkunden.<\/p>\n<p>Also, warum warten? Starten Sie jetzt Ihre Demo-Seite und entdecken Sie alles, was Coupon Affiliates zu bieten hat!<\/p>\n<p>Oder wenn Sie bereit sind, loszulegen und PRO kostenlos auf Ihrer eigenen Website zu testen,&nbsp;<a href=\"\/de\/preisgestaltung\/\" target=\"_blank\" rel=\"noopener\"><b>Starten Sie jetzt eine 7-t\u00e4gige Testversion<\/b><\/a>!<\/p>\t\t\t\t\t\t\t\t<\/div>\n\t\t\t\t<\/div>\n\t\t\t\t\t<\/div>\n\t\t<\/div>\n\t\t\t\t<div class=\"elementor-column elementor-col-50 elementor-top-column elementor-element elementor-element-c790e66\" data-id=\"c790e66\" data-element_type=\"column\">\n\t\t\t<div class=\"elementor-widget-wrap elementor-element-populated\">\n\t\t\t\t\t\t<div class=\"elementor-element elementor-element-03131e3 elementor-widget__width-initial elementor-widget elementor-widget-html\" data-id=\"03131e3\" data-element_type=\"widget\" data-widget_type=\"html.default\">\n\t\t\t\t<div class=\"elementor-widget-container\">\n\t\t\t\t\t<iframe width=\"500px\" height=\"595px\" style=\"border:0\" scrolling=\"no\" src=\"https:\/\/app.instawp.io\/embed\/launch?t=example&d=v2\"><\/iframe>\t\t\t\t<\/div>\n\t\t\t\t<\/div>\n\t\t\t\t\t<\/div>\n\t\t<\/div>\n\t\t\t\t\t<\/div>\n\t\t<\/section>\n\t\t\t\t<section class=\"elementor-section elementor-top-section elementor-element elementor-element-0394df8 elementor-section-boxed elementor-section-height-default elementor-section-height-default\" data-id=\"0394df8\" data-element_type=\"section\" data-settings=\"{&quot;background_background&quot;:&quot;classic&quot;}\">\n\t\t\t\t\t\t<div class=\"elementor-container elementor-column-gap-default\">\n\t\t\t\t\t<div class=\"elementor-column elementor-col-100 elementor-top-column elementor-element elementor-element-7cca3e6\" data-id=\"7cca3e6\" data-element_type=\"column\" data-settings=\"{&quot;background_background&quot;:&quot;classic&quot;}\">\n\t\t\t<div class=\"elementor-widget-wrap elementor-element-populated\">\n\t\t\t\t\t\t<section class=\"elementor-section elementor-inner-section elementor-element elementor-element-13c5e6d elementor-section-boxed elementor-section-height-default elementor-section-height-default\" data-id=\"13c5e6d\" data-element_type=\"section\">\n\t\t\t\t\t\t<div class=\"elementor-container elementor-column-gap-default\">\n\t\t\t\t\t<div class=\"elementor-column elementor-col-33 elementor-inner-column elementor-element elementor-element-9ea739e\" data-id=\"9ea739e\" data-element_type=\"column\">\n\t\t\t<div class=\"elementor-widget-wrap elementor-element-populated\">\n\t\t\t\t\t\t<div class=\"elementor-element elementor-element-7d1d3be elementor-widget elementor-widget-image\" data-id=\"7d1d3be\" data-element_type=\"widget\" data-widget_type=\"image.default\">\n\t\t\t\t<div class=\"elementor-widget-container\">\n\t\t\t\t\t\t\t\t\t\t\t\t\t\t\t<img fetchpriority=\"high\" decoding=\"async\" width=\"300\" height=\"284\" src=\"https:\/\/couponaffiliates.com\/wp-content\/uploads\/2021\/11\/money-back-1.png\" class=\"attachment-large size-large wp-image-6116\" alt=\"\" \/>\t\t\t\t\t\t\t\t\t\t\t\t\t\t\t<\/div>\n\t\t\t\t<\/div>\n\t\t\t\t\t<\/div>\n\t\t<\/div>\n\t\t\t\t<div class=\"elementor-column elementor-col-66 elementor-inner-column elementor-element elementor-element-cffe105\" data-id=\"cffe105\" data-element_type=\"column\">\n\t\t\t<div class=\"elementor-widget-wrap elementor-element-populated\">\n\t\t\t\t\t\t<div class=\"elementor-element elementor-element-66ce8fa elementor-widget elementor-widget-heading\" data-id=\"66ce8fa\" data-element_type=\"widget\" data-widget_type=\"heading.default\">\n\t\t\t\t<div class=\"elementor-widget-container\">\n\t\t\t\t\t<h2 class=\"elementor-heading-title elementor-size-default\">100% Geld-zur\u00fcck-Garantie!<\/h2>\t\t\t\t<\/div>\n\t\t\t\t<\/div>\n\t\t\t\t<div class=\"elementor-element elementor-element-ae0a180 elementor-widget elementor-widget-text-editor\" data-id=\"ae0a180\" data-element_type=\"widget\" data-widget_type=\"text-editor.default\">\n\t\t\t\t<div class=\"elementor-widget-container\">\n\t\t\t\t\t\t\t\t\t<p>Wir freuen uns darauf, Ihnen zu helfen, Ihren Umsatz mit Coupon Affiliates zu steigern! Sollten die Dinge jedoch nicht funktionieren, sind Sie durch unsere 100% Geld-zur\u00fcck-Garantie vollst\u00e4ndig gesch\u00fctzt!<\/p>\n<p>Wenn Sie nach Ihrer kostenlosen Testversion ein Upgrade durchf\u00fchren, sich dann aber innerhalb der n\u00e4chsten 14 Tage entscheiden, dass das Plugin nicht das Richtige f\u00fcr Sie ist, kontaktieren Sie uns einfach und wir erstatten Ihnen 100% Ihres Geldes zur\u00fcck. Es werden keine Fragen gestellt.<\/p>\n<p><\/p>\t\t\t\t\t\t\t\t<\/div>\n\t\t\t\t<\/div>\n\t\t\t\t<div class=\"elementor-element elementor-element-53e1a53 elementor-widget elementor-widget-author-box\" data-id=\"53e1a53\" data-element_type=\"widget\" data-widget_type=\"author-box.default\">\n\t\t\t\t<div class=\"elementor-widget-container\">\n\t\t\t\t\t\t\t<div class=\"elementor-author-box\">\n\t\t\t\t\t\t\t<div  class=\"elementor-author-box__avatar\">\n\t\t\t\t\t<img decoding=\"async\" src=\"https:\/\/couponaffiliates.com\/wp-content\/uploads\/2021\/05\/elliotcirclewhite-300x300.png\" alt=\"Autoren-Profilbild\" loading=\"lazy\">\n\t\t\t\t<\/div>\n\t\t\t\n\t\t\t<div class=\"elementor-author-box__text\">\n\t\t\t\t\n\t\t\t\t\t\t\t\t\t<div class=\"elementor-author-box__bio\">\n\t\t\t\t\t\t<p><img decoding=\"async\" src=\"\/wp-content\/uploads\/2021\/11\/elliot-sowersby-text.png\" style=\"height: 35px; margin-top: 10px; display: inline-block;\"><span style=\"font-size: 12px;\"><br \/>Gr\u00fcnder und Entwickler<\/span><\/p>\n\t\t\t\t\t<\/div>\n\t\t\t\t\n\t\t\t\t\t\t\t<\/div>\n\t\t<\/div>\n\t\t\t\t\t\t<\/div>\n\t\t\t\t<\/div>\n\t\t\t\t\t<\/div>\n\t\t<\/div>\n\t\t\t\t\t<\/div>\n\t\t<\/section>\n\t\t\t\t\t<\/div>\n\t\t<\/div>\n\t\t\t\t\t<\/div>\n\t\t<\/section>\n\t\t\t\t<section class=\"elementor-section elementor-top-section elementor-element elementor-element-839c682 elementor-section-boxed elementor-section-height-default elementor-section-height-default\" data-id=\"839c682\" data-element_type=\"section\">\n\t\t\t\t\t\t<div class=\"elementor-container elementor-column-gap-default\">\n\t\t\t\t\t<div class=\"elementor-column elementor-col-100 elementor-top-column elementor-element elementor-element-b74d6f8\" data-id=\"b74d6f8\" data-element_type=\"column\">\n\t\t\t<div class=\"elementor-widget-wrap elementor-element-populated\">\n\t\t\t\t\t\t<div class=\"elementor-element elementor-element-1896ae5 elementor-align-center elementor-widget elementor-widget-button\" data-id=\"1896ae5\" data-element_type=\"widget\" data-widget_type=\"button.default\">\n\t\t\t\t<div class=\"elementor-widget-container\">\n\t\t\t\t\t\t\t\t\t<div class=\"elementor-button-wrapper\">\n\t\t\t\t\t<a class=\"elementor-button elementor-button-link elementor-size-lg\" href=\"\/de\/preisgestaltung\/\">\n\t\t\t\t\t\t<span class=\"elementor-button-content-wrapper\">\n\t\t\t\t\t\t<span class=\"elementor-button-icon\">\n\t\t\t\t<i aria-hidden=\"true\" class=\"far fa-arrow-alt-circle-right\"><\/i>\t\t\t<\/span>\n\t\t\t\t\t\t\t\t\t<span class=\"elementor-button-text\">Kostenlose 7-Tage-Testversion starten<\/span>\n\t\t\t\t\t<\/span>\n\t\t\t\t\t<\/a>\n\t\t\t\t<\/div>\n\t\t\t\t\t\t\t\t<\/div>\n\t\t\t\t<\/div>\n\t\t\t\t\t<\/div>\n\t\t<\/div>\n\t\t\t\t\t<\/div>\n\t\t<\/section>\n\t\t\t\t<\/div>","protected":false},"excerpt":{"rendered":"<p>Starten Sie eine Demo-Site! Auf dieser Seite k\u00f6nnen Sie ganz einfach eine tempor\u00e4re Website mit WooCommerce und dem Coupon Affiliates PRO Plugin einrichten! Diese steht Ihnen 12 Stunden lang zur Verf\u00fcgung, so dass Sie gen\u00fcgend Zeit haben, alle Funktionen der PRO-Version zu testen. Also, warum warten? Starten Sie Ihre Demo-Website jetzt und [...]<\/p>","protected":false},"author":1,"featured_media":0,"parent":0,"menu_order":1,"comment_status":"closed","ping_status":"closed","template":"","meta":{"_kad_blocks_custom_css":"","_kad_blocks_head_custom_js":"","_kad_blocks_body_custom_js":"","_kad_blocks_footer_custom_js":"","footnotes":"","_links_to":"","_links_to_target":""},"class_list":["post-11233","page","type-page","status-publish","hentry","wpbf-post"],"taxonomy_info":[],"featured_image_src_large":false,"author_info":{"display_name":"Elliot Sowersby","author_link":"#"},"comment_info":0,"_links":{"self":[{"href":"https:\/\/couponaffiliates.com\/de\/wp-json\/wp\/v2\/pages\/11233","targetHints":{"allow":["GET"]}}],"collection":[{"href":"https:\/\/couponaffiliates.com\/de\/wp-json\/wp\/v2\/pages"}],"about":[{"href":"https:\/\/couponaffiliates.com\/de\/wp-json\/wp\/v2\/types\/page"}],"author":[{"embeddable":true,"href":"https:\/\/couponaffiliates.com\/de\/wp-json\/wp\/v2\/users\/1"}],"replies":[{"embeddable":true,"href":"https:\/\/couponaffiliates.com\/de\/wp-json\/wp\/v2\/comments?post=11233"}],"version-history":[{"count":79,"href":"https:\/\/couponaffiliates.com\/de\/wp-json\/wp\/v2\/pages\/11233\/revisions"}],"predecessor-version":[{"id":19667,"href":"https:\/\/couponaffiliates.com\/de\/wp-json\/wp\/v2\/pages\/11233\/revisions\/19667"}],"wp:attachment":[{"href":"https:\/\/couponaffiliates.com\/de\/wp-json\/wp\/v2\/media?parent=11233"}],"curies":[{"name":"wp","href":"https:\/\/api.w.org\/{rel}","templated":true}]}}