{"id":14621,"date":"2023-09-29T18:17:54","date_gmt":"2023-09-29T18:17:54","guid":{"rendered":"http:\/\/a8759758b2.nxcli.io\/?page_id=14621"},"modified":"2023-09-29T18:28:25","modified_gmt":"2023-09-29T18:28:25","slug":"gpl-herunterladen","status":"publish","type":"page","link":"https:\/\/couponaffiliates.com\/de\/gpl-herunterladen\/","title":{"rendered":"Coupon Affiliates GPL - Was sollten Sie wissen?"},"content":{"rendered":"<p>Vielleicht erw\u00e4gen Sie, eine GPL-Version des Coupon Affiliates-Plugins f\u00fcr Ihre WooCommerce-Website \u00fcber eine GPL-Website zu erwerben. Auf den ersten Blick scheint es eine kosteng\u00fcnstige Wahl zu sein - ein Weg, die Funktionen des Plugins ohne die damit verbundenen Kosten zu nutzen.<\/p>\n\n\n\n<p>Dennoch ist es wichtig, sich \u00fcber die Herausforderungen und potenziellen Nachteile im Zusammenhang mit der Verwendung inoffizieller GPL-Versionen von Software im Klaren zu sein, die nicht immer der urspr\u00fcnglichen Absicht der Entwickler entsprechen.<\/p>\n\n\n\n<p>Hier beleuchten wir die Bedenken, die mit der Verwendung des GPL Coupon Affiliates Plugins verbunden sind und warum die Wahl der offiziellen Version die optimale Entscheidung f\u00fcr Ihr E-Commerce-Projekt sein k\u00f6nnte.<\/p>\n\n\n\n<div style=\"height:25px\" aria-hidden=\"true\" class=\"wp-block-spacer\"><\/div>\n\n\n\n<h2 class=\"wp-block-heading\">Bedenken in Bezug auf GPL Coupon Affiliates<\/h2>\n\n\n\n<p>Bei der Verwendung einer GPL-Version des Coupon Affiliates Plugins sind einige wichtige Punkte zu beachten:<\/p>\n\n\n\n<ul class=\"wp-block-list\">\n<li><strong>Sicherheitsprobleme:<\/strong> GPL-Plugins, die auf inoffiziellen GPL-Websites weiterverkauft werden, weisen mitunter weniger strenge Sicherheitspr\u00fcfungen auf, was das Risiko von Malware oder unvorhergesehenen Schwachstellen birgt. Dies kann die Integrit\u00e4t Ihrer Website und die Daten Ihrer Kunden gef\u00e4hrden.<\/li>\n<\/ul>\n\n\n\n<ul class=\"wp-block-list\">\n<li><strong>Verpasste Updates:<\/strong> GPL-Versionen von Plugins erhalten m\u00f6glicherweise nicht alle h\u00e4ufigen Updates, was zu Konflikten mit neueren Versionen von WooCommerce oder WordPress f\u00fchren kann.<\/li>\n<\/ul>\n\n\n\n<ul class=\"wp-block-list\">\n<li><strong>Reduzierte Unterst\u00fctzung:<\/strong> Die Annahme einer GPL-Version bedeutet, dass Sie keinen speziellen Entwickler-Support und keine Kundenunterst\u00fctzung erhalten, so dass Sie bei der Behebung von Problemen auf sich allein gestellt sind.<\/li>\n<\/ul>\n\n\n\n<ul class=\"wp-block-list\">\n<li><strong>M\u00f6gliche Funktions- und Leistungseinschr\u00e4nkungen:<\/strong> GPL-Versionen des Coupon Affiliates-Plugins k\u00f6nnen manchmal Fehler aufweisen, wichtige Funktionen fehlen oder andere Probleme haben, die die Effizienz Ihrer Website und die Benutzerfreundlichkeit beeintr\u00e4chtigen k\u00f6nnen.<\/li>\n<\/ul>\n\n\n\n<div style=\"height:25px\" aria-hidden=\"true\" class=\"wp-block-spacer\"><\/div>\n\n\n\n<h2 class=\"wp-block-heading\">Vorteile der Wahl des Authentic Coupon Affiliates Plugin<\/h2>\n\n\n\n<p>Der Umstieg auf die offizielle Version des Coupon Affiliates Plugins bringt zahlreiche Vorteile mit sich:<\/p>\n\n\n\n<ul class=\"wp-block-list\">\n<li><strong>Regelm\u00e4\u00dfige Upgrades<\/strong>: Das Original-Plugin garantiert Kompatibilit\u00e4t und erstklassige Leistung und bietet durch regelm\u00e4\u00dfige Updates Zugang zu den neuesten Funktionen.<\/li>\n\n\n\n<li><strong>Vorrangige Kundenbetreuung<\/strong>: Sie erhalten fachkundige Hilfe und Ressourcen f\u00fcr alle Probleme, um eine reibungslose und effiziente Nutzung zu gew\u00e4hrleisten.<\/li>\n\n\n\n<li><strong>Sicherheit und Seelenfrieden<\/strong>: Eine kostenlose 7-t\u00e4gige Testversion und eine 14-t\u00e4gige Geld-zur\u00fcck-Garantie erm\u00f6glichen es Ihnen, das Plugin risikofrei auszuprobieren und eine fundierte Entscheidung \u00fcber seine N\u00fctzlichkeit f\u00fcr Ihren Shop zu treffen.<\/li>\n\n\n\n<li><strong>Verbesserte Sicherheit<\/strong>: Sch\u00fctzen Sie Ihre Website vor Malware und Datenschutzverletzungen, um den Ruf Ihres Shops zu wahren und Kundeninformationen zu sch\u00fctzen.<\/li>\n\n\n\n<li><strong>Unterst\u00fctzung der zuk\u00fcnftigen Entwicklung<\/strong>: Mit dem Kauf des authentischen Plugins unterst\u00fctzen Sie die Entwickler und tragen zu zuk\u00fcnftigen Verbesserungen und Erweiterungen bei.<\/li>\n<\/ul>\n\n\n\n<div style=\"height:25px\" aria-hidden=\"true\" class=\"wp-block-spacer\"><\/div>\n\n\n\n<h2 class=\"wp-block-heading\">Sichern Sie Ihren WooCommerce-Shop mit dem Authentic Coupon Affiliates Plugin<\/h2>\n\n\n\n<p>Vermeiden Sie m\u00f6gliche Fallstricke, die mit GPL-Versionen des Coupon Affiliates-Plugins verbunden sind.<\/p>\n\n\n\n<p>W\u00e4hlen Sie das offizielle Plugin f\u00fcr ein robustes, rationalisiertes und m\u00fcheloses Affiliate-System.<\/p>\n\n\n\n<p>Nutzen Sie unsere 7-Tage-Testversion und die 14-Tage-R\u00fcckerstattungsregelung, um die Funktionen des Plugins risikofrei zu testen.<\/p>\n\n\n\n<div style=\"height:25px\" aria-hidden=\"true\" class=\"wp-block-spacer\"><\/div>\n\n\n\n<div class=\"wp-block-buttons is-layout-flex wp-block-buttons-is-layout-flex\">\n<div class=\"wp-block-button has-custom-font-size is-style-fill has-large-font-size\" style=\"font-style:normal;font-weight:400\"><a class=\"wp-block-button__link has-white-color has-text-color has-background wp-element-button\" href=\"\/de\/preisgestaltung\/\" style=\"background-color:#323232\">JETZT AUSPROBIEREN - 7 TAGE LANG KOSTENLOS<\/a><\/div>\n<\/div>\n\n\n\n<div style=\"height:25px\" aria-hidden=\"true\" class=\"wp-block-spacer\"><\/div>","protected":false},"excerpt":{"rendered":"<p>Vielleicht erw\u00e4gen Sie, eine GPL-Version des Coupon Affiliates-Plugins f\u00fcr Ihre WooCommerce-Website \u00fcber eine GPL-Website zu erwerben. Auf den ersten Blick scheint dies eine kosteng\u00fcnstige Wahl zu sein - ein Weg, die Funktionen des Plugins ohne die damit verbundenen Kosten zu nutzen. Dennoch ist es wichtig, die Herausforderungen und potenziellen Nachteile zu verstehen, die mit [...]<\/p>","protected":false},"author":1,"featured_media":0,"parent":0,"menu_order":21,"comment_status":"closed","ping_status":"closed","template":"","meta":{"_kad_blocks_custom_css":"","_kad_blocks_head_custom_js":"","_kad_blocks_body_custom_js":"","_kad_blocks_footer_custom_js":"","footnotes":"","_links_to":"","_links_to_target":""},"class_list":["post-14621","page","type-page","status-publish","hentry","wpbf-post"],"taxonomy_info":[],"featured_image_src_large":false,"author_info":{"display_name":"Elliot Sowersby","author_link":"#"},"comment_info":0,"_links":{"self":[{"href":"https:\/\/couponaffiliates.com\/de\/wp-json\/wp\/v2\/pages\/14621","targetHints":{"allow":["GET"]}}],"collection":[{"href":"https:\/\/couponaffiliates.com\/de\/wp-json\/wp\/v2\/pages"}],"about":[{"href":"https:\/\/couponaffiliates.com\/de\/wp-json\/wp\/v2\/types\/page"}],"author":[{"embeddable":true,"href":"https:\/\/couponaffiliates.com\/de\/wp-json\/wp\/v2\/users\/1"}],"replies":[{"embeddable":true,"href":"https:\/\/couponaffiliates.com\/de\/wp-json\/wp\/v2\/comments?post=14621"}],"version-history":[{"count":6,"href":"https:\/\/couponaffiliates.com\/de\/wp-json\/wp\/v2\/pages\/14621\/revisions"}],"predecessor-version":[{"id":14631,"href":"https:\/\/couponaffiliates.com\/de\/wp-json\/wp\/v2\/pages\/14621\/revisions\/14631"}],"wp:attachment":[{"href":"https:\/\/couponaffiliates.com\/de\/wp-json\/wp\/v2\/media?parent=14621"}],"curies":[{"name":"wp","href":"https:\/\/api.w.org\/{rel}","templated":true}]}}