{"id":21125,"date":"2025-06-10T10:59:19","date_gmt":"2025-06-10T10:59:19","guid":{"rendered":"https:\/\/couponaffiliates.com\/?page_id=21125"},"modified":"2025-07-04T13:29:56","modified_gmt":"2025-07-04T13:29:56","slug":"eine-schwachstelle-melden","status":"publish","type":"page","link":"https:\/\/couponaffiliates.com\/de\/eine-schwachstelle-melden\/","title":{"rendered":"Wie kann ich Sicherheitsl\u00fccken melden?"},"content":{"rendered":"<p>Sie k\u00f6nnen Sicherheitsl\u00fccken \u00fcber das Patchstack-Programm zur Offenlegung von Schwachstellen melden.<\/p>\n\n\n\n<p>Das Patchstack-Team hilft bei der Validierung, Sichtung und Behandlung von Sicherheitsl\u00fccken.<\/p>\n\n\n\n<p><a href=\"https:\/\/patchstack.com\/database\/vdp\/9e5fb610-859b-44d5-95a4-697c049fa837\" target=\"_blank\" rel=\"noopener\"><strong><span style=\"text-decoration: underline;\">Melden Sie eine Sicherheitsl\u00fccke.<\/span><\/strong><\/a><\/p>\n\n\n\n<iframe width=\"500\" height=\"700\" src=\"https:\/\/vdp.patchstack.com\/iframe\/vendor?uuids=9e5fb610-859b-44d5-95a4-697c049fa837&#038;theme=light\" style=\"width: 100%;\"><\/iframe>","protected":false},"excerpt":{"rendered":"<p>Sie k\u00f6nnen Sicherheitsl\u00fccken \u00fcber das Patchstack Vulnerability Disclosure Program melden. Das Patchstack-Team hilft bei der Validierung, Sichtung und Behandlung von Sicherheitsl\u00fccken. Melden Sie eine Sicherheitsl\u00fccke.<\/p>","protected":false},"author":1,"featured_media":0,"parent":0,"menu_order":0,"comment_status":"closed","ping_status":"closed","template":"","meta":{"_kad_blocks_custom_css":"","_kad_blocks_head_custom_js":"","_kad_blocks_body_custom_js":"","_kad_blocks_footer_custom_js":"","footnotes":"","_links_to":"","_links_to_target":""},"class_list":["post-21125","page","type-page","status-publish","hentry","wpbf-post"],"taxonomy_info":[],"featured_image_src_large":false,"author_info":{"display_name":"Elliot Sowersby","author_link":"#"},"comment_info":0,"_links":{"self":[{"href":"https:\/\/couponaffiliates.com\/de\/wp-json\/wp\/v2\/pages\/21125","targetHints":{"allow":["GET"]}}],"collection":[{"href":"https:\/\/couponaffiliates.com\/de\/wp-json\/wp\/v2\/pages"}],"about":[{"href":"https:\/\/couponaffiliates.com\/de\/wp-json\/wp\/v2\/types\/page"}],"author":[{"embeddable":true,"href":"https:\/\/couponaffiliates.com\/de\/wp-json\/wp\/v2\/users\/1"}],"replies":[{"embeddable":true,"href":"https:\/\/couponaffiliates.com\/de\/wp-json\/wp\/v2\/comments?post=21125"}],"version-history":[{"count":8,"href":"https:\/\/couponaffiliates.com\/de\/wp-json\/wp\/v2\/pages\/21125\/revisions"}],"predecessor-version":[{"id":21403,"href":"https:\/\/couponaffiliates.com\/de\/wp-json\/wp\/v2\/pages\/21125\/revisions\/21403"}],"wp:attachment":[{"href":"https:\/\/couponaffiliates.com\/de\/wp-json\/wp\/v2\/media?parent=21125"}],"curies":[{"name":"wp","href":"https:\/\/api.w.org\/{rel}","templated":true}]}}