{"id":6157,"date":"2021-11-15T12:04:11","date_gmt":"2021-11-15T12:04:11","guid":{"rendered":"http:\/\/a8759758b2.nxcli.io\/?page_id=6157"},"modified":"2022-02-07T01:59:34","modified_gmt":"2022-02-07T01:59:34","slug":"plane-vergleichen","status":"publish","type":"page","link":"https:\/\/couponaffiliates.com\/de\/plane-vergleichen\/","title":{"rendered":"Pl\u00e4ne vergleichen"},"content":{"rendered":"<p>Anfang 2022 werden wir unser Produkt in 3 verschiedene Pakete aufteilen.<\/p>\n\n\n\n<p>Bestehende aktive Abonnements werden beibehalten. Die neuen Pl\u00e4ne wirken sich nur auf neue Abonnements aus. <\/p>\n\n\n\n<p>Hier ist eine erste Vorschau auf die kommenden Pl\u00e4ne (\u00c4nderungen vorbehalten):<\/p>\n\n\n<p>[ARPrice id=100]<\/p>","protected":false},"excerpt":{"rendered":"<p>Anfang 2022 werden wir unser Produkt in 3 verschiedene verf\u00fcgbare Pakete aufteilen. Bestehende aktive Abonnements werden beibehalten. Die neuen Pl\u00e4ne werden nur neue Abonnements betreffen. Hier ist eine erste Vorschau auf die kommenden Pl\u00e4ne (\u00c4nderungen vorbehalten):<\/p>","protected":false},"author":1,"featured_media":0,"parent":0,"menu_order":43,"comment_status":"closed","ping_status":"closed","template":"","meta":{"_kad_blocks_custom_css":"","_kad_blocks_head_custom_js":"","_kad_blocks_body_custom_js":"","_kad_blocks_footer_custom_js":"","footnotes":"","_links_to":"","_links_to_target":""},"class_list":["post-6157","page","type-page","status-publish","hentry","wpbf-post"],"taxonomy_info":[],"featured_image_src_large":false,"author_info":{"display_name":"Elliot Sowersby","author_link":"#"},"comment_info":0,"_links":{"self":[{"href":"https:\/\/couponaffiliates.com\/de\/wp-json\/wp\/v2\/pages\/6157","targetHints":{"allow":["GET"]}}],"collection":[{"href":"https:\/\/couponaffiliates.com\/de\/wp-json\/wp\/v2\/pages"}],"about":[{"href":"https:\/\/couponaffiliates.com\/de\/wp-json\/wp\/v2\/types\/page"}],"author":[{"embeddable":true,"href":"https:\/\/couponaffiliates.com\/de\/wp-json\/wp\/v2\/users\/1"}],"replies":[{"embeddable":true,"href":"https:\/\/couponaffiliates.com\/de\/wp-json\/wp\/v2\/comments?post=6157"}],"version-history":[{"count":9,"href":"https:\/\/couponaffiliates.com\/de\/wp-json\/wp\/v2\/pages\/6157\/revisions"}],"predecessor-version":[{"id":7617,"href":"https:\/\/couponaffiliates.com\/de\/wp-json\/wp\/v2\/pages\/6157\/revisions\/7617"}],"wp:attachment":[{"href":"https:\/\/couponaffiliates.com\/de\/wp-json\/wp\/v2\/media?parent=6157"}],"curies":[{"name":"wp","href":"https:\/\/api.w.org\/{rel}","templated":true}]}}