{"id":6251,"date":"2021-11-18T12:15:10","date_gmt":"2021-11-18T12:15:10","guid":{"rendered":"http:\/\/a8759758b2.nxcli.io\/?page_id=6251"},"modified":"2021-11-21T12:28:08","modified_gmt":"2021-11-21T12:28:08","slug":"umfrage","status":"publish","type":"page","link":"https:\/\/couponaffiliates.com\/de\/umfrage\/","title":{"rendered":"Coupon Affiliates - Umfrage"},"content":{"rendered":"<div data-elementor-type=\"wp-page\" data-elementor-id=\"6251\" class=\"elementor elementor-6251\" data-elementor-post-type=\"page\">\n\t\t\t\t\t\t<section class=\"elementor-section elementor-top-section elementor-element elementor-element-0c4d6dc elementor-section-boxed elementor-section-height-default elementor-section-height-default\" data-id=\"0c4d6dc\" data-element_type=\"section\" data-e-type=\"section\">\n\t\t\t\t\t\t<div class=\"elementor-container elementor-column-gap-default\">\n\t\t\t\t\t<div class=\"elementor-column elementor-col-100 elementor-top-column elementor-element elementor-element-92dd4d3\" data-id=\"92dd4d3\" data-element_type=\"column\" data-e-type=\"column\">\n\t\t\t<div class=\"elementor-widget-wrap elementor-element-populated\">\n\t\t\t\t\t\t<div class=\"elementor-element elementor-element-054690c elementor-widget elementor-widget-text-editor\" data-id=\"054690c\" data-element_type=\"widget\" data-e-type=\"widget\" data-widget_type=\"text-editor.default\">\n\t\t\t\t<div class=\"elementor-widget-container\">\n\t\t\t\t\t\t\t\t\t<p>Verwenden Sie derzeit Coupon Affiliates PRO in Ihrem WooCommerce-Shop?<\/p><p>Bitte helfen Sie uns, das Plugin zu verbessern, indem Sie sich 2 Minuten Zeit nehmen und die untenstehende Umfrage ausf\u00fcllen. Wir freuen uns \u00fcber jedes Feedback!<\/p>\t\t\t\t\t\t\t\t<\/div>\n\t\t\t\t<\/div>\n\t\t\t\t<div class=\"elementor-element elementor-element-dad410c elementor-button-align-stretch elementor-widget elementor-widget-form\" data-id=\"dad410c\" data-element_type=\"widget\" data-e-type=\"widget\" data-settings=\"{&quot;step_next_label&quot;:&quot;Next&quot;,&quot;step_previous_label&quot;:&quot;Previous&quot;,&quot;button_width&quot;:&quot;100&quot;,&quot;step_type&quot;:&quot;number_text&quot;,&quot;step_icon_shape&quot;:&quot;circle&quot;}\" data-widget_type=\"form.default\">\n\t\t\t\t<div class=\"elementor-widget-container\">\n\t\t\t\t\t\t\t<form class=\"elementor-form\" method=\"post\" name=\"New Form\" aria-label=\"Neue Form\" action=\"\">\n\t\t\t<input type=\"hidden\" name=\"post_id\" value=\"6251\"\/>\n\t\t\t<input type=\"hidden\" name=\"form_id\" value=\"dad410c\"\/>\n\t\t\t<input type=\"hidden\" name=\"referer_title\" value=\"Coupon Affiliates - Survey - Coupon Affiliates\" \/>\n\n\t\t\t\t\t\t\t<input type=\"hidden\" name=\"queried_id\" value=\"6251\"\/>\n\t\t\t\n\t\t\t<div class=\"elementor-form-fields-wrapper elementor-labels-above\">\n\t\t\t\t\t\t\t\t<div class=\"elementor-field-type-text elementor-field-group elementor-column elementor-field-group-name elementor-col-100\">\n\t\t\t\t\t\t\t\t\t\t\t\t<label for=\"form-field-name\" class=\"elementor-field-label\">\n\t\t\t\t\t\t\t\tName\t\t\t\t\t\t\t<\/label>\n\t\t\t\t\t\t\t\t\t\t\t\t\t\t<input size=\"1\" type=\"text\" name=\"form_fields[name]\" id=\"form-field-name\" class=\"elementor-field elementor-size-md  elementor-field-textual\">\n\t\t\t\t\t\t\t\t\t\t\t<\/div>\n\t\t\t\t\t\t\t\t<div class=\"elementor-field-type-email elementor-field-group elementor-column elementor-field-group-email elementor-col-100 elementor-field-required\">\n\t\t\t\t\t\t\t\t\t\t\t\t<label for=\"form-field-email\" class=\"elementor-field-label\">\n\t\t\t\t\t\t\t\tE-Mail Adresse\t\t\t\t\t\t\t<\/label>\n\t\t\t\t\t\t\t\t\t\t\t\t\t\t<input size=\"1\" type=\"email\" name=\"form_fields[email]\" id=\"form-field-email\" class=\"elementor-field elementor-size-md  elementor-field-textual\" required=\"required\">\n\t\t\t\t\t\t\t\t\t\t\t<\/div>\n\t\t\t\t\t\t\t\t<div class=\"elementor-field-type-select elementor-field-group elementor-column elementor-field-group-field_cf5dba5 elementor-col-100\">\n\t\t\t\t\t\t\t\t\t\t\t\t<label for=\"form-field-field_cf5dba5\" class=\"elementor-field-label\">\n\t\t\t\t\t\t\t\tWas ist Ihr Lieblingsmerkmal bei PRO?\t\t\t\t\t\t\t<\/label>\n\t\t\t\t\t\t\t\t<div class=\"elementor-field elementor-select-wrapper remove-before\">\n\t\t\t<div class=\"select-caret-down-wrapper\">\n\t\t\t\t<i aria-hidden=\"true\" class=\"eicon-caret-down\"><\/i>\t\t\t<\/div>\n\t\t\t<select name=\"form_fields[field_cf5dba5]\" id=\"form-field-field_cf5dba5\" class=\"elementor-field-textual elementor-size-md\">\n\t\t\t\t\t\t\t\t\t<option value=\"\"><\/option>\n\t\t\t\t\t\t\t\t\t<option value=\"Monthly Orders Stats Table\">Monatliche Auftragsstatistik Tabelle<\/option>\n\t\t\t\t\t\t\t\t\t<option value=\"Commission Line Graphs\">Liniendiagramme der Kommission<\/option>\n\t\t\t\t\t\t\t\t\t<option value=\"Export Order Tables To Excel File\">Auftragstabellen in Excel-Datei exportieren<\/option>\n\t\t\t\t\t\t\t\t\t<option value=\"Creatives Section\">Sektion Kreative<\/option>\n\t\t\t\t\t\t\t\t\t<option value=\"Custom Dashboard Tabs \/ Sections\">Benutzerdefinierte Dashboard-Registerkarten \/ Abschnitte<\/option>\n\t\t\t\t\t\t\t\t\t<option value=\"Unpaid Commission Tracking\">Verfolgung unbezahlter Provisionen<\/option>\n\t\t\t\t\t\t\t\t\t<option value=\"Commission Payout Requests\">Antr\u00e4ge auf Provisionsauszahlung<\/option>\n\t\t\t\t\t\t\t\t\t<option value=\"One-Click Stripe Payouts\">Ein-Klick-Streifen-Auszahlungen<\/option>\n\t\t\t\t\t\t\t\t\t<option value=\"One-Click PayPal Payouts\">PayPal-Zahlungen mit einem Mausklick<\/option>\n\t\t\t\t\t\t\t\t\t<option value=\"Scheduled Payout Requests\">Geplante Auszahlungsantr\u00e4ge<\/option>\n\t\t\t\t\t\t\t\t\t<option value=\"Payout Threshold &amp; Commission Delay\">Auszahlungsschwelle &amp; Provisionsverz\u00f6gerung<\/option>\n\t\t\t\t\t\t\t\t\t<option value=\"Invoices For Payouts\">Rechnungen f\u00fcr Auszahlungen<\/option>\n\t\t\t\t\t\t\t\t\t<option value=\"PDF Statements For Payouts\">PDF-Ausz\u00fcge f\u00fcr Auszahlungen<\/option>\n\t\t\t\t\t\t\t\t\t<option value=\"Commission Per Product &amp; Coupon\">Provision pro Produkt &amp; Coupon<\/option>\n\t\t\t\t\t\t\t\t\t<option value=\"Lifetime Commission\">Kommission auf Lebenszeit<\/option>\n\t\t\t\t\t\t\t\t\t<option value=\"Campaigns\">Kampagnen<\/option>\n\t\t\t\t\t\t\t\t\t<option value=\"Social Sharing\">Soziale Teilhabe<\/option>\n\t\t\t\t\t\t\t\t\t<option value=\"Short URL Generator\">Kurz-URL-Generator<\/option>\n\t\t\t\t\t\t\t\t\t<option value=\"QR Code Generator\">QR-Code-Generator<\/option>\n\t\t\t\t\t\t\t\t\t<option value=\"Affiliate Landing Pages\">Affiliate Landing Pages<\/option>\n\t\t\t\t\t\t\t\t\t<option value=\"Advanced Admin Reports &amp; Analytics\">Erweiterte Verwaltungsberichte und Analysen<\/option>\n\t\t\t\t\t\t\t\t\t<option value=\"Affiliate Email &amp; PDF Reports\">Partner-E-Mails und PDF-Berichte<\/option>\n\t\t\t\t\t\t\t\t\t<option value=\"Affiliate Registration Forms\">Anmeldeformulare f\u00fcr Partner<\/option>\n\t\t\t\t\t\t\t<\/select>\n\t\t<\/div>\n\t\t\t\t\t\t<\/div>\n\t\t\t\t\t\t\t\t<div class=\"elementor-field-type-checkbox elementor-field-group elementor-column elementor-field-group-field_28abf1a elementor-col-100\">\n\t\t\t\t\t\t\t\t\t\t\t\t<label for=\"form-field-field_28abf1a\" class=\"elementor-field-label\">\n\t\t\t\t\t\t\t\tBitte w\u00e4hlen Sie bis zu 5 Funktionen des Plugins aus, die f\u00fcr Sie am wichtigsten sind:\t\t\t\t\t\t\t<\/label>\n\t\t\t\t\t\t<div class=\"elementor-field-subgroup\"><span class=\"elementor-field-option\"><input type=\"checkbox\" value=\"Coupon Usage Statistics &amp; Commission Calculations\" id=\"form-field-field_28abf1a-0\" name=\"form_fields[field_28abf1a][]\"> <label for=\"form-field-field_28abf1a-0\">Coupon-Nutzungsstatistiken &amp; Provisionsberechnungen<\/label><\/span><span class=\"elementor-field-option\"><input type=\"checkbox\" value=\"Recent Orders Table For Coupons\" id=\"form-field-field_28abf1a-1\" name=\"form_fields[field_28abf1a][]\"> <label for=\"form-field-field_28abf1a-1\">Tabelle der letzten Bestellungen f\u00fcr Gutscheine<\/label><\/span><span class=\"elementor-field-option\"><input type=\"checkbox\" value=\"Monthly Orders Stats Table\" id=\"form-field-field_28abf1a-2\" name=\"form_fields[field_28abf1a][]\"> <label for=\"form-field-field_28abf1a-2\">Monatliche Auftragsstatistik Tabelle<\/label><\/span><span class=\"elementor-field-option\"><input type=\"checkbox\" value=\"Commission Line Graphs\" id=\"form-field-field_28abf1a-3\" name=\"form_fields[field_28abf1a][]\"> <label for=\"form-field-field_28abf1a-3\">Liniendiagramme der Kommission<\/label><\/span><span class=\"elementor-field-option\"><input type=\"checkbox\" value=\"Export Order Tables To Excel File\" id=\"form-field-field_28abf1a-4\" name=\"form_fields[field_28abf1a][]\"> <label for=\"form-field-field_28abf1a-4\">Auftragstabellen in Excel-Datei exportieren<\/label><\/span><span class=\"elementor-field-option\"><input type=\"checkbox\" value=\"Creatives Section\" id=\"form-field-field_28abf1a-5\" name=\"form_fields[field_28abf1a][]\"> <label for=\"form-field-field_28abf1a-5\">Sektion Kreative<\/label><\/span><span class=\"elementor-field-option\"><input type=\"checkbox\" value=\"Custom Dashboard Tabs \/ Sections\" id=\"form-field-field_28abf1a-6\" name=\"form_fields[field_28abf1a][]\"> <label for=\"form-field-field_28abf1a-6\">Benutzerdefinierte Dashboard-Registerkarten \/ Abschnitte<\/label><\/span><span class=\"elementor-field-option\"><input type=\"checkbox\" value=\"Unpaid Commission Tracking\" id=\"form-field-field_28abf1a-7\" name=\"form_fields[field_28abf1a][]\"> <label for=\"form-field-field_28abf1a-7\">Verfolgung unbezahlter Provisionen<\/label><\/span><span class=\"elementor-field-option\"><input type=\"checkbox\" value=\"Commission Payout Requests\" id=\"form-field-field_28abf1a-8\" name=\"form_fields[field_28abf1a][]\"> <label for=\"form-field-field_28abf1a-8\">Antr\u00e4ge auf Provisionsauszahlung<\/label><\/span><span class=\"elementor-field-option\"><input type=\"checkbox\" value=\"One-Click Stripe Payouts\" id=\"form-field-field_28abf1a-9\" name=\"form_fields[field_28abf1a][]\"> <label for=\"form-field-field_28abf1a-9\">Ein-Klick-Streifen-Auszahlungen<\/label><\/span><span class=\"elementor-field-option\"><input type=\"checkbox\" value=\"One-Click PayPal Payouts\" id=\"form-field-field_28abf1a-10\" name=\"form_fields[field_28abf1a][]\"> <label for=\"form-field-field_28abf1a-10\">PayPal-Zahlungen mit einem Mausklick<\/label><\/span><span class=\"elementor-field-option\"><input type=\"checkbox\" value=\"Scheduled Payout Requests\" id=\"form-field-field_28abf1a-11\" name=\"form_fields[field_28abf1a][]\"> <label for=\"form-field-field_28abf1a-11\">Geplante Auszahlungsantr\u00e4ge<\/label><\/span><span class=\"elementor-field-option\"><input type=\"checkbox\" value=\"Payout Threshold &amp; Commission Delay\" id=\"form-field-field_28abf1a-12\" name=\"form_fields[field_28abf1a][]\"> <label for=\"form-field-field_28abf1a-12\">Auszahlungsschwelle &amp; Provisionsverz\u00f6gerung<\/label><\/span><span class=\"elementor-field-option\"><input type=\"checkbox\" value=\"Invoices For Payouts\" id=\"form-field-field_28abf1a-13\" name=\"form_fields[field_28abf1a][]\"> <label for=\"form-field-field_28abf1a-13\">Rechnungen f\u00fcr Auszahlungen<\/label><\/span><span class=\"elementor-field-option\"><input type=\"checkbox\" value=\"PDF Statements For Payouts\" id=\"form-field-field_28abf1a-14\" name=\"form_fields[field_28abf1a][]\"> <label for=\"form-field-field_28abf1a-14\">PDF-Ausz\u00fcge f\u00fcr Auszahlungen<\/label><\/span><span class=\"elementor-field-option\"><input type=\"checkbox\" value=\"Commission Per Product &amp; Coupon\" id=\"form-field-field_28abf1a-15\" name=\"form_fields[field_28abf1a][]\"> <label for=\"form-field-field_28abf1a-15\">Provision pro Produkt &amp; Coupon<\/label><\/span><span class=\"elementor-field-option\"><input type=\"checkbox\" value=\"Lifetime Commission\" id=\"form-field-field_28abf1a-16\" name=\"form_fields[field_28abf1a][]\"> <label for=\"form-field-field_28abf1a-16\">Kommission auf Lebenszeit<\/label><\/span><span class=\"elementor-field-option\"><input type=\"checkbox\" value=\"Referral URLs &amp; Click Tracking \/ Auto Apply Coupon Via Referral URL\" id=\"form-field-field_28abf1a-17\" name=\"form_fields[field_28abf1a][]\"> <label for=\"form-field-field_28abf1a-17\">Referral URLs &amp; Click Tracking \/ Coupon automatisch \u00fcber Referral URL anwenden<\/label><\/span><span class=\"elementor-field-option\"><input type=\"checkbox\" value=\"Referral URL Cookie Duration\" id=\"form-field-field_28abf1a-18\" name=\"form_fields[field_28abf1a][]\"> <label for=\"form-field-field_28abf1a-18\">Verweis-URL Cookie Dauer<\/label><\/span><span class=\"elementor-field-option\"><input type=\"checkbox\" value=\"Campaigns\" id=\"form-field-field_28abf1a-19\" name=\"form_fields[field_28abf1a][]\"> <label for=\"form-field-field_28abf1a-19\">Kampagnen<\/label><\/span><span class=\"elementor-field-option\"><input type=\"checkbox\" value=\"Social Sharing\" id=\"form-field-field_28abf1a-20\" name=\"form_fields[field_28abf1a][]\"> <label for=\"form-field-field_28abf1a-20\">Soziale Teilhabe<\/label><\/span><span class=\"elementor-field-option\"><input type=\"checkbox\" value=\"Short URL Generator\" id=\"form-field-field_28abf1a-21\" name=\"form_fields[field_28abf1a][]\"> <label for=\"form-field-field_28abf1a-21\">Kurz-URL-Generator<\/label><\/span><span class=\"elementor-field-option\"><input type=\"checkbox\" value=\"QR Code Generator\" id=\"form-field-field_28abf1a-22\" name=\"form_fields[field_28abf1a][]\"> <label for=\"form-field-field_28abf1a-22\">QR-Code-Generator<\/label><\/span><span class=\"elementor-field-option\"><input type=\"checkbox\" value=\"Affiliate Landing Pages\" id=\"form-field-field_28abf1a-23\" name=\"form_fields[field_28abf1a][]\"> <label for=\"form-field-field_28abf1a-23\">Affiliate Landing Pages<\/label><\/span><span class=\"elementor-field-option\"><input type=\"checkbox\" value=\"Admin Reports &amp; Analytics\" id=\"form-field-field_28abf1a-24\" name=\"form_fields[field_28abf1a][]\"> <label for=\"form-field-field_28abf1a-24\">Verwaltungsberichte &amp; Analysen<\/label><\/span><span class=\"elementor-field-option\"><input type=\"checkbox\" value=\"Affiliate Email &amp; PDF Reports\" id=\"form-field-field_28abf1a-25\" name=\"form_fields[field_28abf1a][]\"> <label for=\"form-field-field_28abf1a-25\">Partner-E-Mails und PDF-Berichte<\/label><\/span><span class=\"elementor-field-option\"><input type=\"checkbox\" value=\"Affiliate Email Notifications\" id=\"form-field-field_28abf1a-26\" name=\"form_fields[field_28abf1a][]\"> <label for=\"form-field-field_28abf1a-26\">E-Mail-Benachrichtigungen f\u00fcr Partner<\/label><\/span><span class=\"elementor-field-option\"><input type=\"checkbox\" value=\"Affiliate Registration Forms\" id=\"form-field-field_28abf1a-27\" name=\"form_fields[field_28abf1a][]\"> <label for=\"form-field-field_28abf1a-27\">Anmeldeformulare f\u00fcr Partner<\/label><\/span><span class=\"elementor-field-option\"><input type=\"checkbox\" value=\"Automatic Or Manual Approvals\" id=\"form-field-field_28abf1a-28\" name=\"form_fields[field_28abf1a][]\"> <label for=\"form-field-field_28abf1a-28\">Automatische oder manuelle Zulassungen<\/label><\/span><span class=\"elementor-field-option\"><input type=\"checkbox\" value=\"Automatic Coupon Creation\" id=\"form-field-field_28abf1a-29\" name=\"form_fields[field_28abf1a][]\"> <label for=\"form-field-field_28abf1a-29\">Automatische Coupon-Erstellung<\/label><\/span><span class=\"elementor-field-option\"><input type=\"checkbox\" value=\"Multi-Currency Support\" id=\"form-field-field_28abf1a-30\" name=\"form_fields[field_28abf1a][]\"> <label for=\"form-field-field_28abf1a-30\">Unterst\u00fctzung mehrerer W\u00e4hrungen<\/label><\/span><span class=\"elementor-field-option\"><input type=\"checkbox\" value=\"Automatic Refund Handling\" id=\"form-field-field_28abf1a-31\" name=\"form_fields[field_28abf1a][]\"> <label for=\"form-field-field_28abf1a-31\">Automatische Erstattungsabwicklung<\/label><\/span><span class=\"elementor-field-option\"><input type=\"checkbox\" value=\"Subscriptions Support\" id=\"form-field-field_28abf1a-32\" name=\"form_fields[field_28abf1a][]\"> <label for=\"form-field-field_28abf1a-32\">Unterst\u00fctzung von Abonnements<\/label><\/span><\/div>\t\t\t\t<\/div>\n\t\t\t\t\t\t\t\t<div class=\"elementor-field-type-textarea elementor-field-group elementor-column elementor-field-group-message elementor-col-100\">\n\t\t\t\t\t\t\t\t\t\t\t\t<label for=\"form-field-message\" class=\"elementor-field-label\">\n\t\t\t\t\t\t\t\tGibt es noch etwas, das Sie dazu bewogen hat, unser Plugin f\u00fcr Ihr Affiliate-System zu verwenden?\t\t\t\t\t\t\t<\/label>\n\t\t\t\t\t\t<textarea class=\"elementor-field-textual elementor-field  elementor-size-md\" name=\"form_fields[message]\" id=\"form-field-message\" rows=\"4\"><\/textarea>\t\t\t\t<\/div>\n\t\t\t\t\t\t\t\t<div class=\"elementor-field-type-textarea elementor-field-group elementor-column elementor-field-group-field_1921c0c elementor-col-100\">\n\t\t\t\t\t\t\t\t\t\t\t\t<label for=\"form-field-field_1921c0c\" class=\"elementor-field-label\">\n\t\t\t\t\t\t\t\tHaben Sie bei der Einrichtung des Plugins Schwierigkeiten oder Unklarheiten festgestellt?\t\t\t\t\t\t\t<\/label>\n\t\t\t\t\t\t<textarea class=\"elementor-field-textual elementor-field  elementor-size-md\" name=\"form_fields[field_1921c0c]\" id=\"form-field-field_1921c0c\" rows=\"4\"><\/textarea>\t\t\t\t<\/div>\n\t\t\t\t\t\t\t\t<div class=\"elementor-field-type-select elementor-field-group elementor-column elementor-field-group-field_0bc1e77 elementor-col-100\">\n\t\t\t\t\t\t\t\t\t\t\t\t<label for=\"form-field-field_0bc1e77\" class=\"elementor-field-label\">\n\t\t\t\t\t\t\t\tAuf welche der folgenden geplanten Funktionen freuen Sie sich am meisten?\t\t\t\t\t\t\t<\/label>\n\t\t\t\t\t\t\t\t<div class=\"elementor-field elementor-select-wrapper remove-before\">\n\t\t\t<div class=\"select-caret-down-wrapper\">\n\t\t\t\t<i aria-hidden=\"true\" class=\"eicon-caret-down\"><\/i>\t\t\t<\/div>\n\t\t\t<select name=\"form_fields[field_0bc1e77]\" id=\"form-field-field_0bc1e77\" class=\"elementor-field-textual elementor-size-md\">\n\t\t\t\t\t\t\t\t\t<option value=\"\"><\/option>\n\t\t\t\t\t\t\t\t\t<option value=\"Payout As Store Credit\">Auszahlung als Ladenguthaben<\/option>\n\t\t\t\t\t\t\t\t\t<option value=\"Direct Link Tracking\">Direktes Link-Tracking<\/option>\n\t\t\t\t\t\t\t\t\t<option value=\"Performance Bonuses\">Leistungspr\u00e4mien<\/option>\n\t\t\t\t\t\t\t\t\t<option value=\"Custom Fields For Registration Form\">Benutzerdefinierte Felder f\u00fcr das Registrierungsformular<\/option>\n\t\t\t\t\t\t\t\t\t<option value=\"Push Notifications\">Push-Benachrichtigungen<\/option>\n\t\t\t\t\t\t\t\t\t<option value=\"Assign Multiple Users\">Mehrere Benutzer zuweisen<\/option>\n\t\t\t\t\t\t\t<\/select>\n\t\t<\/div>\n\t\t\t\t\t\t<\/div>\n\t\t\t\t\t\t\t\t<div class=\"elementor-field-type-textarea elementor-field-group elementor-column elementor-field-group-field_187c37d elementor-col-100\">\n\t\t\t\t\t\t\t\t\t\t\t\t<label for=\"form-field-field_187c37d\" class=\"elementor-field-label\">\n\t\t\t\t\t\t\t\tHaben Sie weitere Funktionsvorschl\u00e4ge f\u00fcr das Plugin? Was w\u00fcrden Sie gerne in der Zukunft hinzugef\u00fcgt sehen?\t\t\t\t\t\t\t<\/label>\n\t\t\t\t\t\t<textarea class=\"elementor-field-textual elementor-field  elementor-size-md\" name=\"form_fields[field_187c37d]\" id=\"form-field-field_187c37d\" rows=\"4\"><\/textarea>\t\t\t\t<\/div>\n\t\t\t\t\t\t\t\t<div class=\"elementor-field-type-textarea elementor-field-group elementor-column elementor-field-group-field_9dbc09d elementor-col-100\">\n\t\t\t\t\t\t\t\t\t\t\t\t<label for=\"form-field-field_9dbc09d\" class=\"elementor-field-label\">\n\t\t\t\t\t\t\t\tHaben Sie weitere R\u00fcckmeldungen?\t\t\t\t\t\t\t<\/label>\n\t\t\t\t\t\t<textarea class=\"elementor-field-textual elementor-field  elementor-size-md\" name=\"form_fields[field_9dbc09d]\" id=\"form-field-field_9dbc09d\" rows=\"4\"><\/textarea>\t\t\t\t<\/div>\n\t\t\t\t\t\t\t\t<div class=\"elementor-field-type-html elementor-field-group elementor-column elementor-field-group-field_52f20d8 elementor-col-100\">\n\t\t\t\t\t<strong style=\"display: block; font-size: 18px; margin: 15px 0 0 0 !important;\">Eine Bewertung hinterlassen?<\/strong>Wenn Sie es noch nicht getan haben, k\u00f6nnten Sie uns bitte eine Bewertung hinterlassen auf <a href=\"https:\/\/wordpress.org\/support\/plugin\/woo-coupon-usage\/reviews\/#new-post\" target=\"_blank\" style=\"font-weight: bold;\" rel=\"noopener\">https:\/\/wordpress.org\/support\/plugin\/woo-coupon-usage\/reviews\/#new-post<\/a> \u00fcber Ihre allgemeinen Erfahrungen mit dem Coupon Affiliates Plugin? Wir w\u00fcrden das sehr zu sch\u00e4tzen wissen.<br\/><br\/>\t\t\t\t<\/div>\n\t\t\t\t\t\t\t\t<div class=\"elementor-field-group elementor-column elementor-field-type-submit elementor-col-100 e-form__buttons\">\n\t\t\t\t\t<button class=\"elementor-button elementor-size-sm\" type=\"submit\">\n\t\t\t\t\t\t<span class=\"elementor-button-content-wrapper\">\n\t\t\t\t\t\t\t\t\t\t\t\t\t\t\t\t\t\t\t\t\t\t<span class=\"elementor-button-text\">Einreichen<\/span>\n\t\t\t\t\t\t\t\t\t\t\t\t\t<\/span>\n\t\t\t\t\t<\/button>\n\t\t\t\t<\/div>\n\t\t\t<\/div>\n\t\t<input type=\"hidden\" name=\"trp-form-language\" value=\"de\"\/><\/form>\n\t\t\t\t\t\t<\/div>\n\t\t\t\t<\/div>\n\t\t\t\t\t<\/div>\n\t\t<\/div>\n\t\t\t\t\t<\/div>\n\t\t<\/section>\n\t\t\t\t<\/div>","protected":false},"excerpt":{"rendered":"<p>Verwenden Sie derzeit Coupon Affiliates PRO in Ihrem WooCommerce-Shop? Bitte helfen Sie uns, das Plugin zu verbessern, indem Sie sich 2 Minuten Zeit nehmen und die untenstehende Umfrage ausf\u00fcllen. Wir freuen uns \u00fcber jedes Feedback!<\/p>","protected":false},"author":1,"featured_media":0,"parent":0,"menu_order":24,"comment_status":"closed","ping_status":"closed","template":"","meta":{"_kad_blocks_custom_css":"","_kad_blocks_head_custom_js":"","_kad_blocks_body_custom_js":"","_kad_blocks_footer_custom_js":"","footnotes":"","_links_to":"","_links_to_target":""},"class_list":["post-6251","page","type-page","status-publish","hentry","wpbf-post"],"taxonomy_info":[],"featured_image_src_large":false,"author_info":{"display_name":"Elliot Sowersby","author_link":"#"},"comment_info":0,"_links":{"self":[{"href":"https:\/\/couponaffiliates.com\/de\/wp-json\/wp\/v2\/pages\/6251","targetHints":{"allow":["GET"]}}],"collection":[{"href":"https:\/\/couponaffiliates.com\/de\/wp-json\/wp\/v2\/pages"}],"about":[{"href":"https:\/\/couponaffiliates.com\/de\/wp-json\/wp\/v2\/types\/page"}],"author":[{"embeddable":true,"href":"https:\/\/couponaffiliates.com\/de\/wp-json\/wp\/v2\/users\/1"}],"replies":[{"embeddable":true,"href":"https:\/\/couponaffiliates.com\/de\/wp-json\/wp\/v2\/comments?post=6251"}],"version-history":[{"count":70,"href":"https:\/\/couponaffiliates.com\/de\/wp-json\/wp\/v2\/pages\/6251\/revisions"}],"predecessor-version":[{"id":6364,"href":"https:\/\/couponaffiliates.com\/de\/wp-json\/wp\/v2\/pages\/6251\/revisions\/6364"}],"wp:attachment":[{"href":"https:\/\/couponaffiliates.com\/de\/wp-json\/wp\/v2\/media?parent=6251"}],"curies":[{"name":"wp","href":"https:\/\/api.w.org\/{rel}","templated":true}]}}