{"id":6664,"date":"2021-11-28T14:10:41","date_gmt":"2021-11-28T14:10:41","guid":{"rendered":"http:\/\/a8759758b2.nxcli.io\/?page_id=6664"},"modified":"2023-12-03T22:35:28","modified_gmt":"2023-12-03T22:35:28","slug":"kontakt","status":"publish","type":"page","link":"https:\/\/couponaffiliates.com\/de\/kontakt\/","title":{"rendered":"Kontakt"},"content":{"rendered":"<p>Haben Sie eine Frage zum Coupon Affiliates Plugin oder ben\u00f6tigen Sie Hilfe bei den ersten Schritten?<\/p>\n\n\n\n<p>Bitte senden Sie uns eine Nachricht, wir helfen Ihnen gerne weiter!<\/p>\n\n\n\n<hr class=\"wp-block-separator has-css-opacity is-style-wide\"\/>\n\n\n\n<h2 class=\"wp-block-heading\"><strong>Kostenlose Unterst\u00fctzung<\/strong><\/h2>\n\n\n\n<p>Wenn Sie die KOSTENLOSE Version unseres Plugins verwenden, erstellen Sie bitte ein Support-Ticket \u00fcber die Schaltfl\u00e4che unten.<\/p>\n\n\n\n<div class=\"wp-block-buttons is-layout-flex wp-block-buttons-is-layout-flex\">\n<div class=\"wp-block-button\"><a class=\"wp-block-button__link has-white-color has-black-background-color has-text-color has-background wp-element-button\" href=\"https:\/\/wordpress.org\/support\/plugin\/woo-coupon-usage\/#new-topic-0\" target=\"_blank\" rel=\"noreferrer noopener\">Support-Ticket erstellen<\/a><\/div>\n<\/div>\n\n\n\n<hr class=\"wp-block-separator has-css-opacity is-style-wide\"\/>\n\n\n\n<h2 class=\"wp-block-heading\"><strong>PRO-Unterst\u00fctzung<\/strong><\/h2>\n\n\n\n<p>Bitte kontaktieren Sie uns nur \u00fcber dieses Formular, wenn Sie die PRO-Version des Plugins verwenden oder eine Frage zu den PRO-Funktionen haben.<\/p>\n\n\n\n<div class=\"forminator-guttenberg\"><div class=\"forminator-ui forminator-custom-form forminator-custom-form-16231 forminator-design--default  forminator_ajax\" data-forminator-render=\"0\" data-form=\"forminator-module-16231\" data-uid=\"69e4b9df1f8b5\"><br\/><\/div><form\r\n\t\t\t\tid=\"forminator-module-16231\"\r\n\t\t\t\tclass=\"forminator-ui forminator-custom-form forminator-custom-form-16231 forminator-design--default  forminator_ajax\"\r\n\t\t\t\tmethod=\"post\"\r\n\t\t\t\tdata-forminator-render=\"0\"\r\n\t\t\t\tdata-form-id=\"16231\"\r\n\t\t\t\t\r\n\t\t\t\tdata-design=\"default\"\r\n\t\t\t\t\r\n\t\t\t\t\r\n\t\t\t\t\r\n\t\t\t\tdata-grid=\"open\"\r\n\t\t\t\t\r\n\t\t\t\t\r\n\t\t\t\tstyle=\"display: none;\"\r\n\t\t\t\t\r\n\t\t\t\tdata-uid=\"69e4b9df1f8b5\" action=\"\"\r\n\t\t\t><div role=\"alert\" aria-live=\"polite\" class=\"forminator-response-message forminator-error\" aria-hidden=\"true\"><\/div><div class=\"forminator-row\"><div id=\"name-1\" class=\"forminator-field-name forminator-col forminator-col-12\"><div class=\"forminator-field\"><label for=\"forminator-field-name-1_69e4b9df1f8b5\" id=\"forminator-field-name-1_69e4b9df1f8b5-label\" class=\"forminator-label\">Vorname <span class=\"forminator-required\">*<\/span><\/label><input type=\"text\" name=\"name-1\" value=\"\" placeholder=\"Z.B. Johannes\" id=\"forminator-field-name-1_69e4b9df1f8b5\" class=\"forminator-input forminator-name--field\" aria-required=\"true\" \/><\/div><\/div><\/div><div class=\"forminator-row\"><div id=\"email-1\" class=\"forminator-field-email forminator-col forminator-col-12\"><div class=\"forminator-field\"><label for=\"forminator-field-email-1_69e4b9df1f8b5\" id=\"forminator-field-email-1_69e4b9df1f8b5-label\" class=\"forminator-label\">E-Mail Adresse <span class=\"forminator-required\">*<\/span><\/label><input type=\"email\" name=\"email-1\" value=\"\" placeholder=\"Z.B. john@doe.com\" id=\"forminator-field-email-1_69e4b9df1f8b5\" class=\"forminator-input forminator-email--field\" data-required=\"true\" aria-required=\"true\" \/><\/div><\/div><\/div><div class=\"forminator-row\"><div id=\"url-1\" class=\"forminator-field-url forminator-col forminator-col-12\"><div class=\"forminator-field\"><label for=\"forminator-field-url-1_69e4b9df1f8b5\" id=\"forminator-field-url-1_69e4b9df1f8b5-label\" class=\"forminator-label\">Website<\/label><input type=\"url\" name=\"url-1\" value=\"\" placeholder=\"Z.B. http:\/\/www.example.com\" id=\"forminator-field-url-1_69e4b9df1f8b5\" class=\"forminator-input forminator-website--field\" data-required=\"\" aria-required=\"false\" \/><\/div><\/div><\/div><div class=\"forminator-row\"><div id=\"textarea-1\" class=\"forminator-field-textarea forminator-col forminator-col-12\"><div class=\"forminator-field\"><label for=\"forminator-field-textarea-1_69e4b9df1f8b5\" id=\"forminator-field-textarea-1_69e4b9df1f8b5-label\" class=\"forminator-label\">Nachricht <span class=\"forminator-required\">*<\/span><\/label><textarea name=\"textarea-1\" placeholder=\"Ihre Nachricht eingeben...\" id=\"forminator-field-textarea-1_69e4b9df1f8b5\" class=\"forminator-textarea\" rows=\"6\" style=\"min-height:140px;\" ><\/textarea><\/div><\/div><\/div><div class=\"forminator-row\"><div id=\"consent-1\" class=\"forminator-field-consent forminator-col forminator-col-12\"><div class=\"forminator-field\"><label for=\"forminator-field-consent-1_69e4b9df1f8b5\" id=\"forminator-field-consent-1_69e4b9df1f8b5-label\" class=\"forminator-label\">Zustimmung <span class=\"forminator-required\">*<\/span><\/label><div class=\"forminator-checkbox__wrapper\"><label for=\"forminator-field-consent-1_69e4b9df1f8b5\" id=\"forminator-field-consent-1_69e4b9df1f8b5__label\" class=\"forminator-checkbox forminator-consent\" style=\"margin: 0;\"><input type=\"checkbox\" name=\"consent-1\" id=\"forminator-field-consent-1_69e4b9df1f8b5\" value=\"checked\" aria-labelledby=\"forminator-field-consent-1_69e4b9df1f8b5-label\" aria-describedby=\"forminator-field-consent-1_69e4b9df1f8b5__description\" data-required=\"true\" aria-required=\"true\" \/><span class=\"forminator-checkbox-box\" aria-hidden=\"true\"><\/span><\/label><div id=\"forminator-field-consent-1_69e4b9df1f8b5__description\" class=\"forminator-checkbox__label forminator-consent__label\"><p>Ja, ich stimme mit dem <a rel=\"noopener\" target=\"_blank\" href=\"https:\/\/couponaffiliates.com\/de\/datenschutzbestimmungen\/\">Datenschutzbestimmungen<\/a> und <a rel=\"noopener\" target=\"_blank\" href=\"https:\/\/couponaffiliates.com\/de\/bedingungen-und-konditionen\/\">Bedingungen und Konditionen<\/a>.<\/p><\/div><\/div><\/div><\/div><\/div><input type=\"hidden\" name=\"referer_url\" value=\"\" \/><script src=\"https:\/\/challenges.cloudflare.com\/turnstile\/v0\/api.js?render=explicit&amp;ver=6.9.4\" id=\"cfturnstile-js\"><\/script>\n<style>#cf-turnstile-fmntr-16231 { margin-left: 0px !important; }<\/style>\t\t<div id=\"cf-turnstile-fmntr-16231\"\r\n\t\tclass=\"cf-turnstile\" data-callback=\"turnstileForminatorCallback\"\t\tdata-sitekey=\"0x4AAAAAAAA4C0p5NMQoVc-Q\"\r\n\t\tdata-theme=\"light\"\r\n\t\tdata-language=\"auto\"\r\n\t\tdata-size=\"normal\"\r\n\t\tdata-retry=\"auto\" data-retry-interval=\"1000\"\r\n\t\tdata-refresh-expired=\"auto\"\r\n\t\tdata-refresh-timeout=\"auto\"\r\n\t\tdata-action=\"forminator-form-16231\"\r\n\t\tdata-appearance=\"always\"><\/div>\r\n\t\t\t\t<style>.forminator-button-submit { pointer-events: none; opacity: 0.5; }<\/style>\r\n\t\t\t<script>document.addEventListener(\"DOMContentLoaded\", function() { setTimeout(function(){ var e=document.getElementById(\"cf-turnstile-fmntr-16231\"); if(e&&!e.innerHTML.trim()){turnstile.render(e, {sitekey:\"0x4AAAAAAAA4C0p5NMQoVc-Q\"});} }, 200); });<\/script>\r\n\t\t\t<br class=\"cf-turnstile-br cf-turnstile-br-fmntr-16231\">\r\n\t\t\t\t<style>#cf-turnstile-fmntr-16231 { margin-left: -15px; }<\/style>\r\n\t\t                        <script>\r\n            \/\/ On ajax.complete run turnstile.render if element is empty\r\n            jQuery(document).ajaxComplete(function() {\r\n                setTimeout(function() {\r\n                    if (document.getElementById('cf-turnstile-fmntr-16231')) {\r\n                        if(!document.getElementById('cf-turnstile-fmntr-16231').innerHTML.trim()) {\r\n                                turnstile.remove('#cf-turnstile-fmntr-16231');\r\n                                turnstile.render('#cf-turnstile-fmntr-16231');\r\n                        }\r\n                    }\r\n                }, 1000);\r\n            });\r\n            \/\/ Enable Submit Button Function\r\n            function turnstileForminatorCallback() {\r\n                document.querySelectorAll('.forminator-button, .forminator-button-submit').forEach(function(el) {\r\n                    el.style.pointerEvents = 'auto';\r\n                    el.style.opacity = '1';\r\n                });\r\n            }\r\n            \/\/ On submit re-render\r\n            jQuery(document).ready(function() {\r\n                jQuery('.forminator-custom-form').on('submit', function() {\r\n                    if(document.getElementById('cf-turnstile-fmntr-16231')) {\r\n                        setTimeout(function() {\r\n                            turnstile.remove('#cf-turnstile-fmntr-16231');\r\n                            turnstile.render('#cf-turnstile-fmntr-16231');\r\n                        }, 1000);\r\n                    }\r\n                });\r\n            });\r\n            <\/script>\r\n                        <div class=\"forminator-row forminator-row-last\"><div class=\"forminator-col\"><div class=\"forminator-field\"><button class=\"forminator-button forminator-button-submit\">Nachricht senden<\/button><\/div><\/div><\/div><input type=\"hidden\" id=\"forminator_nonce\" name=\"forminator_nonce\" value=\"be6ecd8cb5\" \/><input type=\"hidden\" name=\"_wp_http_referer\" value=\"\/de\/wp-json\/wp\/v2\/pages\/6664\" \/><input type=\"hidden\" name=\"form_id\" value=\"16231\"><input type=\"hidden\" name=\"page_id\" value=\"6664\"><input type=\"hidden\" name=\"form_type\" value=\"default\"><input type=\"hidden\" name=\"current_url\" value=\"https:\/\/couponaffiliates.com\/de\/kontakt\/\"><input type=\"hidden\" name=\"render_id\" value=\"0\"><input type=\"hidden\" name=\"action\" value=\"forminator_submit_form_custom-forms\"><input type=\"hidden\" name=\"trp-form-language\" value=\"de\"\/><\/form><\/div>","protected":false},"excerpt":{"rendered":"<p>Haben Sie eine Frage zum Coupon Affiliates Plugin oder ben\u00f6tigen Sie Hilfe bei den ersten Schritten? Bitte senden Sie uns eine Nachricht, wir helfen Ihnen gerne weiter! Kostenloser Support Wenn Sie die KOSTENLOSE Version unseres Plugins verwenden, erstellen Sie bitte ein Support-Ticket \u00fcber die Schaltfl\u00e4che unten. PRO-Support Bitte kontaktieren Sie uns nur \u00fcber dieses Formular [...]<\/p>","protected":false},"author":1,"featured_media":0,"parent":0,"menu_order":23,"comment_status":"closed","ping_status":"closed","template":"","meta":{"_kad_blocks_custom_css":"","_kad_blocks_head_custom_js":"","_kad_blocks_body_custom_js":"","_kad_blocks_footer_custom_js":"","footnotes":"","_links_to":"","_links_to_target":""},"class_list":["post-6664","page","type-page","status-publish","hentry","wpbf-post"],"taxonomy_info":[],"featured_image_src_large":false,"author_info":{"display_name":"Elliot Sowersby","author_link":"#"},"comment_info":0,"_links":{"self":[{"href":"https:\/\/couponaffiliates.com\/de\/wp-json\/wp\/v2\/pages\/6664","targetHints":{"allow":["GET"]}}],"collection":[{"href":"https:\/\/couponaffiliates.com\/de\/wp-json\/wp\/v2\/pages"}],"about":[{"href":"https:\/\/couponaffiliates.com\/de\/wp-json\/wp\/v2\/types\/page"}],"author":[{"embeddable":true,"href":"https:\/\/couponaffiliates.com\/de\/wp-json\/wp\/v2\/users\/1"}],"replies":[{"embeddable":true,"href":"https:\/\/couponaffiliates.com\/de\/wp-json\/wp\/v2\/comments?post=6664"}],"version-history":[{"count":34,"href":"https:\/\/couponaffiliates.com\/de\/wp-json\/wp\/v2\/pages\/6664\/revisions"}],"predecessor-version":[{"id":16235,"href":"https:\/\/couponaffiliates.com\/de\/wp-json\/wp\/v2\/pages\/6664\/revisions\/16235"}],"wp:attachment":[{"href":"https:\/\/couponaffiliates.com\/de\/wp-json\/wp\/v2\/media?parent=6664"}],"curies":[{"name":"wp","href":"https:\/\/api.w.org\/{rel}","templated":true}]}}