{"id":7006,"date":"2021-12-08T19:12:38","date_gmt":"2021-12-08T19:12:38","guid":{"rendered":"http:\/\/a8759758b2.nxcli.io\/?page_id=7006"},"modified":"2024-06-30T01:15:02","modified_gmt":"2024-06-30T01:15:02","slug":"yithfunds-integration","status":"publish","type":"page","link":"https:\/\/couponaffiliates.com\/de\/addons\/yithfunds-integration\/","title":{"rendered":"Addon: YITH Konto-Fonds Integration"},"content":{"rendered":"<hr class=\"wp-block-separator has-css-opacity is-style-wide\"\/>\n\n\n\n<p><strong>Integrieren Sie Coupon Affiliates mit dem Plugin eines Drittanbieters: <a href=\"https:\/\/yithemes.com\/themes\/plugins\/yith-woocommerce-account-funds\" target=\"_blank\" rel=\"noreferrer noopener\">YITH Konto Fonds<\/a><\/strong><\/p>\n\n\n\n<p>Sie k\u00f6nnen das \"YITH Account Funds\"-Plugin als Ihr Geldb\u00f6rsensystem f\u00fcr die Auszahlungsmethode \"Store Credits\" verwenden.<\/p>\n\n\n\n<p>Wenn Affiliates \"Store Credit\" als Auszahlungsmethode w\u00e4hlen, k\u00f6nnen sie Auszahlungsantr\u00e4ge einreichen, und wenn Sie sie als bezahlt markieren, wird die Provision automatisch auf ihr \"YITH Account Funds\"-Konto \u00fcberwiesen.<\/p>\n\n\n\n<p><strong>Anmerkung:<\/strong> Es gibt bereits ein KOSTENLOSES (grundlegenderes) integriertes Shop-Guthaben- und Geldb\u00f6rsensystem in der PRO-Version des Coupon Affiliates Plugins, so dass dieses Addon NICHT erforderlich ist, um Ihren Affiliates \"Shop-Guthaben\" auszuzahlen, es erm\u00f6glicht Ihnen jedoch, ein fortschrittlicheres Geldb\u00f6rsensystem zu verwenden.<\/p>\n\n\n\n<hr class=\"wp-block-separator has-css-opacity is-style-wide\"\/>\n\n\n\n<h3 class=\"wp-block-heading\"><strong>Anforderungen:<\/strong><\/h3>\n\n\n\n<p>Um dieses Addon nutzen zu k\u00f6nnen, m\u00fcssen Sie zun\u00e4chst \u00fcber ein solches verf\u00fcgen:<\/p>\n\n\n\n<ul class=\"wp-block-list\">\n<li>Die <strong>PRO<\/strong> Version von <strong>Coupon-Affiliates<\/strong> auf Ihrer Website installiert.<\/li>\n<\/ul>\n\n\n\n<ul class=\"wp-block-list\">\n<li>Die <strong><a href=\"https:\/\/yithemes.com\/themes\/plugins\/yith-woocommerce-account-funds\" target=\"_blank\" rel=\"noreferrer noopener\">YITH Konto Fonds<\/a><\/strong> Plugin auf Ihrer Website installiert.<\/li>\n<\/ul>\n\n\n\n<hr class=\"wp-block-separator has-css-opacity is-style-wide\"\/>\n\n\n\n<h3 class=\"wp-block-heading\"><strong>Dieses Addon herunterladen:<\/strong><\/h3>\n\n\n\n<p><strong>Preis:<\/strong> <s>$39.99<\/s> $19.99 (einmalig)<\/p>\n\n\n\n<button id=\"purchaseaddon\" class=\"download-addon\">Jetzt herunterladen<\/button>\n<script src=\"https:\/\/code.jquery.com\/jquery-1.12.4.min.js\"><\/script>\n<script src=\"https:\/\/checkout.freemius.com\/checkout.min.js\"><\/script>\n<script>\n    var handleraddon = FS.Checkout.configure({\n        plugin_id:  '9474',\n        plan_id:    '15953',\n        coupon:     'SAVE50',\n        public_key: 'pk_b8cb2e3a90dbb5fd755f434b4990e',\n        image:      ''\n    });\n    \n    $('#purchaseaddon').on('click', function (e) {\n        handleraddon.open({\n            name     : 'YITH Account Funds Integration',\n            licenses : 1,\n            \/\/ You can consume the response for after purchase logic.\n            purchaseCompleted  : function (response) {\n                \/\/ The logic here will be executed immediately after the purchase confirmation.                                \/\/ alert(response.user.email);\n            },\n            success  : function (response) {\n                \/\/ The logic here will be executed after the customer closes the checkout, after a successful purchase.                                \/\/ alert(response.user.email);\n            }\n        });\n        e.preventDefault();\n    });\n<\/script>\n\n\n\n<hr class=\"wp-block-separator has-css-opacity is-style-wide\"\/>\n\n\n\n<h3 class=\"wp-block-heading\"><strong>Anweisungen:<\/strong><\/h3>\n\n\n\n<ul class=\"wp-block-list\">\n<li>Installieren und aktivieren Sie das Plugin \"Coupon Affiliates - YITH Account Funds Integration\" auf Ihrer Website (Plugins &gt; Neu hinzuf\u00fcgen).<\/li>\n\n\n\n<li>Installieren und aktivieren Sie das offizielle \"<a href=\"https:\/\/yithemes.com\/themes\/plugins\/yith-woocommerce-account-funds\" target=\"_blank\" rel=\"noreferrer noopener\"><\/a><strong><a href=\"https:\/\/yithemes.com\/themes\/plugins\/yith-woocommerce-account-funds\" target=\"_blank\" rel=\"noreferrer noopener\">YITH Konto Fonds<\/a><\/strong>\" auf Ihrer Website.<\/li>\n\n\n\n<li>Besuchen Sie die Einstellungen des Coupon Affiliates Plugins, gehen Sie zu \"Auszahlungen\" und aktivieren Sie \"Store Credit Payouts\".<\/li>\n\n\n\n<li>W\u00e4hlen Sie \"YITH Account Funds\" aus der Dropdown-Option \"Wallet System\".<\/li>\n<\/ul>\n\n\n\n<p>Hinweis: Dies ist eine Integration f\u00fcr ein Plugin eines Drittanbieters. Wir sind nicht mit dem Plugin \"YITH Account Funds\" verbunden und haben keine Kontrolle \u00fcber die von diesem Plugin angebotenen Features und Funktionen.<\/p>\n\n\n\n<hr class=\"wp-block-separator has-css-opacity is-style-wide\"\/>\n\n\n\n<h3 class=\"wp-block-heading\"><strong>Warum kostet dieses Addon extra?<\/strong><\/h3>\n\n\n\n<p>Sie sind es vielleicht gewohnt, dass alle Funktionen in der PRO-Version unseres Plugins als \"Module\" und nicht als \"Addons\" enthalten sind. Das bedeutet, dass Sie nicht viele verschiedene Plugins installieren m\u00fcssen, um die Funktionalit\u00e4t zu erweitern, sondern einfach nur ein Modul einschalten m\u00fcssen, um den Code\/die Funktionalit\u00e4t zu aktivieren. Wenn das Modul ausgeschaltet ist, wird der Code in den meisten F\u00e4llen nicht ausgef\u00fchrt oder auf Ihrer Website \u00fcberhaupt nicht verwendet (was der Deaktivierung eines Plugins\/Addons gleichkommt).<\/p>\n\n\n\n<p>Dieses spezielle \"Addon\" funktioniert jedoch anders, denn es bietet eine Erweiterung zur Integration von <strong>Coupon-Affiliates<\/strong> mit einem anderen <strong>WordPress-Plugin eines Drittanbieters<\/strong>. Das Addon kostet extra, weil es sich um eine Integration eines Drittanbieters handelt und gelegentlich zus\u00e4tzliche Unterst\u00fctzung\/Entwicklungsarbeit erfordert, um es mit dem Drittanbieter-Plugin kompatibel zu halten.<\/p>\n\n\n\n<p><strong>Anmerkung:<\/strong> Es gibt bereits ein KOSTENLOSES (grundlegenderes) integriertes Shop-Guthaben- und Geldb\u00f6rsensystem in der PRO-Version des Coupon Affiliates Plugins, so dass dieses Addon NICHT erforderlich ist, um Ihren Affiliates \"Shop-Guthaben\" auszuzahlen, es erm\u00f6glicht Ihnen jedoch, ein fortschrittlicheres Geldb\u00f6rsensystem zu verwenden.<\/p>\n\n\n\n<div style=\"height:50px\" aria-hidden=\"true\" class=\"wp-block-spacer\"><\/div>","protected":false},"excerpt":{"rendered":"<p>Integrieren Sie Coupon Affiliates mit dem 3rd-Party-Plugin: YITH Account Funds Sie k\u00f6nnen das \"YITH Account Funds\"-Plugin als Ihr Geldb\u00f6rsensystem f\u00fcr die Auszahlungsmethode \"Store Credits\" verwenden. Wenn Affiliates \"Store Credit\" als Auszahlungsmethode w\u00e4hlen, k\u00f6nnen sie Auszahlungsantr\u00e4ge stellen, und wenn Sie sie als bezahlt markieren, wird die Provision [...]<\/p>","protected":false},"author":1,"featured_media":0,"parent":6756,"menu_order":3,"comment_status":"closed","ping_status":"closed","template":"","meta":{"_kad_blocks_custom_css":"","_kad_blocks_head_custom_js":"","_kad_blocks_body_custom_js":"","_kad_blocks_footer_custom_js":"","footnotes":"","_links_to":"","_links_to_target":""},"class_list":["post-7006","page","type-page","status-publish","hentry","wpbf-post"],"taxonomy_info":[],"featured_image_src_large":false,"author_info":{"display_name":"Elliot Sowersby","author_link":"#"},"comment_info":0,"_links":{"self":[{"href":"https:\/\/couponaffiliates.com\/de\/wp-json\/wp\/v2\/pages\/7006","targetHints":{"allow":["GET"]}}],"collection":[{"href":"https:\/\/couponaffiliates.com\/de\/wp-json\/wp\/v2\/pages"}],"about":[{"href":"https:\/\/couponaffiliates.com\/de\/wp-json\/wp\/v2\/types\/page"}],"author":[{"embeddable":true,"href":"https:\/\/couponaffiliates.com\/de\/wp-json\/wp\/v2\/users\/1"}],"replies":[{"embeddable":true,"href":"https:\/\/couponaffiliates.com\/de\/wp-json\/wp\/v2\/comments?post=7006"}],"version-history":[{"count":18,"href":"https:\/\/couponaffiliates.com\/de\/wp-json\/wp\/v2\/pages\/7006\/revisions"}],"predecessor-version":[{"id":18269,"href":"https:\/\/couponaffiliates.com\/de\/wp-json\/wp\/v2\/pages\/7006\/revisions\/18269"}],"up":[{"embeddable":true,"href":"https:\/\/couponaffiliates.com\/de\/wp-json\/wp\/v2\/pages\/6756"}],"wp:attachment":[{"href":"https:\/\/couponaffiliates.com\/de\/wp-json\/wp\/v2\/media?parent=7006"}],"curies":[{"name":"wp","href":"https:\/\/api.w.org\/{rel}","templated":true}]}}