{"id":11206,"date":"2023-06-15T19:10:52","date_gmt":"2023-06-15T19:10:52","guid":{"rendered":"http:\/\/a8759758b2.nxcli.io\/?page_id=11206"},"modified":"2023-09-29T18:14:27","modified_gmt":"2023-09-29T18:14:27","slug":"anulado","status":"publish","type":"page","link":"https:\/\/couponaffiliates.com\/es\/anulado\/","title":{"rendered":"Coupon Affiliates Nulled - \u00bfCu\u00e1les son los riesgos?"},"content":{"rendered":"<p>Puede que est\u00e9s contemplando el uso de una versi\u00f3n anulada del plugin Coupon Affiliates para tu tienda WooCommerce. A primera vista, parece una soluci\u00f3n rentable - una manera de acceder a las caracter\u00edsticas del plugin sin el gasto asociado.<\/p>\n\n\n\n<p>Sin embargo, es fundamental comprender que los riesgos y posibles inconvenientes asociados al uso de software anulado superan con creces cualquier ahorro econ\u00f3mico inmediato.<\/p>\n\n\n\n<p>A continuaci\u00f3n, describiremos los peligros relacionados con el uso del plugin Coupon Affiliates anulado y por qu\u00e9 optar por la versi\u00f3n original es una opci\u00f3n mucho mejor para su negocio en l\u00ednea.<\/p>\n\n\n\n<div style=\"height:25px\" aria-hidden=\"true\" class=\"wp-block-spacer\"><\/div>\n\n\n\n<h2 class=\"wp-block-heading\">Los peligros de utilizar afiliados de cupones anulados<\/h2>\n\n\n\n<p>Existen varios riesgos importantes asociados al uso de una versi\u00f3n anulada del plugin Coupon Affiliates:<\/p>\n\n\n\n<ul class=\"wp-block-list\">\n<li><strong>Vulnerabilidades de seguridad<\/strong>: Los plugins anulados pueden contener malware, virus da\u00f1inos o puertas traseras ocultas. Estos fallos de seguridad pueden poner en peligro los datos de tu sitio web y la informaci\u00f3n confidencial de tus clientes.<\/li>\n\n\n\n<li><strong>Ausencia de actualizaciones<\/strong>: Es poco probable que las versiones anuladas de los plugins reciban actualizaciones, lo que significa que podr\u00edan quedar obsoletas y ser incompatibles con futuras versiones de WooCommerce o WordPress.<\/li>\n\n\n\n<li><strong>Falta de apoyo<\/strong>: Al utilizar una versi\u00f3n anulada, pierdes el acceso a la asistencia y al servicio de atenci\u00f3n al cliente de los desarrolladores del plugin, lo que te deja solo para resolver cualquier problema que pueda surgir.<\/li>\n\n\n\n<li><strong>Posibles problemas funcionales y de rendimiento<\/strong>: Las versiones anuladas del plugin Coupon Affiliates podr\u00edan contener errores, provocar bloqueos o carecer de funciones clave, todo lo cual podr\u00eda afectar negativamente al rendimiento de su tienda online y a la experiencia del usuario.<\/li>\n<\/ul>\n\n\n\n<div style=\"height:25px\" aria-hidden=\"true\" class=\"wp-block-spacer\"><\/div>\n\n\n\n<h2 class=\"wp-block-heading\">Ventajas de elegir el Plugin Authentic Coupon Affiliates<\/h2>\n\n\n\n<p>Invertir en la versi\u00f3n aut\u00e9ntica del plugin Coupon Affiliates ofrece m\u00faltiples ventajas:<\/p>\n\n\n\n<ul class=\"wp-block-list\">\n<li><strong>Actualizaciones peri\u00f3dicas<\/strong>: El aut\u00e9ntico plugin garantiza la compatibilidad y un rendimiento de primera categor\u00eda y proporciona acceso a las funciones m\u00e1s novedosas mediante actualizaciones constantes.<\/li>\n\n\n\n<li><strong>Servicio prioritario de atenci\u00f3n al cliente<\/strong>: Recibir\u00e1s ayuda y recursos de expertos para cualquier problema, garantizando una experiencia de usuario fluida y eficiente.<\/li>\n\n\n\n<li><strong>Seguridad y tranquilidad<\/strong>: Una prueba gratuita de 7 d\u00edas y una garant\u00eda de devoluci\u00f3n del dinero de 14 d\u00edas le permiten probar el plugin sin riesgos y tomar una decisi\u00f3n bien informada sobre su utilidad para su tienda.<\/li>\n\n\n\n<li><strong>Seguridad mejorada<\/strong>: Proteja su sitio contra el malware y las violaciones de datos, manteniendo la reputaci\u00f3n de su tienda y salvaguardando la informaci\u00f3n de los clientes.<\/li>\n\n\n\n<li><strong>Apoyar el desarrollo futuro<\/strong>: Comprando el aut\u00e9ntico plugin apoyas a los desarrolladores y contribuyes a futuras mejoras y ampliaciones.<\/li>\n<\/ul>\n\n\n\n<div style=\"height:25px\" aria-hidden=\"true\" class=\"wp-block-spacer\"><\/div>\n\n\n\n<h2 class=\"wp-block-heading\">Asegure su tienda WooCommerce con el Plugin Authentic Coupon Affiliates<\/h2>\n\n\n\n<p>Evite poner en peligro su tienda online utilizando una versi\u00f3n anulada del plugin Coupon Affiliates.<\/p>\n\n\n\n<p>Opte por el plugin aut\u00e9ntico para disfrutar de una experiencia segura, eficaz y sin preocupaciones.<\/p>\n\n\n\n<p>Haz uso de nuestros 7 d\u00edas de prueba y 14 d\u00edas de garant\u00eda de devoluci\u00f3n del dinero para probar el plugin sin riesgos.<\/p>\n\n\n\n<div style=\"height:25px\" aria-hidden=\"true\" class=\"wp-block-spacer\"><\/div>\n\n\n\n<div class=\"wp-block-buttons is-layout-flex wp-block-buttons-is-layout-flex\">\n<div class=\"wp-block-button has-custom-font-size is-style-fill has-large-font-size\" style=\"font-style:normal;font-weight:400\"><a class=\"wp-block-button__link has-white-color has-text-color has-background wp-element-button\" href=\"\/es\/precios\/\" style=\"background-color:#323232\">PRU\u00c9BELO AHORA - GRATIS DURANTE 7 D\u00cdAS<\/a><\/div>\n<\/div>\n\n\n\n<div style=\"height:25px\" aria-hidden=\"true\" class=\"wp-block-spacer\"><\/div>","protected":false},"excerpt":{"rendered":"<p>Puede que est\u00e9s contemplando el uso de una versi\u00f3n anulada del plugin Coupon Affiliates para tu tienda WooCommerce. A primera vista, parece una soluci\u00f3n rentable: una forma de acceder a las funciones del plugin sin el gasto asociado. Sin embargo, es crucial entender que los riesgos y posibles inconvenientes asociados al uso [...]<\/p>","protected":false},"author":1,"featured_media":0,"parent":0,"menu_order":11,"comment_status":"closed","ping_status":"closed","template":"","meta":{"_kad_blocks_custom_css":"","_kad_blocks_head_custom_js":"","_kad_blocks_body_custom_js":"","_kad_blocks_footer_custom_js":"","footnotes":"","_links_to":"","_links_to_target":""},"class_list":["post-11206","page","type-page","status-publish","hentry","wpbf-post"],"taxonomy_info":[],"featured_image_src_large":false,"author_info":{"display_name":"Elliot Sowersby","author_link":"#"},"comment_info":0,"_links":{"self":[{"href":"https:\/\/couponaffiliates.com\/es\/wp-json\/wp\/v2\/pages\/11206","targetHints":{"allow":["GET"]}}],"collection":[{"href":"https:\/\/couponaffiliates.com\/es\/wp-json\/wp\/v2\/pages"}],"about":[{"href":"https:\/\/couponaffiliates.com\/es\/wp-json\/wp\/v2\/types\/page"}],"author":[{"embeddable":true,"href":"https:\/\/couponaffiliates.com\/es\/wp-json\/wp\/v2\/users\/1"}],"replies":[{"embeddable":true,"href":"https:\/\/couponaffiliates.com\/es\/wp-json\/wp\/v2\/comments?post=11206"}],"version-history":[{"count":16,"href":"https:\/\/couponaffiliates.com\/es\/wp-json\/wp\/v2\/pages\/11206\/revisions"}],"predecessor-version":[{"id":14624,"href":"https:\/\/couponaffiliates.com\/es\/wp-json\/wp\/v2\/pages\/11206\/revisions\/14624"}],"wp:attachment":[{"href":"https:\/\/couponaffiliates.com\/es\/wp-json\/wp\/v2\/media?parent=11206"}],"curies":[{"name":"wp","href":"https:\/\/api.w.org\/{rel}","templated":true}]}}