{"id":14621,"date":"2023-09-29T18:17:54","date_gmt":"2023-09-29T18:17:54","guid":{"rendered":"http:\/\/a8759758b2.nxcli.io\/?page_id=14621"},"modified":"2023-09-29T18:28:25","modified_gmt":"2023-09-29T18:28:25","slug":"gpl-descargar","status":"publish","type":"page","link":"https:\/\/couponaffiliates.com\/es\/gpl-descargar\/","title":{"rendered":"Coupon Affiliates GPL - \u00bfQu\u00e9 debe saber?"},"content":{"rendered":"<p>Puede que est\u00e9 considerando adquirir una versi\u00f3n GPL del plugin Coupon Affiliates para su sitio WooCommerce a trav\u00e9s de un sitio web GPL. A primera vista, parece una opci\u00f3n econ\u00f3mica: una v\u00eda para utilizar las funcionalidades del plugin sin el coste asociado.<\/p>\n\n\n\n<p>No obstante, es esencial comprender los retos y posibles desventajas que conlleva el uso de versiones no oficiales de software GPL, que no siempre coinciden con la intenci\u00f3n original de los desarrolladores.<\/p>\n\n\n\n<p>Aqu\u00ed vamos a destacar las preocupaciones relacionadas con el uso del plugin GPL Coupon Affiliates y por qu\u00e9 seleccionar la versi\u00f3n oficial podr\u00eda ser la decisi\u00f3n \u00f3ptima para su empresa de comercio electr\u00f3nico.<\/p>\n\n\n\n<div style=\"height:25px\" aria-hidden=\"true\" class=\"wp-block-spacer\"><\/div>\n\n\n\n<h2 class=\"wp-block-heading\">Preocupaciones sobre los afiliados al cup\u00f3n GPL<\/h2>\n\n\n\n<p>Hay varias consideraciones importantes a tener en cuenta cuando se utiliza una versi\u00f3n GPL del plugin Coupon Affiliates:<\/p>\n\n\n\n<ul class=\"wp-block-list\">\n<li><strong>Cuestiones de seguridad:<\/strong> Los plugins GPL revendidos en sitios GPL no oficiales pueden tener a veces controles de seguridad menos estrictos, lo que plantea riesgos potenciales de malware o vulnerabilidades imprevistas. Esto puede poner en peligro la integridad de su sitio web y los datos de sus clientes.<\/li>\n<\/ul>\n\n\n\n<ul class=\"wp-block-list\">\n<li><strong>Actualizaciones perdidas:<\/strong> Las versiones GPL de los plugins pueden no recibir todas las actualizaciones frecuentes, causando potencialmente conflictos con versiones m\u00e1s recientes de WooCommerce o WordPress.<\/li>\n<\/ul>\n\n\n\n<ul class=\"wp-block-list\">\n<li><strong>Apoyo reducido:<\/strong> Adoptar una versi\u00f3n GPL significa que se perder\u00e1 el apoyo dedicado de los desarrolladores y la asistencia al cliente, lo que podr\u00eda dejarle solo en la resoluci\u00f3n de problemas.<\/li>\n<\/ul>\n\n\n\n<ul class=\"wp-block-list\">\n<li><strong>Posibles contratiempos funcionales y de rendimiento:<\/strong> En ocasiones, las versiones GPL del plugin Coupon Affiliates pueden tener fallos, carecer de funciones importantes o presentar otros problemas que pueden impedir la eficacia de su sitio web y la experiencia del usuario.<\/li>\n<\/ul>\n\n\n\n<div style=\"height:25px\" aria-hidden=\"true\" class=\"wp-block-spacer\"><\/div>\n\n\n\n<h2 class=\"wp-block-heading\">Ventajas de elegir el Plugin Authentic Coupon Affiliates<\/h2>\n\n\n\n<p>Apostar por la versi\u00f3n oficial del plugin Coupon Affiliates conlleva numerosas ventajas:<\/p>\n\n\n\n<ul class=\"wp-block-list\">\n<li><strong>Actualizaciones peri\u00f3dicas<\/strong>: El aut\u00e9ntico plugin garantiza la compatibilidad y un rendimiento de primera categor\u00eda y proporciona acceso a las funciones m\u00e1s novedosas mediante actualizaciones constantes.<\/li>\n\n\n\n<li><strong>Servicio prioritario de atenci\u00f3n al cliente<\/strong>: Recibir\u00e1s ayuda y recursos de expertos para cualquier problema, garantizando una experiencia de usuario fluida y eficiente.<\/li>\n\n\n\n<li><strong>Seguridad y tranquilidad<\/strong>: Una prueba gratuita de 7 d\u00edas y una garant\u00eda de devoluci\u00f3n del dinero de 14 d\u00edas le permiten probar el plugin sin riesgos y tomar una decisi\u00f3n bien informada sobre su utilidad para su tienda.<\/li>\n\n\n\n<li><strong>Seguridad mejorada<\/strong>: Proteja su sitio contra el malware y las violaciones de datos, manteniendo la reputaci\u00f3n de su tienda y salvaguardando la informaci\u00f3n de los clientes.<\/li>\n\n\n\n<li><strong>Apoyar el desarrollo futuro<\/strong>: Comprando el aut\u00e9ntico plugin apoyas a los desarrolladores y contribuyes a futuras mejoras y ampliaciones.<\/li>\n<\/ul>\n\n\n\n<div style=\"height:25px\" aria-hidden=\"true\" class=\"wp-block-spacer\"><\/div>\n\n\n\n<h2 class=\"wp-block-heading\">Asegure su tienda WooCommerce con el Plugin Authentic Coupon Affiliates<\/h2>\n\n\n\n<p>Mant\u00e9ngase alejado de las posibles trampas asociadas a las versiones GPL del plugin Coupon Affiliates.<\/p>\n\n\n\n<p>Elige el plugin oficial para un sistema de afiliaci\u00f3n robusto, \u00e1gil y sin complicaciones.<\/p>\n\n\n\n<p>Explore nuestra prueba de 7 d\u00edas y la pol\u00edtica de reembolso de 14 d\u00edas para experimentar las capacidades del plugin sin riesgos.<\/p>\n\n\n\n<div style=\"height:25px\" aria-hidden=\"true\" class=\"wp-block-spacer\"><\/div>\n\n\n\n<div class=\"wp-block-buttons is-layout-flex wp-block-buttons-is-layout-flex\">\n<div class=\"wp-block-button has-custom-font-size is-style-fill has-large-font-size\" style=\"font-style:normal;font-weight:400\"><a class=\"wp-block-button__link has-white-color has-text-color has-background wp-element-button\" href=\"\/es\/precios\/\" style=\"background-color:#323232\">PRU\u00c9BELO AHORA - GRATIS DURANTE 7 D\u00cdAS<\/a><\/div>\n<\/div>\n\n\n\n<div style=\"height:25px\" aria-hidden=\"true\" class=\"wp-block-spacer\"><\/div>","protected":false},"excerpt":{"rendered":"<p>Puede que est\u00e9 considerando adquirir una versi\u00f3n GPL del plugin Coupon Affiliates para su sitio WooCommerce a trav\u00e9s de un sitio web GPL. A primera vista, parece una opci\u00f3n econ\u00f3mica: una v\u00eda para utilizar las funcionalidades del plugin sin el coste asociado. Sin embargo, es esencial comprender los desaf\u00edos y las desventajas potenciales [...]<\/p>","protected":false},"author":1,"featured_media":0,"parent":0,"menu_order":21,"comment_status":"closed","ping_status":"closed","template":"","meta":{"_kad_blocks_custom_css":"","_kad_blocks_head_custom_js":"","_kad_blocks_body_custom_js":"","_kad_blocks_footer_custom_js":"","footnotes":"","_links_to":"","_links_to_target":""},"class_list":["post-14621","page","type-page","status-publish","hentry","wpbf-post"],"taxonomy_info":[],"featured_image_src_large":false,"author_info":{"display_name":"Elliot Sowersby","author_link":"#"},"comment_info":0,"_links":{"self":[{"href":"https:\/\/couponaffiliates.com\/es\/wp-json\/wp\/v2\/pages\/14621","targetHints":{"allow":["GET"]}}],"collection":[{"href":"https:\/\/couponaffiliates.com\/es\/wp-json\/wp\/v2\/pages"}],"about":[{"href":"https:\/\/couponaffiliates.com\/es\/wp-json\/wp\/v2\/types\/page"}],"author":[{"embeddable":true,"href":"https:\/\/couponaffiliates.com\/es\/wp-json\/wp\/v2\/users\/1"}],"replies":[{"embeddable":true,"href":"https:\/\/couponaffiliates.com\/es\/wp-json\/wp\/v2\/comments?post=14621"}],"version-history":[{"count":6,"href":"https:\/\/couponaffiliates.com\/es\/wp-json\/wp\/v2\/pages\/14621\/revisions"}],"predecessor-version":[{"id":14631,"href":"https:\/\/couponaffiliates.com\/es\/wp-json\/wp\/v2\/pages\/14621\/revisions\/14631"}],"wp:attachment":[{"href":"https:\/\/couponaffiliates.com\/es\/wp-json\/wp\/v2\/media?parent=14621"}],"curies":[{"name":"wp","href":"https:\/\/api.w.org\/{rel}","templated":true}]}}