{"id":2413,"date":"2021-02-27T16:24:42","date_gmt":"2021-02-27T16:24:42","guid":{"rendered":"http:\/\/a8759758b2.nxcli.io\/?page_id=2413"},"modified":"2022-02-18T12:25:32","modified_gmt":"2022-02-18T12:25:32","slug":"descargar-version-gratuita","status":"publish","type":"page","link":"https:\/\/couponaffiliates.com\/es\/descargar-version-gratuita\/","title":{"rendered":"Afiliados de cupones (versi\u00f3n gratuita)"},"content":{"rendered":"<div style=\"height:10px\" aria-hidden=\"true\" class=\"wp-block-spacer\"><\/div>\n\n\n\n<p>Puede descargar la versi\u00f3n gratuita de 'Coupon Affiliates' desde el directorio oficial de WordPress.org.<\/p>\n\n\n\n<div style=\"height:15px\" aria-hidden=\"true\" class=\"wp-block-spacer\"><\/div>\n\n\n\n<div class=\"wp-block-buttons is-layout-flex wp-block-buttons-is-layout-flex\">\n<div class=\"wp-block-button download-free-wp\"><a class=\"wp-block-button__link\" href=\"https:\/\/wordpress.org\/plugins\/woo-coupon-usage\" target=\"_blank\" rel=\"noopener\">Ver en WordPress.org<\/a><\/div>\n\n\n\n<div class=\"wp-block-button download-free-wp is-style-fill\"><a class=\"wp-block-button__link has-background\" href=\"https:\/\/downloads.wordpress.org\/plugin\/woo-coupon-usage.zip\" style=\"background-color:#28c58b\" rel=\"noopener\" target=\"_blank\">Descargar la \u00faltima versi\u00f3n<\/a><\/div>\n<\/div>\n\n\n\n<div style=\"height:5px\" aria-hidden=\"true\" class=\"wp-block-spacer\"><\/div>\n\n\n\n<hr class=\"wp-block-separator is-style-wide\"\/>\n\n\n\n<div style=\"height:5px\" aria-hidden=\"true\" class=\"wp-block-spacer\"><\/div>\n\n\n\n<h4 class=\"wp-block-heading\" id=\"check-out-our-latest-articles\">Consulte nuestros \u00faltimos art\u00edculos:<\/h4>\n\n\n<ul class=\"wp-block-latest-posts__list has-dates wp-block-latest-posts\"><li><a class=\"wp-block-latest-posts__post-title\" href=\"https:\/\/couponaffiliates.com\/es\/programa-de-afiliados-woocommerce-sin-enlaces\/\">C\u00f3mo crear un programa de afiliados en WooCommerce sin enlaces de afiliados<\/a><time datetime=\"2026-03-21T15:25:10+00:00\" class=\"wp-block-latest-posts__post-date\">21 de marzo de 2026<\/time><\/li>\n<li><a class=\"wp-block-latest-posts__post-title\" href=\"https:\/\/couponaffiliates.com\/es\/programa-de-afiliados-no-esta-haciendo-dinero\/\">Por qu\u00e9 tu programa de afiliaci\u00f3n no genera dinero (+ c\u00f3mo solucionarlo)<\/a><time datetime=\"2026-03-16T15:19:35+00:00\" class=\"wp-block-latest-posts__post-date\">16 de marzo de 2026<\/time><\/li>\n<\/ul>\n\n\n<hr class=\"wp-block-separator is-style-wide\"\/>\n\n\n\n<div style=\"height:5px\" aria-hidden=\"true\" class=\"wp-block-spacer\"><\/div>\n\n\n\n<h4 class=\"wp-block-heading\" id=\"get-notified-about-our-new-features-and-affiliate-marketing-tips\">Recibe notificaciones sobre nuestras novedades y consejos de marketing de afiliaci\u00f3n.<\/h4>","protected":false},"excerpt":{"rendered":"<p>Puede descargar la versi\u00f3n gratuita de 'Coupon Affiliates' desde el directorio oficial de WordPress.org. Consulta nuestros \u00faltimos art\u00edculos: Recibe notificaciones sobre nuestras nuevas funciones y consejos de marketing de afiliaci\u00f3n.<\/p>","protected":false},"author":1,"featured_media":0,"parent":0,"menu_order":37,"comment_status":"closed","ping_status":"closed","template":"","meta":{"_kad_blocks_custom_css":"","_kad_blocks_head_custom_js":"","_kad_blocks_body_custom_js":"","_kad_blocks_footer_custom_js":"","footnotes":"","_links_to":"","_links_to_target":""},"class_list":["post-2413","page","type-page","status-publish","hentry","wpbf-post"],"taxonomy_info":[],"featured_image_src_large":false,"author_info":{"display_name":"Elliot Sowersby","author_link":"#"},"comment_info":0,"_links":{"self":[{"href":"https:\/\/couponaffiliates.com\/es\/wp-json\/wp\/v2\/pages\/2413","targetHints":{"allow":["GET"]}}],"collection":[{"href":"https:\/\/couponaffiliates.com\/es\/wp-json\/wp\/v2\/pages"}],"about":[{"href":"https:\/\/couponaffiliates.com\/es\/wp-json\/wp\/v2\/types\/page"}],"author":[{"embeddable":true,"href":"https:\/\/couponaffiliates.com\/es\/wp-json\/wp\/v2\/users\/1"}],"replies":[{"embeddable":true,"href":"https:\/\/couponaffiliates.com\/es\/wp-json\/wp\/v2\/comments?post=2413"}],"version-history":[{"count":42,"href":"https:\/\/couponaffiliates.com\/es\/wp-json\/wp\/v2\/pages\/2413\/revisions"}],"predecessor-version":[{"id":7913,"href":"https:\/\/couponaffiliates.com\/es\/wp-json\/wp\/v2\/pages\/2413\/revisions\/7913"}],"wp:attachment":[{"href":"https:\/\/couponaffiliates.com\/es\/wp-json\/wp\/v2\/media?parent=2413"}],"curies":[{"name":"wp","href":"https:\/\/api.w.org\/{rel}","templated":true}]}}