{"id":6157,"date":"2021-11-15T12:04:11","date_gmt":"2021-11-15T12:04:11","guid":{"rendered":"http:\/\/a8759758b2.nxcli.io\/?page_id=6157"},"modified":"2022-02-07T01:59:34","modified_gmt":"2022-02-07T01:59:34","slug":"comparar-planes","status":"publish","type":"page","link":"https:\/\/couponaffiliates.com\/es\/comparar-planes\/","title":{"rendered":"Comparar planes"},"content":{"rendered":"<p>A principios de 2022 cambiaremos nuestro producto para dividirlo en 3 paquetes diferentes disponibles.<\/p>\n\n\n\n<p>Las suscripciones activas existentes se mantendr\u00e1n. Los nuevos planes solo afectar\u00e1n a las nuevas suscripciones. <\/p>\n\n\n\n<p>He aqu\u00ed un primer avance de los pr\u00f3ximos planes (sujetos a cambios):<\/p>\n\n\n<p>[ARPrice id=100]<\/p>","protected":false},"excerpt":{"rendered":"<p>A principios de 2022 cambiaremos nuestro producto para dividirlo en 3 paquetes disponibles diferentes. Las suscripciones activas existentes se mantendr\u00e1n. Los nuevos planes s\u00f3lo afectar\u00e1n a las nuevas suscripciones. Aqu\u00ed tienes un avance de los pr\u00f3ximos planes (sujetos a cambios):<\/p>","protected":false},"author":1,"featured_media":0,"parent":0,"menu_order":43,"comment_status":"closed","ping_status":"closed","template":"","meta":{"_kad_blocks_custom_css":"","_kad_blocks_head_custom_js":"","_kad_blocks_body_custom_js":"","_kad_blocks_footer_custom_js":"","footnotes":"","_links_to":"","_links_to_target":""},"class_list":["post-6157","page","type-page","status-publish","hentry","wpbf-post"],"taxonomy_info":[],"featured_image_src_large":false,"author_info":{"display_name":"Elliot Sowersby","author_link":"#"},"comment_info":0,"_links":{"self":[{"href":"https:\/\/couponaffiliates.com\/es\/wp-json\/wp\/v2\/pages\/6157","targetHints":{"allow":["GET"]}}],"collection":[{"href":"https:\/\/couponaffiliates.com\/es\/wp-json\/wp\/v2\/pages"}],"about":[{"href":"https:\/\/couponaffiliates.com\/es\/wp-json\/wp\/v2\/types\/page"}],"author":[{"embeddable":true,"href":"https:\/\/couponaffiliates.com\/es\/wp-json\/wp\/v2\/users\/1"}],"replies":[{"embeddable":true,"href":"https:\/\/couponaffiliates.com\/es\/wp-json\/wp\/v2\/comments?post=6157"}],"version-history":[{"count":9,"href":"https:\/\/couponaffiliates.com\/es\/wp-json\/wp\/v2\/pages\/6157\/revisions"}],"predecessor-version":[{"id":7617,"href":"https:\/\/couponaffiliates.com\/es\/wp-json\/wp\/v2\/pages\/6157\/revisions\/7617"}],"wp:attachment":[{"href":"https:\/\/couponaffiliates.com\/es\/wp-json\/wp\/v2\/media?parent=6157"}],"curies":[{"name":"wp","href":"https:\/\/api.w.org\/{rel}","templated":true}]}}