{"id":6251,"date":"2021-11-18T12:15:10","date_gmt":"2021-11-18T12:15:10","guid":{"rendered":"http:\/\/a8759758b2.nxcli.io\/?page_id=6251"},"modified":"2021-11-21T12:28:08","modified_gmt":"2021-11-21T12:28:08","slug":"encuesta","status":"publish","type":"page","link":"https:\/\/couponaffiliates.com\/es\/encuesta\/","title":{"rendered":"Cupones Afiliados - Encuesta"},"content":{"rendered":"<div data-elementor-type=\"wp-page\" data-elementor-id=\"6251\" class=\"elementor elementor-6251\" data-elementor-post-type=\"page\">\n\t\t\t\t\t\t<section class=\"elementor-section elementor-top-section elementor-element elementor-element-0c4d6dc elementor-section-boxed elementor-section-height-default elementor-section-height-default\" data-id=\"0c4d6dc\" data-element_type=\"section\" data-e-type=\"section\">\n\t\t\t\t\t\t<div class=\"elementor-container elementor-column-gap-default\">\n\t\t\t\t\t<div class=\"elementor-column elementor-col-100 elementor-top-column elementor-element elementor-element-92dd4d3\" data-id=\"92dd4d3\" data-element_type=\"column\" data-e-type=\"column\">\n\t\t\t<div class=\"elementor-widget-wrap elementor-element-populated\">\n\t\t\t\t\t\t<div class=\"elementor-element elementor-element-054690c elementor-widget elementor-widget-text-editor\" data-id=\"054690c\" data-element_type=\"widget\" data-e-type=\"widget\" data-widget_type=\"text-editor.default\">\n\t\t\t\t<div class=\"elementor-widget-container\">\n\t\t\t\t\t\t\t\t\t<p>\u00bfEst\u00e1s utilizando Coupon Affiliates PRO en tu tienda WooCommerce?<\/p><p>Por favor, ay\u00fadenos a mejorar el plugin dedicando 2 minutos a completar la siguiente encuesta. Agradecemos cualquier comentario.<\/p>\t\t\t\t\t\t\t\t<\/div>\n\t\t\t\t<\/div>\n\t\t\t\t<div class=\"elementor-element elementor-element-dad410c elementor-button-align-stretch elementor-widget elementor-widget-form\" data-id=\"dad410c\" data-element_type=\"widget\" data-e-type=\"widget\" data-settings=\"{&quot;step_next_label&quot;:&quot;Next&quot;,&quot;step_previous_label&quot;:&quot;Previous&quot;,&quot;button_width&quot;:&quot;100&quot;,&quot;step_type&quot;:&quot;number_text&quot;,&quot;step_icon_shape&quot;:&quot;circle&quot;}\" data-widget_type=\"form.default\">\n\t\t\t\t<div class=\"elementor-widget-container\">\n\t\t\t\t\t\t\t<form class=\"elementor-form\" method=\"post\" name=\"New Form\" aria-label=\"Nuevo formulario\" action=\"\">\n\t\t\t<input type=\"hidden\" name=\"post_id\" value=\"6251\"\/>\n\t\t\t<input type=\"hidden\" name=\"form_id\" value=\"dad410c\"\/>\n\t\t\t<input type=\"hidden\" name=\"referer_title\" value=\"Coupon Affiliates - Survey - Coupon Affiliates\" \/>\n\n\t\t\t\t\t\t\t<input type=\"hidden\" name=\"queried_id\" value=\"6251\"\/>\n\t\t\t\n\t\t\t<div class=\"elementor-form-fields-wrapper elementor-labels-above\">\n\t\t\t\t\t\t\t\t<div class=\"elementor-field-type-text elementor-field-group elementor-column elementor-field-group-name elementor-col-100\">\n\t\t\t\t\t\t\t\t\t\t\t\t<label for=\"form-field-name\" class=\"elementor-field-label\">\n\t\t\t\t\t\t\t\tNombre\t\t\t\t\t\t\t<\/label>\n\t\t\t\t\t\t\t\t\t\t\t\t\t\t<input size=\"1\" type=\"text\" name=\"form_fields[name]\" id=\"form-field-name\" class=\"elementor-field elementor-size-md  elementor-field-textual\">\n\t\t\t\t\t\t\t\t\t\t\t<\/div>\n\t\t\t\t\t\t\t\t<div class=\"elementor-field-type-email elementor-field-group elementor-column elementor-field-group-email elementor-col-100 elementor-field-required\">\n\t\t\t\t\t\t\t\t\t\t\t\t<label for=\"form-field-email\" class=\"elementor-field-label\">\n\t\t\t\t\t\t\t\tDirecci\u00f3n de correo electr\u00f3nico\t\t\t\t\t\t\t<\/label>\n\t\t\t\t\t\t\t\t\t\t\t\t\t\t<input size=\"1\" type=\"email\" name=\"form_fields[email]\" id=\"form-field-email\" class=\"elementor-field elementor-size-md  elementor-field-textual\" required=\"required\">\n\t\t\t\t\t\t\t\t\t\t\t<\/div>\n\t\t\t\t\t\t\t\t<div class=\"elementor-field-type-select elementor-field-group elementor-column elementor-field-group-field_cf5dba5 elementor-col-100\">\n\t\t\t\t\t\t\t\t\t\t\t\t<label for=\"form-field-field_cf5dba5\" class=\"elementor-field-label\">\n\t\t\t\t\t\t\t\t\u00bfCu\u00e1l es su funci\u00f3n PRO favorita?\t\t\t\t\t\t\t<\/label>\n\t\t\t\t\t\t\t\t<div class=\"elementor-field elementor-select-wrapper remove-before\">\n\t\t\t<div class=\"select-caret-down-wrapper\">\n\t\t\t\t<i aria-hidden=\"true\" class=\"eicon-caret-down\"><\/i>\t\t\t<\/div>\n\t\t\t<select name=\"form_fields[field_cf5dba5]\" id=\"form-field-field_cf5dba5\" class=\"elementor-field-textual elementor-size-md\">\n\t\t\t\t\t\t\t\t\t<option value=\"\"><\/option>\n\t\t\t\t\t\t\t\t\t<option value=\"Monthly Orders Stats Table\">Tabla de estad\u00edsticas de pedidos mensuales<\/option>\n\t\t\t\t\t\t\t\t\t<option value=\"Commission Line Graphs\">Gr\u00e1ficos lineales de comisiones<\/option>\n\t\t\t\t\t\t\t\t\t<option value=\"Export Order Tables To Excel File\">Exportar tablas de pedidos a archivos Excel<\/option>\n\t\t\t\t\t\t\t\t\t<option value=\"Creatives Section\">Secci\u00f3n Creativos<\/option>\n\t\t\t\t\t\t\t\t\t<option value=\"Custom Dashboard Tabs \/ Sections\">Pesta\u00f1as \/ secciones personalizadas del salpicadero<\/option>\n\t\t\t\t\t\t\t\t\t<option value=\"Unpaid Commission Tracking\">Seguimiento de comisiones impagadas<\/option>\n\t\t\t\t\t\t\t\t\t<option value=\"Commission Payout Requests\">Solicitudes de pago de comisiones<\/option>\n\t\t\t\t\t\t\t\t\t<option value=\"One-Click Stripe Payouts\">Pagos con Stripe con un solo clic<\/option>\n\t\t\t\t\t\t\t\t\t<option value=\"One-Click PayPal Payouts\">Pagos de PayPal con un solo clic<\/option>\n\t\t\t\t\t\t\t\t\t<option value=\"Scheduled Payout Requests\">Solicitudes de pago programadas<\/option>\n\t\t\t\t\t\t\t\t\t<option value=\"Payout Threshold &amp; Commission Delay\">Umbral de pago y retraso de la comisi\u00f3n<\/option>\n\t\t\t\t\t\t\t\t\t<option value=\"Invoices For Payouts\">Facturas de pago<\/option>\n\t\t\t\t\t\t\t\t\t<option value=\"PDF Statements For Payouts\">Declaraciones de pago en PDF<\/option>\n\t\t\t\t\t\t\t\t\t<option value=\"Commission Per Product &amp; Coupon\">Comisi\u00f3n por producto y cup\u00f3n<\/option>\n\t\t\t\t\t\t\t\t\t<option value=\"Lifetime Commission\">Comisi\u00f3n vitalicia<\/option>\n\t\t\t\t\t\t\t\t\t<option value=\"Campaigns\">Campa\u00f1as<\/option>\n\t\t\t\t\t\t\t\t\t<option value=\"Social Sharing\">Compartir en redes sociales<\/option>\n\t\t\t\t\t\t\t\t\t<option value=\"Short URL Generator\">Generador de URL cortas<\/option>\n\t\t\t\t\t\t\t\t\t<option value=\"QR Code Generator\">Generador de c\u00f3digos QR<\/option>\n\t\t\t\t\t\t\t\t\t<option value=\"Affiliate Landing Pages\">P\u00e1ginas de destino para afiliados<\/option>\n\t\t\t\t\t\t\t\t\t<option value=\"Advanced Admin Reports &amp; Analytics\">Informes y an\u00e1lisis administrativos avanzados<\/option>\n\t\t\t\t\t\t\t\t\t<option value=\"Affiliate Email &amp; PDF Reports\">Informes de afiliaci\u00f3n por correo electr\u00f3nico y en PDF<\/option>\n\t\t\t\t\t\t\t\t\t<option value=\"Affiliate Registration Forms\">Formularios de inscripci\u00f3n de afiliados<\/option>\n\t\t\t\t\t\t\t<\/select>\n\t\t<\/div>\n\t\t\t\t\t\t<\/div>\n\t\t\t\t\t\t\t\t<div class=\"elementor-field-type-checkbox elementor-field-group elementor-column elementor-field-group-field_28abf1a elementor-col-100\">\n\t\t\t\t\t\t\t\t\t\t\t\t<label for=\"form-field-field_28abf1a\" class=\"elementor-field-label\">\n\t\t\t\t\t\t\t\tPor favor, seleccione hasta 5 caracter\u00edsticas del plugin que sean las m\u00e1s importantes para usted:\t\t\t\t\t\t\t<\/label>\n\t\t\t\t\t\t<div class=\"elementor-field-subgroup\"><span class=\"elementor-field-option\"><input type=\"checkbox\" value=\"Coupon Usage Statistics &amp; Commission Calculations\" id=\"form-field-field_28abf1a-0\" name=\"form_fields[field_28abf1a][]\"> <label for=\"form-field-field_28abf1a-0\">Estad\u00edsticas de uso de cupones y c\u00e1lculo de comisiones<\/label><\/span><span class=\"elementor-field-option\"><input type=\"checkbox\" value=\"Recent Orders Table For Coupons\" id=\"form-field-field_28abf1a-1\" name=\"form_fields[field_28abf1a][]\"> <label for=\"form-field-field_28abf1a-1\">Tabla de pedidos recientes para cupones<\/label><\/span><span class=\"elementor-field-option\"><input type=\"checkbox\" value=\"Monthly Orders Stats Table\" id=\"form-field-field_28abf1a-2\" name=\"form_fields[field_28abf1a][]\"> <label for=\"form-field-field_28abf1a-2\">Tabla de estad\u00edsticas de pedidos mensuales<\/label><\/span><span class=\"elementor-field-option\"><input type=\"checkbox\" value=\"Commission Line Graphs\" id=\"form-field-field_28abf1a-3\" name=\"form_fields[field_28abf1a][]\"> <label for=\"form-field-field_28abf1a-3\">Gr\u00e1ficos lineales de comisiones<\/label><\/span><span class=\"elementor-field-option\"><input type=\"checkbox\" value=\"Export Order Tables To Excel File\" id=\"form-field-field_28abf1a-4\" name=\"form_fields[field_28abf1a][]\"> <label for=\"form-field-field_28abf1a-4\">Exportar tablas de pedidos a archivos Excel<\/label><\/span><span class=\"elementor-field-option\"><input type=\"checkbox\" value=\"Creatives Section\" id=\"form-field-field_28abf1a-5\" name=\"form_fields[field_28abf1a][]\"> <label for=\"form-field-field_28abf1a-5\">Secci\u00f3n Creativos<\/label><\/span><span class=\"elementor-field-option\"><input type=\"checkbox\" value=\"Custom Dashboard Tabs \/ Sections\" id=\"form-field-field_28abf1a-6\" name=\"form_fields[field_28abf1a][]\"> <label for=\"form-field-field_28abf1a-6\">Pesta\u00f1as \/ secciones personalizadas del salpicadero<\/label><\/span><span class=\"elementor-field-option\"><input type=\"checkbox\" value=\"Unpaid Commission Tracking\" id=\"form-field-field_28abf1a-7\" name=\"form_fields[field_28abf1a][]\"> <label for=\"form-field-field_28abf1a-7\">Seguimiento de comisiones impagadas<\/label><\/span><span class=\"elementor-field-option\"><input type=\"checkbox\" value=\"Commission Payout Requests\" id=\"form-field-field_28abf1a-8\" name=\"form_fields[field_28abf1a][]\"> <label for=\"form-field-field_28abf1a-8\">Solicitudes de pago de comisiones<\/label><\/span><span class=\"elementor-field-option\"><input type=\"checkbox\" value=\"One-Click Stripe Payouts\" id=\"form-field-field_28abf1a-9\" name=\"form_fields[field_28abf1a][]\"> <label for=\"form-field-field_28abf1a-9\">Pagos con Stripe con un solo clic<\/label><\/span><span class=\"elementor-field-option\"><input type=\"checkbox\" value=\"One-Click PayPal Payouts\" id=\"form-field-field_28abf1a-10\" name=\"form_fields[field_28abf1a][]\"> <label for=\"form-field-field_28abf1a-10\">Pagos de PayPal con un solo clic<\/label><\/span><span class=\"elementor-field-option\"><input type=\"checkbox\" value=\"Scheduled Payout Requests\" id=\"form-field-field_28abf1a-11\" name=\"form_fields[field_28abf1a][]\"> <label for=\"form-field-field_28abf1a-11\">Solicitudes de pago programadas<\/label><\/span><span class=\"elementor-field-option\"><input type=\"checkbox\" value=\"Payout Threshold &amp; Commission Delay\" id=\"form-field-field_28abf1a-12\" name=\"form_fields[field_28abf1a][]\"> <label for=\"form-field-field_28abf1a-12\">Umbral de pago y retraso de la comisi\u00f3n<\/label><\/span><span class=\"elementor-field-option\"><input type=\"checkbox\" value=\"Invoices For Payouts\" id=\"form-field-field_28abf1a-13\" name=\"form_fields[field_28abf1a][]\"> <label for=\"form-field-field_28abf1a-13\">Facturas de pago<\/label><\/span><span class=\"elementor-field-option\"><input type=\"checkbox\" value=\"PDF Statements For Payouts\" id=\"form-field-field_28abf1a-14\" name=\"form_fields[field_28abf1a][]\"> <label for=\"form-field-field_28abf1a-14\">Declaraciones de pago en PDF<\/label><\/span><span class=\"elementor-field-option\"><input type=\"checkbox\" value=\"Commission Per Product &amp; Coupon\" id=\"form-field-field_28abf1a-15\" name=\"form_fields[field_28abf1a][]\"> <label for=\"form-field-field_28abf1a-15\">Comisi\u00f3n por producto y cup\u00f3n<\/label><\/span><span class=\"elementor-field-option\"><input type=\"checkbox\" value=\"Lifetime Commission\" id=\"form-field-field_28abf1a-16\" name=\"form_fields[field_28abf1a][]\"> <label for=\"form-field-field_28abf1a-16\">Comisi\u00f3n vitalicia<\/label><\/span><span class=\"elementor-field-option\"><input type=\"checkbox\" value=\"Referral URLs &amp; Click Tracking \/ Auto Apply Coupon Via Referral URL\" id=\"form-field-field_28abf1a-17\" name=\"form_fields[field_28abf1a][]\"> <label for=\"form-field-field_28abf1a-17\">URLs de referencia y seguimiento de clics \/ Aplicaci\u00f3n autom\u00e1tica de cupones a trav\u00e9s de URLs de referencia<\/label><\/span><span class=\"elementor-field-option\"><input type=\"checkbox\" value=\"Referral URL Cookie Duration\" id=\"form-field-field_28abf1a-18\" name=\"form_fields[field_28abf1a][]\"> <label for=\"form-field-field_28abf1a-18\">URL de referencia Duraci\u00f3n de la cookie<\/label><\/span><span class=\"elementor-field-option\"><input type=\"checkbox\" value=\"Campaigns\" id=\"form-field-field_28abf1a-19\" name=\"form_fields[field_28abf1a][]\"> <label for=\"form-field-field_28abf1a-19\">Campa\u00f1as<\/label><\/span><span class=\"elementor-field-option\"><input type=\"checkbox\" value=\"Social Sharing\" id=\"form-field-field_28abf1a-20\" name=\"form_fields[field_28abf1a][]\"> <label for=\"form-field-field_28abf1a-20\">Compartir en redes sociales<\/label><\/span><span class=\"elementor-field-option\"><input type=\"checkbox\" value=\"Short URL Generator\" id=\"form-field-field_28abf1a-21\" name=\"form_fields[field_28abf1a][]\"> <label for=\"form-field-field_28abf1a-21\">Generador de URL cortas<\/label><\/span><span class=\"elementor-field-option\"><input type=\"checkbox\" value=\"QR Code Generator\" id=\"form-field-field_28abf1a-22\" name=\"form_fields[field_28abf1a][]\"> <label for=\"form-field-field_28abf1a-22\">Generador de c\u00f3digos QR<\/label><\/span><span class=\"elementor-field-option\"><input type=\"checkbox\" value=\"Affiliate Landing Pages\" id=\"form-field-field_28abf1a-23\" name=\"form_fields[field_28abf1a][]\"> <label for=\"form-field-field_28abf1a-23\">P\u00e1ginas de destino para afiliados<\/label><\/span><span class=\"elementor-field-option\"><input type=\"checkbox\" value=\"Admin Reports &amp; Analytics\" id=\"form-field-field_28abf1a-24\" name=\"form_fields[field_28abf1a][]\"> <label for=\"form-field-field_28abf1a-24\">Informes y an\u00e1lisis administrativos<\/label><\/span><span class=\"elementor-field-option\"><input type=\"checkbox\" value=\"Affiliate Email &amp; PDF Reports\" id=\"form-field-field_28abf1a-25\" name=\"form_fields[field_28abf1a][]\"> <label for=\"form-field-field_28abf1a-25\">Informes de afiliaci\u00f3n por correo electr\u00f3nico y en PDF<\/label><\/span><span class=\"elementor-field-option\"><input type=\"checkbox\" value=\"Affiliate Email Notifications\" id=\"form-field-field_28abf1a-26\" name=\"form_fields[field_28abf1a][]\"> <label for=\"form-field-field_28abf1a-26\">Notificaciones de afiliaci\u00f3n por correo electr\u00f3nico<\/label><\/span><span class=\"elementor-field-option\"><input type=\"checkbox\" value=\"Affiliate Registration Forms\" id=\"form-field-field_28abf1a-27\" name=\"form_fields[field_28abf1a][]\"> <label for=\"form-field-field_28abf1a-27\">Formularios de inscripci\u00f3n de afiliados<\/label><\/span><span class=\"elementor-field-option\"><input type=\"checkbox\" value=\"Automatic Or Manual Approvals\" id=\"form-field-field_28abf1a-28\" name=\"form_fields[field_28abf1a][]\"> <label for=\"form-field-field_28abf1a-28\">Homologaciones autom\u00e1ticas o manuales<\/label><\/span><span class=\"elementor-field-option\"><input type=\"checkbox\" value=\"Automatic Coupon Creation\" id=\"form-field-field_28abf1a-29\" name=\"form_fields[field_28abf1a][]\"> <label for=\"form-field-field_28abf1a-29\">Creaci\u00f3n autom\u00e1tica de cupones<\/label><\/span><span class=\"elementor-field-option\"><input type=\"checkbox\" value=\"Multi-Currency Support\" id=\"form-field-field_28abf1a-30\" name=\"form_fields[field_28abf1a][]\"> <label for=\"form-field-field_28abf1a-30\">Soporte multidivisa<\/label><\/span><span class=\"elementor-field-option\"><input type=\"checkbox\" value=\"Automatic Refund Handling\" id=\"form-field-field_28abf1a-31\" name=\"form_fields[field_28abf1a][]\"> <label for=\"form-field-field_28abf1a-31\">Gesti\u00f3n autom\u00e1tica de devoluciones<\/label><\/span><span class=\"elementor-field-option\"><input type=\"checkbox\" value=\"Subscriptions Support\" id=\"form-field-field_28abf1a-32\" name=\"form_fields[field_28abf1a][]\"> <label for=\"form-field-field_28abf1a-32\">Apoyo a las suscripciones<\/label><\/span><\/div>\t\t\t\t<\/div>\n\t\t\t\t\t\t\t\t<div class=\"elementor-field-type-textarea elementor-field-group elementor-column elementor-field-group-message elementor-col-100\">\n\t\t\t\t\t\t\t\t\t\t\t\t<label for=\"form-field-message\" class=\"elementor-field-label\">\n\t\t\t\t\t\t\t\t\u00bfHay algo m\u00e1s en concreto que le haya hecho decidirse por nuestro plugin para su sistema de afiliaci\u00f3n?\t\t\t\t\t\t\t<\/label>\n\t\t\t\t\t\t<textarea class=\"elementor-field-textual elementor-field  elementor-size-md\" name=\"form_fields[message]\" id=\"form-field-message\" rows=\"4\"><\/textarea>\t\t\t\t<\/div>\n\t\t\t\t\t\t\t\t<div class=\"elementor-field-type-textarea elementor-field-group elementor-column elementor-field-group-field_1921c0c elementor-col-100\">\n\t\t\t\t\t\t\t\t\t\t\t\t<label for=\"form-field-field_1921c0c\" class=\"elementor-field-label\">\n\t\t\t\t\t\t\t\t\u00bfTe ha resultado dif\u00edcil o confuso configurar el plugin?\t\t\t\t\t\t\t<\/label>\n\t\t\t\t\t\t<textarea class=\"elementor-field-textual elementor-field  elementor-size-md\" name=\"form_fields[field_1921c0c]\" id=\"form-field-field_1921c0c\" rows=\"4\"><\/textarea>\t\t\t\t<\/div>\n\t\t\t\t\t\t\t\t<div class=\"elementor-field-type-select elementor-field-group elementor-column elementor-field-group-field_0bc1e77 elementor-col-100\">\n\t\t\t\t\t\t\t\t\t\t\t\t<label for=\"form-field-field_0bc1e77\" class=\"elementor-field-label\">\n\t\t\t\t\t\t\t\t\u00bfCu\u00e1l de las siguientes funciones previstas le hace m\u00e1s ilusi\u00f3n?\t\t\t\t\t\t\t<\/label>\n\t\t\t\t\t\t\t\t<div class=\"elementor-field elementor-select-wrapper remove-before\">\n\t\t\t<div class=\"select-caret-down-wrapper\">\n\t\t\t\t<i aria-hidden=\"true\" class=\"eicon-caret-down\"><\/i>\t\t\t<\/div>\n\t\t\t<select name=\"form_fields[field_0bc1e77]\" id=\"form-field-field_0bc1e77\" class=\"elementor-field-textual elementor-size-md\">\n\t\t\t\t\t\t\t\t\t<option value=\"\"><\/option>\n\t\t\t\t\t\t\t\t\t<option value=\"Payout As Store Credit\">Pago como cr\u00e9dito en la tienda<\/option>\n\t\t\t\t\t\t\t\t\t<option value=\"Direct Link Tracking\">Seguimiento de enlaces directos<\/option>\n\t\t\t\t\t\t\t\t\t<option value=\"Performance Bonuses\">Primas de rendimiento<\/option>\n\t\t\t\t\t\t\t\t\t<option value=\"Custom Fields For Registration Form\">Campos personalizados para el formulario de registro<\/option>\n\t\t\t\t\t\t\t\t\t<option value=\"Push Notifications\">Notificaciones Push<\/option>\n\t\t\t\t\t\t\t\t\t<option value=\"Assign Multiple Users\">Asignar varios usuarios<\/option>\n\t\t\t\t\t\t\t<\/select>\n\t\t<\/div>\n\t\t\t\t\t\t<\/div>\n\t\t\t\t\t\t\t\t<div class=\"elementor-field-type-textarea elementor-field-group elementor-column elementor-field-group-field_187c37d elementor-col-100\">\n\t\t\t\t\t\t\t\t\t\t\t\t<label for=\"form-field-field_187c37d\" class=\"elementor-field-label\">\n\t\t\t\t\t\t\t\t\u00bfTienes alguna otra sugerencia para el plugin? \u00bfQu\u00e9 le gustar\u00eda que se a\u00f1adiera en el futuro?\t\t\t\t\t\t\t<\/label>\n\t\t\t\t\t\t<textarea class=\"elementor-field-textual elementor-field  elementor-size-md\" name=\"form_fields[field_187c37d]\" id=\"form-field-field_187c37d\" rows=\"4\"><\/textarea>\t\t\t\t<\/div>\n\t\t\t\t\t\t\t\t<div class=\"elementor-field-type-textarea elementor-field-group elementor-column elementor-field-group-field_9dbc09d elementor-col-100\">\n\t\t\t\t\t\t\t\t\t\t\t\t<label for=\"form-field-field_9dbc09d\" class=\"elementor-field-label\">\n\t\t\t\t\t\t\t\t\u00bfTiene alg\u00fan otro comentario?\t\t\t\t\t\t\t<\/label>\n\t\t\t\t\t\t<textarea class=\"elementor-field-textual elementor-field  elementor-size-md\" name=\"form_fields[field_9dbc09d]\" id=\"form-field-field_9dbc09d\" rows=\"4\"><\/textarea>\t\t\t\t<\/div>\n\t\t\t\t\t\t\t\t<div class=\"elementor-field-type-html elementor-field-group elementor-column elementor-field-group-field_52f20d8 elementor-col-100\">\n\t\t\t\t\t<strong style=\"display: block; font-size: 18px; margin: 15px 0 0 0 !important;\">\u00bfDejar una opini\u00f3n?<\/strong>Si a\u00fan no lo ha hecho, le agradecer\u00edamos que nos dejara una rese\u00f1a en <a href=\"https:\/\/wordpress.org\/support\/plugin\/woo-coupon-usage\/reviews\/#new-post\" target=\"_blank\" style=\"font-weight: bold;\" rel=\"noopener\">https:\/\/wordpress.org\/support\/plugin\/woo-coupon-usage\/reviews\/#new-post<\/a> \u00bfQu\u00e9 opina de su experiencia general con el plugin Coupon Affiliates? Se lo agradecer\u00edamos mucho.<br\/><br\/>\t\t\t\t<\/div>\n\t\t\t\t\t\t\t\t<div class=\"elementor-field-group elementor-column elementor-field-type-submit elementor-col-100 e-form__buttons\">\n\t\t\t\t\t<button class=\"elementor-button elementor-size-sm\" type=\"submit\">\n\t\t\t\t\t\t<span class=\"elementor-button-content-wrapper\">\n\t\t\t\t\t\t\t\t\t\t\t\t\t\t\t\t\t\t\t\t\t\t<span class=\"elementor-button-text\">Enviar<\/span>\n\t\t\t\t\t\t\t\t\t\t\t\t\t<\/span>\n\t\t\t\t\t<\/button>\n\t\t\t\t<\/div>\n\t\t\t<\/div>\n\t\t<input type=\"hidden\" name=\"trp-form-language\" value=\"es\"\/><\/form>\n\t\t\t\t\t\t<\/div>\n\t\t\t\t<\/div>\n\t\t\t\t\t<\/div>\n\t\t<\/div>\n\t\t\t\t\t<\/div>\n\t\t<\/section>\n\t\t\t\t<\/div>","protected":false},"excerpt":{"rendered":"<p>\u00bfEst\u00e1s utilizando Coupon Affiliates PRO en tu tienda WooCommerce? Por favor, ay\u00fadenos a mejorar el plugin tomando 2 minutos para completar la encuesta a continuaci\u00f3n. Agradecemos cualquier comentario.<\/p>","protected":false},"author":1,"featured_media":0,"parent":0,"menu_order":24,"comment_status":"closed","ping_status":"closed","template":"","meta":{"_kad_blocks_custom_css":"","_kad_blocks_head_custom_js":"","_kad_blocks_body_custom_js":"","_kad_blocks_footer_custom_js":"","footnotes":"","_links_to":"","_links_to_target":""},"class_list":["post-6251","page","type-page","status-publish","hentry","wpbf-post"],"taxonomy_info":[],"featured_image_src_large":false,"author_info":{"display_name":"Elliot Sowersby","author_link":"#"},"comment_info":0,"_links":{"self":[{"href":"https:\/\/couponaffiliates.com\/es\/wp-json\/wp\/v2\/pages\/6251","targetHints":{"allow":["GET"]}}],"collection":[{"href":"https:\/\/couponaffiliates.com\/es\/wp-json\/wp\/v2\/pages"}],"about":[{"href":"https:\/\/couponaffiliates.com\/es\/wp-json\/wp\/v2\/types\/page"}],"author":[{"embeddable":true,"href":"https:\/\/couponaffiliates.com\/es\/wp-json\/wp\/v2\/users\/1"}],"replies":[{"embeddable":true,"href":"https:\/\/couponaffiliates.com\/es\/wp-json\/wp\/v2\/comments?post=6251"}],"version-history":[{"count":70,"href":"https:\/\/couponaffiliates.com\/es\/wp-json\/wp\/v2\/pages\/6251\/revisions"}],"predecessor-version":[{"id":6364,"href":"https:\/\/couponaffiliates.com\/es\/wp-json\/wp\/v2\/pages\/6251\/revisions\/6364"}],"wp:attachment":[{"href":"https:\/\/couponaffiliates.com\/es\/wp-json\/wp\/v2\/media?parent=6251"}],"curies":[{"name":"wp","href":"https:\/\/api.w.org\/{rel}","templated":true}]}}