{"id":7006,"date":"2021-12-08T19:12:38","date_gmt":"2021-12-08T19:12:38","guid":{"rendered":"http:\/\/a8759758b2.nxcli.io\/?page_id=7006"},"modified":"2024-06-30T01:15:02","modified_gmt":"2024-06-30T01:15:02","slug":"integracion-de-yithfunds","status":"publish","type":"page","link":"https:\/\/couponaffiliates.com\/es\/complementos\/integracion-de-yithfunds\/","title":{"rendered":"Addon: Integraci\u00f3n de YITH Account Funds"},"content":{"rendered":"<hr class=\"wp-block-separator has-css-opacity is-style-wide\"\/>\n\n\n\n<p><strong>Integre Coupon Affiliates con el plugin de terceros: <a href=\"https:\/\/yithemes.com\/themes\/plugins\/yith-woocommerce-account-funds\" target=\"_blank\" rel=\"noreferrer noopener\">YITH Fondos de Cuenta<\/a><\/strong><\/p>\n\n\n\n<p>Podr\u00e1 utilizar el plugin \"YITH Account Funds\" como sistema de monedero para el m\u00e9todo de pago \"Cr\u00e9ditos de tienda\".<\/p>\n\n\n\n<p>Si los afiliados eligen \"Store Credit\" como m\u00e9todo de pago, pueden enviar solicitudes de pago, y cuando usted lo marque como pagado, la comisi\u00f3n se pagar\u00e1 autom\u00e1ticamente en su monedero de la cuenta \"YITH Account Funds \".<\/p>\n\n\n\n<p><strong>Nota:<\/strong> Ya existe un sistema integrado GRATUITO (m\u00e1s b\u00e1sico) de cr\u00e9dito en tienda y monedero en la versi\u00f3n PRO del plugin Coupon Affiliates, por lo que este complemento NO es necesario para ofrecer pagos de \"Cr\u00e9dito en tienda\" a sus afiliados, aunque s\u00ed le permite utilizar un sistema de monedero m\u00e1s avanzado.<\/p>\n\n\n\n<hr class=\"wp-block-separator has-css-opacity is-style-wide\"\/>\n\n\n\n<h3 class=\"wp-block-heading\"><strong>Requisitos:<\/strong><\/h3>\n\n\n\n<p>Para utilizar este addon, primero tendr\u00e1 que tener:<\/p>\n\n\n\n<ul class=\"wp-block-list\">\n<li>En <strong>PRO<\/strong> versi\u00f3n de <strong>Afiliados al cup\u00f3n<\/strong> instalado en su sitio web.<\/li>\n<\/ul>\n\n\n\n<ul class=\"wp-block-list\">\n<li>En <strong><a href=\"https:\/\/yithemes.com\/themes\/plugins\/yith-woocommerce-account-funds\" target=\"_blank\" rel=\"noreferrer noopener\">YITH Fondos de Cuenta<\/a><\/strong> instalado en su sitio web.<\/li>\n<\/ul>\n\n\n\n<hr class=\"wp-block-separator has-css-opacity is-style-wide\"\/>\n\n\n\n<h3 class=\"wp-block-heading\"><strong>Descarga este Addon:<\/strong><\/h3>\n\n\n\n<p><strong>Precio:<\/strong> <s>$39.99<\/s> $19.99 (Una vez)<\/p>\n\n\n\n<button id=\"purchaseaddon\" class=\"download-addon\">Descargar ahora<\/button>\n<script src=\"https:\/\/code.jquery.com\/jquery-1.12.4.min.js\"><\/script>\n<script src=\"https:\/\/checkout.freemius.com\/checkout.min.js\"><\/script>\n<script>\n    var handleraddon = FS.Checkout.configure({\n        plugin_id:  '9474',\n        plan_id:    '15953',\n        coupon:     'SAVE50',\n        public_key: 'pk_b8cb2e3a90dbb5fd755f434b4990e',\n        image:      ''\n    });\n    \n    $('#purchaseaddon').on('click', function (e) {\n        handleraddon.open({\n            name     : 'YITH Account Funds Integration',\n            licenses : 1,\n            \/\/ You can consume the response for after purchase logic.\n            purchaseCompleted  : function (response) {\n                \/\/ The logic here will be executed immediately after the purchase confirmation.                                \/\/ alert(response.user.email);\n            },\n            success  : function (response) {\n                \/\/ The logic here will be executed after the customer closes the checkout, after a successful purchase.                                \/\/ alert(response.user.email);\n            }\n        });\n        e.preventDefault();\n    });\n<\/script>\n\n\n\n<hr class=\"wp-block-separator has-css-opacity is-style-wide\"\/>\n\n\n\n<h3 class=\"wp-block-heading\"><strong>Instrucciones:<\/strong><\/h3>\n\n\n\n<ul class=\"wp-block-list\">\n<li>Instale y active el plugin \"Coupon Affiliates - YITH Account Funds Integration\" en su sitio web (plugins &gt; a\u00f1adir nuevo).<\/li>\n\n\n\n<li>Instale y active la aplicaci\u00f3n oficial \"<a href=\"https:\/\/yithemes.com\/themes\/plugins\/yith-woocommerce-account-funds\" target=\"_blank\" rel=\"noreferrer noopener\"><\/a><strong><a href=\"https:\/\/yithemes.com\/themes\/plugins\/yith-woocommerce-account-funds\" target=\"_blank\" rel=\"noreferrer noopener\">YITH Fondos de Cuenta<\/a><\/strong>\" en su sitio web.<\/li>\n\n\n\n<li>Visite la configuraci\u00f3n del plugin Coupon Affiliates, vaya a \"Pagos\", active \"Pagos con cr\u00e9dito de la tienda\".<\/li>\n\n\n\n<li>Seleccione \"YITH Account Funds\" de la opci\u00f3n desplegable \"Wallet System\".<\/li>\n<\/ul>\n\n\n\n<p>Nota: Esta es una integraci\u00f3n para un plugin de terceros. No estamos afiliados y no tenemos ning\u00fan control sobre las caracter\u00edsticas y funcionalidades ofrecidas por el plugin \"YITH Account Funds\".<\/p>\n\n\n\n<hr class=\"wp-block-separator has-css-opacity is-style-wide\"\/>\n\n\n\n<h3 class=\"wp-block-heading\"><strong>\u00bfPor qu\u00e9 cuesta m\u00e1s este complemento?<\/strong><\/h3>\n\n\n\n<p>Es posible que est\u00e9 acostumbrado a que todas las funciones de la versi\u00f3n PRO de nuestro plugin se incluyan como \"M\u00f3dulos\" en lugar de \"Complementos\". Esto significa que en lugar de tener que instalar un mont\u00f3n de diferentes plugins individuales para ampliar la funcionalidad, s\u00f3lo tiene que simplemente activar un m\u00f3dulo, y se activar\u00e1 el c\u00f3digo \/ funcionalidad. Si el m\u00f3dulo est\u00e1 desactivado, en la mayor\u00eda de los casos el c\u00f3digo no se ejecutar\u00e1 o no se utilizar\u00e1 en su sitio web en absoluto (que es como un plugin \/ addon desactivado).<\/p>\n\n\n\n<p>Sin embargo, este \"Addon\" espec\u00edfico funciona de forma diferente, ya que ofrece una extensi\u00f3n para integrar <strong>Afiliados al cup\u00f3n<\/strong> con otro <strong>Plugin de WordPress de terceros<\/strong>. El complemento tiene un coste adicional, simplemente porque se trata de una integraci\u00f3n de terceros y, en ocasiones, requiere un trabajo adicional de soporte\/desarrollo para mantener la compatibilidad con el complemento de terceros.<\/p>\n\n\n\n<p><strong>Nota:<\/strong> Ya existe un sistema integrado GRATUITO (m\u00e1s b\u00e1sico) de cr\u00e9dito en tienda y monedero en la versi\u00f3n PRO del plugin Coupon Affiliates, por lo que este complemento NO es necesario para ofrecer pagos de \"Cr\u00e9dito en tienda\" a sus afiliados, aunque s\u00ed le permite utilizar un sistema de monedero m\u00e1s avanzado.<\/p>\n\n\n\n<div style=\"height:50px\" aria-hidden=\"true\" class=\"wp-block-spacer\"><\/div>","protected":false},"excerpt":{"rendered":"<p>Integre Coupon Affiliates con el plugin de terceros: YITH Account Funds Podr\u00e1 utilizar el plugin \"YITH Account Funds\" como su sistema de monedero para el m\u00e9todo de pago \"Store Credits\". Si los afiliados eligen \"Store Credit\" como m\u00e9todo de pago, podr\u00e1n enviar solicitudes de pago, y cuando usted lo marque como pagado, la comisi\u00f3n [...]<\/p>","protected":false},"author":1,"featured_media":0,"parent":6756,"menu_order":3,"comment_status":"closed","ping_status":"closed","template":"","meta":{"_kad_blocks_custom_css":"","_kad_blocks_head_custom_js":"","_kad_blocks_body_custom_js":"","_kad_blocks_footer_custom_js":"","footnotes":"","_links_to":"","_links_to_target":""},"class_list":["post-7006","page","type-page","status-publish","hentry","wpbf-post"],"taxonomy_info":[],"featured_image_src_large":false,"author_info":{"display_name":"Elliot Sowersby","author_link":"#"},"comment_info":0,"_links":{"self":[{"href":"https:\/\/couponaffiliates.com\/es\/wp-json\/wp\/v2\/pages\/7006","targetHints":{"allow":["GET"]}}],"collection":[{"href":"https:\/\/couponaffiliates.com\/es\/wp-json\/wp\/v2\/pages"}],"about":[{"href":"https:\/\/couponaffiliates.com\/es\/wp-json\/wp\/v2\/types\/page"}],"author":[{"embeddable":true,"href":"https:\/\/couponaffiliates.com\/es\/wp-json\/wp\/v2\/users\/1"}],"replies":[{"embeddable":true,"href":"https:\/\/couponaffiliates.com\/es\/wp-json\/wp\/v2\/comments?post=7006"}],"version-history":[{"count":18,"href":"https:\/\/couponaffiliates.com\/es\/wp-json\/wp\/v2\/pages\/7006\/revisions"}],"predecessor-version":[{"id":18269,"href":"https:\/\/couponaffiliates.com\/es\/wp-json\/wp\/v2\/pages\/7006\/revisions\/18269"}],"up":[{"embeddable":true,"href":"https:\/\/couponaffiliates.com\/es\/wp-json\/wp\/v2\/pages\/6756"}],"wp:attachment":[{"href":"https:\/\/couponaffiliates.com\/es\/wp-json\/wp\/v2\/media?parent=7006"}],"curies":[{"name":"wp","href":"https:\/\/api.w.org\/{rel}","templated":true}]}}