{"id":11206,"date":"2023-06-15T19:10:52","date_gmt":"2023-06-15T19:10:52","guid":{"rendered":"http:\/\/a8759758b2.nxcli.io\/?page_id=11206"},"modified":"2023-09-29T18:14:27","modified_gmt":"2023-09-29T18:14:27","slug":"annule","status":"publish","type":"page","link":"https:\/\/couponaffiliates.com\/fr\/annule\/","title":{"rendered":"Coupon Affiliates Nulled - Quels sont les risques ?"},"content":{"rendered":"<p>Vous envisagez peut-\u00eatre d'utiliser une version nulled du plugin Coupon Affiliates pour votre boutique WooCommerce. \u00c0 premi\u00e8re vue, il s'agit d'une solution rentable - un moyen d'acc\u00e9der aux fonctionnalit\u00e9s du plugin sans les frais associ\u00e9s.<\/p>\n\n\n\n<p>Cependant, il est essentiel de comprendre que les risques et les inconv\u00e9nients potentiels li\u00e9s \u00e0 l'utilisation d'un logiciel nulled d\u00e9passent largement les \u00e9conomies financi\u00e8res imm\u00e9diates.<\/p>\n\n\n\n<p>Ici, nous allons souligner les dangers li\u00e9s \u00e0 l'utilisation du plugin Coupon Affiliates nulled et pourquoi opter pour la version authentique est un bien meilleur choix pour votre entreprise en ligne.<\/p>\n\n\n\n<div style=\"height:25px\" aria-hidden=\"true\" class=\"wp-block-spacer\"><\/div>\n\n\n\n<h2 class=\"wp-block-heading\">Les dangers de l'utilisation de coupons annul\u00e9s affili\u00e9s<\/h2>\n\n\n\n<p>Il y a plusieurs risques importants associ\u00e9s \u00e0 l'utilisation d'une version nulle du plugin Coupon Affiliates :<\/p>\n\n\n\n<ul class=\"wp-block-list\">\n<li><strong>Vuln\u00e9rabilit\u00e9s en mati\u00e8re de s\u00e9curit\u00e9<\/strong>: Les plugins annul\u00e9s peuvent contenir des logiciels malveillants, des virus dangereux ou des portes d\u00e9rob\u00e9es cach\u00e9es. Ces failles de s\u00e9curit\u00e9 peuvent mettre en p\u00e9ril les donn\u00e9es de votre site web et les informations sensibles de vos clients.<\/li>\n\n\n\n<li><strong>Absence de mises \u00e0 jour<\/strong>: Les versions annul\u00e9es des plugins ne sont pas susceptibles de recevoir des mises \u00e0 jour, ce qui signifie qu'elles peuvent devenir obsol\u00e8tes et incompatibles avec les futures versions de WooCommerce ou de WordPress.<\/li>\n\n\n\n<li><strong>Manque de soutien<\/strong>: En utilisant une version nulled, vous renoncez \u00e0 l'acc\u00e8s \u00e0 l'assistance et au service client\u00e8le des d\u00e9veloppeurs du plugin, ce qui vous laisse seul pour r\u00e9soudre les probl\u00e8mes \u00e9ventuels.<\/li>\n\n\n\n<li><strong>Probl\u00e8mes fonctionnels et de performance potentiels<\/strong>: Les versions annul\u00e9es du plugin Coupon Affiliates peuvent \u00eatre truff\u00e9es de bugs, provoquer des plantages ou manquer de fonctionnalit\u00e9s cl\u00e9s, ce qui peut avoir un impact n\u00e9gatif sur les performances de votre boutique en ligne et l'exp\u00e9rience des utilisateurs.<\/li>\n<\/ul>\n\n\n\n<div style=\"height:25px\" aria-hidden=\"true\" class=\"wp-block-spacer\"><\/div>\n\n\n\n<h2 class=\"wp-block-heading\">Avantages de choisir l'Authentic Coupon Affiliates Plugin<\/h2>\n\n\n\n<p>Investir dans la version authentique du plugin Coupon Affiliates offre de multiples avantages :<\/p>\n\n\n\n<ul class=\"wp-block-list\">\n<li><strong>Mises \u00e0 jour r\u00e9guli\u00e8res<\/strong>: Le plugin authentique garantit la compatibilit\u00e9 et des performances de premier ordre et donne acc\u00e8s aux derni\u00e8res fonctionnalit\u00e9s gr\u00e2ce \u00e0 des mises \u00e0 jour r\u00e9guli\u00e8res.<\/li>\n\n\n\n<li><strong>Service client\u00e8le prioritaire<\/strong>: Vous recevrez une aide et des ressources d'experts en cas de probl\u00e8me, ce qui vous garantira une exp\u00e9rience utilisateur transparente et efficace.<\/li>\n\n\n\n<li><strong>S\u00e9curit\u00e9 et tranquillit\u00e9 d'esprit<\/strong>: Un essai gratuit de 7 jours et une garantie de remboursement de 14 jours vous permettent de tester le plugin sans risque et de prendre une d\u00e9cision \u00e9clair\u00e9e quant \u00e0 son utilit\u00e9 pour votre boutique.<\/li>\n\n\n\n<li><strong>Am\u00e9lioration de la s\u00e9curit\u00e9<\/strong>: Prot\u00e9gez votre site contre les logiciels malveillants et les violations de donn\u00e9es, afin de pr\u00e9server la r\u00e9putation de votre magasin et de prot\u00e9ger les informations de vos clients.<\/li>\n\n\n\n<li><strong>Soutenir le d\u00e9veloppement futur<\/strong>: L'achat du plugin authentique permet de soutenir les d\u00e9veloppeurs et de contribuer aux am\u00e9liorations futures.<\/li>\n<\/ul>\n\n\n\n<div style=\"height:25px\" aria-hidden=\"true\" class=\"wp-block-spacer\"><\/div>\n\n\n\n<h2 class=\"wp-block-heading\">S\u00e9curisez votre boutique WooCommerce avec le plugin Authentic Coupon Affiliates<\/h2>\n\n\n\n<p>\u00c9vitez de mettre votre boutique en ligne en p\u00e9ril en utilisant une version annul\u00e9e du plugin Coupon Affiliates.<\/p>\n\n\n\n<p>Optez pour le plugin authentique pour une exp\u00e9rience s\u00fbre, efficace et sans souci.<\/p>\n\n\n\n<p>Profitez de notre essai de 7 jours et de notre garantie de remboursement de 14 jours pour tester le plugin sans risque.<\/p>\n\n\n\n<div style=\"height:25px\" aria-hidden=\"true\" class=\"wp-block-spacer\"><\/div>\n\n\n\n<div class=\"wp-block-buttons is-layout-flex wp-block-buttons-is-layout-flex\">\n<div class=\"wp-block-button has-custom-font-size is-style-fill has-large-font-size\" style=\"font-style:normal;font-weight:400\"><a class=\"wp-block-button__link has-white-color has-text-color has-background wp-element-button\" href=\"\/fr\/la-tarification\/\" style=\"background-color:#323232\">ESSAYEZ MAINTENANT - GRATUIT PENDANT 7 JOURS<\/a><\/div>\n<\/div>\n\n\n\n<div style=\"height:25px\" aria-hidden=\"true\" class=\"wp-block-spacer\"><\/div>","protected":false},"excerpt":{"rendered":"<p>Vous envisagez peut-\u00eatre d'utiliser une version nulled du plugin Coupon Affiliates pour votre boutique WooCommerce. A premi\u00e8re vue, il s'agit d'une solution rentable - un moyen d'acc\u00e9der aux fonctionnalit\u00e9s du plugin sans les frais associ\u00e9s. Cependant, il est essentiel de comprendre que les risques et les inconv\u00e9nients potentiels li\u00e9s \u00e0 l'utilisation [...]<\/p>","protected":false},"author":1,"featured_media":0,"parent":0,"menu_order":11,"comment_status":"closed","ping_status":"closed","template":"","meta":{"_kad_blocks_custom_css":"","_kad_blocks_head_custom_js":"","_kad_blocks_body_custom_js":"","_kad_blocks_footer_custom_js":"","footnotes":"","_links_to":"","_links_to_target":""},"class_list":["post-11206","page","type-page","status-publish","hentry","wpbf-post"],"taxonomy_info":[],"featured_image_src_large":false,"author_info":{"display_name":"Elliot Sowersby","author_link":"#"},"comment_info":0,"_links":{"self":[{"href":"https:\/\/couponaffiliates.com\/fr\/wp-json\/wp\/v2\/pages\/11206","targetHints":{"allow":["GET"]}}],"collection":[{"href":"https:\/\/couponaffiliates.com\/fr\/wp-json\/wp\/v2\/pages"}],"about":[{"href":"https:\/\/couponaffiliates.com\/fr\/wp-json\/wp\/v2\/types\/page"}],"author":[{"embeddable":true,"href":"https:\/\/couponaffiliates.com\/fr\/wp-json\/wp\/v2\/users\/1"}],"replies":[{"embeddable":true,"href":"https:\/\/couponaffiliates.com\/fr\/wp-json\/wp\/v2\/comments?post=11206"}],"version-history":[{"count":16,"href":"https:\/\/couponaffiliates.com\/fr\/wp-json\/wp\/v2\/pages\/11206\/revisions"}],"predecessor-version":[{"id":14624,"href":"https:\/\/couponaffiliates.com\/fr\/wp-json\/wp\/v2\/pages\/11206\/revisions\/14624"}],"wp:attachment":[{"href":"https:\/\/couponaffiliates.com\/fr\/wp-json\/wp\/v2\/media?parent=11206"}],"curies":[{"name":"wp","href":"https:\/\/api.w.org\/{rel}","templated":true}]}}