{"id":11233,"date":"2023-06-16T14:16:16","date_gmt":"2023-06-16T14:16:16","guid":{"rendered":"http:\/\/a8759758b2.nxcli.io\/?page_id=11233"},"modified":"2023-11-17T17:51:10","modified_gmt":"2023-11-17T17:51:10","slug":"demo","status":"publish","type":"page","link":"https:\/\/couponaffiliates.com\/fr\/demo\/","title":{"rendered":"Lancez un site de d\u00e9monstration !"},"content":{"rendered":"<div data-elementor-type=\"wp-page\" data-elementor-id=\"11233\" class=\"elementor elementor-11233\" data-elementor-post-type=\"page\">\n\t\t\t\t\t\t<section class=\"elementor-section elementor-top-section elementor-element elementor-element-3917ed2 elementor-section-boxed elementor-section-height-default elementor-section-height-default\" data-id=\"3917ed2\" data-element_type=\"section\">\n\t\t\t\t\t\t<div class=\"elementor-container elementor-column-gap-default\">\n\t\t\t\t\t<div class=\"elementor-column elementor-col-50 elementor-top-column elementor-element elementor-element-1b39bfe\" data-id=\"1b39bfe\" data-element_type=\"column\">\n\t\t\t<div class=\"elementor-widget-wrap elementor-element-populated\">\n\t\t\t\t\t\t<div class=\"elementor-element elementor-element-05eefb7 elementor-widget elementor-widget-heading\" data-id=\"05eefb7\" data-element_type=\"widget\" data-widget_type=\"heading.default\">\n\t\t\t\t<div class=\"elementor-widget-container\">\n\t\t\t\t\t<h2 class=\"elementor-heading-title elementor-size-default\">Lancer un site de d\u00e9monstration !<\/h2>\t\t\t\t<\/div>\n\t\t\t\t<\/div>\n\t\t\t\t<div class=\"elementor-element elementor-element-218c30b elementor-widget__width-initial elementor-widget elementor-widget-text-editor\" data-id=\"218c30b\" data-element_type=\"widget\" data-widget_type=\"text-editor.default\">\n\t\t\t\t<div class=\"elementor-widget-container\">\n\t\t\t\t\t\t\t\t\t<p>Sur cette page, vous pouvez facilement lancer un site web temporaire, avec WooCommerce et le plugin Coupon Affiliates PRO !<\/p>\n<p>Elle sera mise \u00e0 votre disposition pendant 12 heures, ce qui vous laissera amplement le temps d'explorer toutes les fonctionnalit\u00e9s disponibles dans la version PRO.<\/p>\n<p>Alors, pourquoi attendre ? Lancez votre site de d\u00e9monstration d\u00e8s maintenant et d\u00e9couvrez tout ce que Coupon Affiliates a \u00e0 vous offrir !<\/p>\n<p>Ou si vous \u00eates pr\u00eat \u00e0 commencer et \u00e0 essayer PRO gratuitement sur votre propre site web,&nbsp;<a href=\"\/fr\/la-tarification\/\" target=\"_blank\" rel=\"noopener\"><b>commencer un essai de 7 jours maintenant<\/b><\/a>!<\/p>\t\t\t\t\t\t\t\t<\/div>\n\t\t\t\t<\/div>\n\t\t\t\t\t<\/div>\n\t\t<\/div>\n\t\t\t\t<div class=\"elementor-column elementor-col-50 elementor-top-column elementor-element elementor-element-c790e66\" data-id=\"c790e66\" data-element_type=\"column\">\n\t\t\t<div class=\"elementor-widget-wrap elementor-element-populated\">\n\t\t\t\t\t\t<div class=\"elementor-element elementor-element-03131e3 elementor-widget__width-initial elementor-widget elementor-widget-html\" data-id=\"03131e3\" data-element_type=\"widget\" data-widget_type=\"html.default\">\n\t\t\t\t<div class=\"elementor-widget-container\">\n\t\t\t\t\t<iframe width=\"500px\" height=\"595px\" style=\"border:0\" scrolling=\"no\" src=\"https:\/\/app.instawp.io\/embed\/launch?t=example&d=v2\"><\/iframe>\t\t\t\t<\/div>\n\t\t\t\t<\/div>\n\t\t\t\t\t<\/div>\n\t\t<\/div>\n\t\t\t\t\t<\/div>\n\t\t<\/section>\n\t\t\t\t<section class=\"elementor-section elementor-top-section elementor-element elementor-element-0394df8 elementor-section-boxed elementor-section-height-default elementor-section-height-default\" data-id=\"0394df8\" data-element_type=\"section\" data-settings=\"{&quot;background_background&quot;:&quot;classic&quot;}\">\n\t\t\t\t\t\t<div class=\"elementor-container elementor-column-gap-default\">\n\t\t\t\t\t<div class=\"elementor-column elementor-col-100 elementor-top-column elementor-element elementor-element-7cca3e6\" data-id=\"7cca3e6\" data-element_type=\"column\" data-settings=\"{&quot;background_background&quot;:&quot;classic&quot;}\">\n\t\t\t<div class=\"elementor-widget-wrap elementor-element-populated\">\n\t\t\t\t\t\t<section class=\"elementor-section elementor-inner-section elementor-element elementor-element-13c5e6d elementor-section-boxed elementor-section-height-default elementor-section-height-default\" data-id=\"13c5e6d\" data-element_type=\"section\">\n\t\t\t\t\t\t<div class=\"elementor-container elementor-column-gap-default\">\n\t\t\t\t\t<div class=\"elementor-column elementor-col-33 elementor-inner-column elementor-element elementor-element-9ea739e\" data-id=\"9ea739e\" data-element_type=\"column\">\n\t\t\t<div class=\"elementor-widget-wrap elementor-element-populated\">\n\t\t\t\t\t\t<div class=\"elementor-element elementor-element-7d1d3be elementor-widget elementor-widget-image\" data-id=\"7d1d3be\" data-element_type=\"widget\" data-widget_type=\"image.default\">\n\t\t\t\t<div class=\"elementor-widget-container\">\n\t\t\t\t\t\t\t\t\t\t\t\t\t\t\t<img fetchpriority=\"high\" decoding=\"async\" width=\"300\" height=\"284\" src=\"https:\/\/couponaffiliates.com\/wp-content\/uploads\/2021\/11\/money-back-1.png\" class=\"attachment-large size-large wp-image-6116\" alt=\"\" \/>\t\t\t\t\t\t\t\t\t\t\t\t\t\t\t<\/div>\n\t\t\t\t<\/div>\n\t\t\t\t\t<\/div>\n\t\t<\/div>\n\t\t\t\t<div class=\"elementor-column elementor-col-66 elementor-inner-column elementor-element elementor-element-cffe105\" data-id=\"cffe105\" data-element_type=\"column\">\n\t\t\t<div class=\"elementor-widget-wrap elementor-element-populated\">\n\t\t\t\t\t\t<div class=\"elementor-element elementor-element-66ce8fa elementor-widget elementor-widget-heading\" data-id=\"66ce8fa\" data-element_type=\"widget\" data-widget_type=\"heading.default\">\n\t\t\t\t<div class=\"elementor-widget-container\">\n\t\t\t\t\t<h2 class=\"elementor-heading-title elementor-size-default\">100% Garantie de remboursement !<\/h2>\t\t\t\t<\/div>\n\t\t\t\t<\/div>\n\t\t\t\t<div class=\"elementor-element elementor-element-ae0a180 elementor-widget elementor-widget-text-editor\" data-id=\"ae0a180\" data-element_type=\"widget\" data-widget_type=\"text-editor.default\">\n\t\t\t\t<div class=\"elementor-widget-container\">\n\t\t\t\t\t\t\t\t\t<p>Nous sommes impatients de vous aider \u00e0 augmenter vos ventes avec Coupon Affiliates ! Cependant, si les choses ne fonctionnent pas, vous \u00eates enti\u00e8rement prot\u00e9g\u00e9 par notre garantie de remboursement 100% !<\/p>\n<p>Apr\u00e8s votre essai gratuit, si vous effectuez une mise \u00e0 jour mais que vous d\u00e9cidez que le plugin ne vous convient pas dans les 14 jours qui suivent, contactez-nous et nous vous rembourserons 100% de votre argent. Aucune question n'est pos\u00e9e.<\/p>\n<p><\/p>\t\t\t\t\t\t\t\t<\/div>\n\t\t\t\t<\/div>\n\t\t\t\t<div class=\"elementor-element elementor-element-53e1a53 elementor-widget elementor-widget-author-box\" data-id=\"53e1a53\" data-element_type=\"widget\" data-widget_type=\"author-box.default\">\n\t\t\t\t<div class=\"elementor-widget-container\">\n\t\t\t\t\t\t\t<div class=\"elementor-author-box\">\n\t\t\t\t\t\t\t<div  class=\"elementor-author-box__avatar\">\n\t\t\t\t\t<img decoding=\"async\" src=\"https:\/\/couponaffiliates.com\/wp-content\/uploads\/2021\/05\/elliotcirclewhite-300x300.png\" alt=\"Auteur\/autrice de l&#039;image\" loading=\"lazy\">\n\t\t\t\t<\/div>\n\t\t\t\n\t\t\t<div class=\"elementor-author-box__text\">\n\t\t\t\t\n\t\t\t\t\t\t\t\t\t<div class=\"elementor-author-box__bio\">\n\t\t\t\t\t\t<p><img decoding=\"async\" src=\"\/wp-content\/uploads\/2021\/11\/elliot-sowersby-text.png\" style=\"height: 35px; margin-top: 10px; display: inline-block;\"><span style=\"font-size: 12px;\"><br \/>Fondateur et d\u00e9veloppeur<\/span><\/p>\n\t\t\t\t\t<\/div>\n\t\t\t\t\n\t\t\t\t\t\t\t<\/div>\n\t\t<\/div>\n\t\t\t\t\t\t<\/div>\n\t\t\t\t<\/div>\n\t\t\t\t\t<\/div>\n\t\t<\/div>\n\t\t\t\t\t<\/div>\n\t\t<\/section>\n\t\t\t\t\t<\/div>\n\t\t<\/div>\n\t\t\t\t\t<\/div>\n\t\t<\/section>\n\t\t\t\t<section class=\"elementor-section elementor-top-section elementor-element elementor-element-839c682 elementor-section-boxed elementor-section-height-default elementor-section-height-default\" data-id=\"839c682\" data-element_type=\"section\">\n\t\t\t\t\t\t<div class=\"elementor-container elementor-column-gap-default\">\n\t\t\t\t\t<div class=\"elementor-column elementor-col-100 elementor-top-column elementor-element elementor-element-b74d6f8\" data-id=\"b74d6f8\" data-element_type=\"column\">\n\t\t\t<div class=\"elementor-widget-wrap elementor-element-populated\">\n\t\t\t\t\t\t<div class=\"elementor-element elementor-element-1896ae5 elementor-align-center elementor-widget elementor-widget-button\" data-id=\"1896ae5\" data-element_type=\"widget\" data-widget_type=\"button.default\">\n\t\t\t\t<div class=\"elementor-widget-container\">\n\t\t\t\t\t\t\t\t\t<div class=\"elementor-button-wrapper\">\n\t\t\t\t\t<a class=\"elementor-button elementor-button-link elementor-size-lg\" href=\"\/fr\/la-tarification\/\">\n\t\t\t\t\t\t<span class=\"elementor-button-content-wrapper\">\n\t\t\t\t\t\t<span class=\"elementor-button-icon\">\n\t\t\t\t<i aria-hidden=\"true\" class=\"far fa-arrow-alt-circle-right\"><\/i>\t\t\t<\/span>\n\t\t\t\t\t\t\t\t\t<span class=\"elementor-button-text\">Essai gratuit de 7 jours<\/span>\n\t\t\t\t\t<\/span>\n\t\t\t\t\t<\/a>\n\t\t\t\t<\/div>\n\t\t\t\t\t\t\t\t<\/div>\n\t\t\t\t<\/div>\n\t\t\t\t\t<\/div>\n\t\t<\/div>\n\t\t\t\t\t<\/div>\n\t\t<\/section>\n\t\t\t\t<\/div>","protected":false},"excerpt":{"rendered":"<p>Lancez un site de d\u00e9monstration ! Sur cette page, vous pouvez facilement lancer un site web temporaire, complet avec WooCommerce et le plugin Coupon Affiliates PRO ! Ce site sera \u00e0 votre disposition pendant 12 heures, ce qui vous donnera amplement le temps d'explorer toutes les fonctionnalit\u00e9s disponibles dans la version PRO. Alors, pourquoi attendre ? Lancez votre site de d\u00e9monstration d\u00e8s maintenant et [...]<\/p>","protected":false},"author":1,"featured_media":0,"parent":0,"menu_order":1,"comment_status":"closed","ping_status":"closed","template":"","meta":{"_kad_blocks_custom_css":"","_kad_blocks_head_custom_js":"","_kad_blocks_body_custom_js":"","_kad_blocks_footer_custom_js":"","footnotes":"","_links_to":"","_links_to_target":""},"class_list":["post-11233","page","type-page","status-publish","hentry","wpbf-post"],"taxonomy_info":[],"featured_image_src_large":false,"author_info":{"display_name":"Elliot Sowersby","author_link":"#"},"comment_info":0,"_links":{"self":[{"href":"https:\/\/couponaffiliates.com\/fr\/wp-json\/wp\/v2\/pages\/11233","targetHints":{"allow":["GET"]}}],"collection":[{"href":"https:\/\/couponaffiliates.com\/fr\/wp-json\/wp\/v2\/pages"}],"about":[{"href":"https:\/\/couponaffiliates.com\/fr\/wp-json\/wp\/v2\/types\/page"}],"author":[{"embeddable":true,"href":"https:\/\/couponaffiliates.com\/fr\/wp-json\/wp\/v2\/users\/1"}],"replies":[{"embeddable":true,"href":"https:\/\/couponaffiliates.com\/fr\/wp-json\/wp\/v2\/comments?post=11233"}],"version-history":[{"count":79,"href":"https:\/\/couponaffiliates.com\/fr\/wp-json\/wp\/v2\/pages\/11233\/revisions"}],"predecessor-version":[{"id":19667,"href":"https:\/\/couponaffiliates.com\/fr\/wp-json\/wp\/v2\/pages\/11233\/revisions\/19667"}],"wp:attachment":[{"href":"https:\/\/couponaffiliates.com\/fr\/wp-json\/wp\/v2\/media?parent=11233"}],"curies":[{"name":"wp","href":"https:\/\/api.w.org\/{rel}","templated":true}]}}