{"id":14621,"date":"2023-09-29T18:17:54","date_gmt":"2023-09-29T18:17:54","guid":{"rendered":"http:\/\/a8759758b2.nxcli.io\/?page_id=14621"},"modified":"2023-09-29T18:28:25","modified_gmt":"2023-09-29T18:28:25","slug":"telechargement-gpl","status":"publish","type":"page","link":"https:\/\/couponaffiliates.com\/fr\/telechargement-gpl\/","title":{"rendered":"Coupon Affiliates GPL - Que devez-vous savoir ?"},"content":{"rendered":"<p>Vous envisagez peut-\u00eatre d'acqu\u00e9rir une version GPL du plugin Coupon Affiliates pour votre site WooCommerce via un site GPL. A premi\u00e8re vue, il s'agit d'un choix \u00e9conomique - un moyen d'utiliser les fonctionnalit\u00e9s du plugin sans le co\u00fbt associ\u00e9.<\/p>\n\n\n\n<p>N\u00e9anmoins, il est essentiel de comprendre les d\u00e9fis et les inconv\u00e9nients potentiels li\u00e9s \u00e0 l'utilisation de versions non officielles de logiciels sous licence GPL, qui ne correspondent pas toujours \u00e0 l'intention originale des d\u00e9veloppeurs.<\/p>\n\n\n\n<p>Nous allons ici mettre en lumi\u00e8re les probl\u00e8mes li\u00e9s \u00e0 l'utilisation du plugin GPL Coupon Affiliates et pourquoi le choix de la version officielle pourrait \u00eatre la meilleure d\u00e9cision pour votre entreprise de commerce \u00e9lectronique.<\/p>\n\n\n\n<div style=\"height:25px\" aria-hidden=\"true\" class=\"wp-block-spacer\"><\/div>\n\n\n\n<h2 class=\"wp-block-heading\">Inqui\u00e9tudes concernant les affili\u00e9s de coupons GPL<\/h2>\n\n\n\n<p>Il y a plusieurs consid\u00e9rations importantes \u00e0 garder \u00e0 l'esprit lors de l'utilisation d'une version GPL du plugin Coupon Affiliates :<\/p>\n\n\n\n<ul class=\"wp-block-list\">\n<li><strong>Probl\u00e8mes de s\u00e9curit\u00e9 :<\/strong> Les plugins GPL revendus sur des sites GPL non officiels peuvent parfois \u00eatre soumis \u00e0 des contr\u00f4les de s\u00e9curit\u00e9 moins stricts, ce qui pr\u00e9sente des risques potentiels de logiciels malveillants ou de vuln\u00e9rabilit\u00e9s impr\u00e9vues. Cela peut mettre en p\u00e9ril l'int\u00e9grit\u00e9 de votre site web et les donn\u00e9es de vos clients.<\/li>\n<\/ul>\n\n\n\n<ul class=\"wp-block-list\">\n<li><strong>Mises \u00e0 jour manqu\u00e9es :<\/strong> Les versions GPL des plugins peuvent ne pas recevoir toutes les mises \u00e0 jour fr\u00e9quentes, ce qui peut entra\u00eener des conflits avec les versions plus r\u00e9centes de WooCommerce ou de WordPress.<\/li>\n<\/ul>\n\n\n\n<ul class=\"wp-block-list\">\n<li><strong>Soutien r\u00e9duit :<\/strong> L'adoption d'une version GPL signifie que vous ne b\u00e9n\u00e9ficierez pas d'un soutien d\u00e9di\u00e9 aux d\u00e9veloppeurs et d'une assistance \u00e0 la client\u00e8le, ce qui pourrait vous obliger \u00e0 r\u00e9soudre les probl\u00e8mes par vous-m\u00eame.<\/li>\n<\/ul>\n\n\n\n<ul class=\"wp-block-list\">\n<li><strong>Les \u00e9ventuels probl\u00e8mes fonctionnels et de performance :<\/strong> Les versions GPL du plugin Coupon Affiliates peuvent parfois avoir des probl\u00e8mes, manquer de fonctionnalit\u00e9s importantes ou avoir d'autres probl\u00e8mes qui peuvent entraver l'efficacit\u00e9 de votre site web et l'exp\u00e9rience de l'utilisateur.<\/li>\n<\/ul>\n\n\n\n<div style=\"height:25px\" aria-hidden=\"true\" class=\"wp-block-spacer\"><\/div>\n\n\n\n<h2 class=\"wp-block-heading\">Avantages de choisir l'Authentic Coupon Affiliates Plugin<\/h2>\n\n\n\n<p>L'adoption de la version officielle du plugin Coupon Affiliates pr\u00e9sente de nombreux avantages :<\/p>\n\n\n\n<ul class=\"wp-block-list\">\n<li><strong>Mises \u00e0 jour r\u00e9guli\u00e8res<\/strong>: Le plugin authentique garantit la compatibilit\u00e9 et des performances de premier ordre et donne acc\u00e8s aux derni\u00e8res fonctionnalit\u00e9s gr\u00e2ce \u00e0 des mises \u00e0 jour r\u00e9guli\u00e8res.<\/li>\n\n\n\n<li><strong>Service client\u00e8le prioritaire<\/strong>: Vous recevrez une aide et des ressources d'experts en cas de probl\u00e8me, ce qui vous garantira une exp\u00e9rience utilisateur transparente et efficace.<\/li>\n\n\n\n<li><strong>S\u00e9curit\u00e9 et tranquillit\u00e9 d'esprit<\/strong>: Un essai gratuit de 7 jours et une garantie de remboursement de 14 jours vous permettent de tester le plugin sans risque et de prendre une d\u00e9cision \u00e9clair\u00e9e quant \u00e0 son utilit\u00e9 pour votre boutique.<\/li>\n\n\n\n<li><strong>Am\u00e9lioration de la s\u00e9curit\u00e9<\/strong>: Prot\u00e9gez votre site contre les logiciels malveillants et les violations de donn\u00e9es, afin de pr\u00e9server la r\u00e9putation de votre magasin et de prot\u00e9ger les informations de vos clients.<\/li>\n\n\n\n<li><strong>Soutenir le d\u00e9veloppement futur<\/strong>: L'achat du plugin authentique permet de soutenir les d\u00e9veloppeurs et de contribuer aux am\u00e9liorations futures.<\/li>\n<\/ul>\n\n\n\n<div style=\"height:25px\" aria-hidden=\"true\" class=\"wp-block-spacer\"><\/div>\n\n\n\n<h2 class=\"wp-block-heading\">S\u00e9curisez votre boutique WooCommerce avec le plugin Authentic Coupon Affiliates<\/h2>\n\n\n\n<p>\u00c9vitez les pi\u00e8ges potentiels associ\u00e9s aux versions GPL du plugin Coupon Affiliates.<\/p>\n\n\n\n<p>Choisissez le plugin officiel pour un syst\u00e8me d'affiliation robuste, rationalis\u00e9 et sans probl\u00e8me.<\/p>\n\n\n\n<p>D\u00e9couvrez notre version d'essai de 7 jours et notre politique de remboursement de 14 jours pour d\u00e9couvrir les fonctionnalit\u00e9s du plugin sans risque.<\/p>\n\n\n\n<div style=\"height:25px\" aria-hidden=\"true\" class=\"wp-block-spacer\"><\/div>\n\n\n\n<div class=\"wp-block-buttons is-layout-flex wp-block-buttons-is-layout-flex\">\n<div class=\"wp-block-button has-custom-font-size is-style-fill has-large-font-size\" style=\"font-style:normal;font-weight:400\"><a class=\"wp-block-button__link has-white-color has-text-color has-background wp-element-button\" href=\"\/fr\/la-tarification\/\" style=\"background-color:#323232\">ESSAYEZ MAINTENANT - GRATUIT PENDANT 7 JOURS<\/a><\/div>\n<\/div>\n\n\n\n<div style=\"height:25px\" aria-hidden=\"true\" class=\"wp-block-spacer\"><\/div>","protected":false},"excerpt":{"rendered":"<p>Vous envisagez peut-\u00eatre d'acqu\u00e9rir une version GPL du plugin Coupon Affiliates pour votre site WooCommerce via un site GPL. A premi\u00e8re vue, il s'agit d'un choix \u00e9conomique - un moyen d'utiliser les fonctionnalit\u00e9s du plugin sans le co\u00fbt associ\u00e9. Cependant, il est essentiel de comprendre les d\u00e9fis et les inconv\u00e9nients potentiels li\u00e9s \u00e0 [...]<\/p>","protected":false},"author":1,"featured_media":0,"parent":0,"menu_order":21,"comment_status":"closed","ping_status":"closed","template":"","meta":{"_kad_blocks_custom_css":"","_kad_blocks_head_custom_js":"","_kad_blocks_body_custom_js":"","_kad_blocks_footer_custom_js":"","footnotes":"","_links_to":"","_links_to_target":""},"class_list":["post-14621","page","type-page","status-publish","hentry","wpbf-post"],"taxonomy_info":[],"featured_image_src_large":false,"author_info":{"display_name":"Elliot Sowersby","author_link":"#"},"comment_info":0,"_links":{"self":[{"href":"https:\/\/couponaffiliates.com\/fr\/wp-json\/wp\/v2\/pages\/14621","targetHints":{"allow":["GET"]}}],"collection":[{"href":"https:\/\/couponaffiliates.com\/fr\/wp-json\/wp\/v2\/pages"}],"about":[{"href":"https:\/\/couponaffiliates.com\/fr\/wp-json\/wp\/v2\/types\/page"}],"author":[{"embeddable":true,"href":"https:\/\/couponaffiliates.com\/fr\/wp-json\/wp\/v2\/users\/1"}],"replies":[{"embeddable":true,"href":"https:\/\/couponaffiliates.com\/fr\/wp-json\/wp\/v2\/comments?post=14621"}],"version-history":[{"count":6,"href":"https:\/\/couponaffiliates.com\/fr\/wp-json\/wp\/v2\/pages\/14621\/revisions"}],"predecessor-version":[{"id":14631,"href":"https:\/\/couponaffiliates.com\/fr\/wp-json\/wp\/v2\/pages\/14621\/revisions\/14631"}],"wp:attachment":[{"href":"https:\/\/couponaffiliates.com\/fr\/wp-json\/wp\/v2\/media?parent=14621"}],"curies":[{"name":"wp","href":"https:\/\/api.w.org\/{rel}","templated":true}]}}