{"id":1991,"date":"2021-02-21T17:00:48","date_gmt":"2021-02-21T17:00:48","guid":{"rendered":"http:\/\/a8759758b2.nxcli.io\/?page_id=1991"},"modified":"2023-07-22T20:01:49","modified_gmt":"2023-07-22T20:01:49","slug":"politique-en-matiere-de-cookies","status":"publish","type":"page","link":"https:\/\/couponaffiliates.com\/fr\/politique-en-matiere-de-cookies\/","title":{"rendered":"Politique en mati\u00e8re de cookies"},"content":{"rendered":"<a href='#' class='iubenda-cs-preferences-link'>G\u00e9rer vos choix en mati\u00e8re de protection de la vie priv\u00e9e<\/a>\n\n<a href=\"https:\/\/www.iubenda.com\/privacy-policy\/67486479\/cookie-policy\" class=\"iubenda-nostyle no-brand iubenda-noiframe iubenda-embed iub-no-markup iubenda-noiframe iub-body-embed\" title=\"Politique en mati\u00e8re de cookies\" target=\"_blank\" rel=\"noopener\">Politique en mati\u00e8re de cookies<\/a><script type=\"text\/javascript\">(function (w,d) {var loader = function () {var s = d.createElement(\"script\"), tag = d.getElementsByTagName(\"script\")[0]; s.src=\"https:\/\/cdn.iubenda.com\/iubenda.js\"; tag.parentNode.insertBefore(s,tag);}; if(w.addEventListener){w.addEventListener(\"load\", loader, false);}else if(w.attachEvent){w.attachEvent(\"onload\", loader);}else{w.onload = loader;}})(window, document);<\/script>","protected":false},"excerpt":{"rendered":"<p>G\u00e9rer vos choix en mati\u00e8re de protection de la vie priv\u00e9e Politique en mati\u00e8re de cookies<\/p>","protected":false},"author":1,"featured_media":0,"parent":0,"menu_order":36,"comment_status":"closed","ping_status":"closed","template":"","meta":{"_kad_blocks_custom_css":"","_kad_blocks_head_custom_js":"","_kad_blocks_body_custom_js":"","_kad_blocks_footer_custom_js":"","footnotes":"","_links_to":"","_links_to_target":""},"class_list":["post-1991","page","type-page","status-publish","hentry","wpbf-post"],"taxonomy_info":[],"featured_image_src_large":false,"author_info":{"display_name":"Elliot Sowersby","author_link":"#"},"comment_info":0,"_links":{"self":[{"href":"https:\/\/couponaffiliates.com\/fr\/wp-json\/wp\/v2\/pages\/1991","targetHints":{"allow":["GET"]}}],"collection":[{"href":"https:\/\/couponaffiliates.com\/fr\/wp-json\/wp\/v2\/pages"}],"about":[{"href":"https:\/\/couponaffiliates.com\/fr\/wp-json\/wp\/v2\/types\/page"}],"author":[{"embeddable":true,"href":"https:\/\/couponaffiliates.com\/fr\/wp-json\/wp\/v2\/users\/1"}],"replies":[{"embeddable":true,"href":"https:\/\/couponaffiliates.com\/fr\/wp-json\/wp\/v2\/comments?post=1991"}],"version-history":[{"count":19,"href":"https:\/\/couponaffiliates.com\/fr\/wp-json\/wp\/v2\/pages\/1991\/revisions"}],"predecessor-version":[{"id":12834,"href":"https:\/\/couponaffiliates.com\/fr\/wp-json\/wp\/v2\/pages\/1991\/revisions\/12834"}],"wp:attachment":[{"href":"https:\/\/couponaffiliates.com\/fr\/wp-json\/wp\/v2\/media?parent=1991"}],"curies":[{"name":"wp","href":"https:\/\/api.w.org\/{rel}","templated":true}]}}