{"id":21125,"date":"2025-06-10T10:59:19","date_gmt":"2025-06-10T10:59:19","guid":{"rendered":"https:\/\/couponaffiliates.com\/?page_id=21125"},"modified":"2025-07-04T13:29:56","modified_gmt":"2025-07-04T13:29:56","slug":"signaler-une-vulnerabilite","status":"publish","type":"page","link":"https:\/\/couponaffiliates.com\/fr\/signaler-une-vulnerabilite\/","title":{"rendered":"Comment puis-je signaler des bogues de s\u00e9curit\u00e9 ?"},"content":{"rendered":"<p>Vous pouvez signaler des bogues de s\u00e9curit\u00e9 par l'interm\u00e9diaire du programme de divulgation des vuln\u00e9rabilit\u00e9s de Patchstack.<\/p>\n\n\n\n<p>L'\u00e9quipe de Patchstack aide \u00e0 valider, \u00e0 trier et \u00e0 traiter toutes les vuln\u00e9rabilit\u00e9s en mati\u00e8re de s\u00e9curit\u00e9.<\/p>\n\n\n\n<p><a href=\"https:\/\/patchstack.com\/database\/vdp\/9e5fb610-859b-44d5-95a4-697c049fa837\" target=\"_blank\" rel=\"noopener\"><strong><span style=\"text-decoration: underline;\">Signaler une faille de s\u00e9curit\u00e9.<\/span><\/strong><\/a><\/p>\n\n\n\n<iframe width=\"500\" height=\"700\" src=\"https:\/\/vdp.patchstack.com\/iframe\/vendor?uuids=9e5fb610-859b-44d5-95a4-697c049fa837&#038;theme=light\" style=\"width: 100%;\"><\/iframe>","protected":false},"excerpt":{"rendered":"<p>Vous pouvez signaler des bogues de s\u00e9curit\u00e9 par l'interm\u00e9diaire du programme de divulgation des vuln\u00e9rabilit\u00e9s de Patchstack. L'\u00e9quipe de Patchstack aide \u00e0 valider, \u00e0 trier et \u00e0 traiter les vuln\u00e9rabilit\u00e9s de s\u00e9curit\u00e9. Signaler une faille de s\u00e9curit\u00e9.<\/p>","protected":false},"author":1,"featured_media":0,"parent":0,"menu_order":0,"comment_status":"closed","ping_status":"closed","template":"","meta":{"_kad_blocks_custom_css":"","_kad_blocks_head_custom_js":"","_kad_blocks_body_custom_js":"","_kad_blocks_footer_custom_js":"","footnotes":"","_links_to":"","_links_to_target":""},"class_list":["post-21125","page","type-page","status-publish","hentry","wpbf-post"],"taxonomy_info":[],"featured_image_src_large":false,"author_info":{"display_name":"Elliot Sowersby","author_link":"#"},"comment_info":0,"_links":{"self":[{"href":"https:\/\/couponaffiliates.com\/fr\/wp-json\/wp\/v2\/pages\/21125","targetHints":{"allow":["GET"]}}],"collection":[{"href":"https:\/\/couponaffiliates.com\/fr\/wp-json\/wp\/v2\/pages"}],"about":[{"href":"https:\/\/couponaffiliates.com\/fr\/wp-json\/wp\/v2\/types\/page"}],"author":[{"embeddable":true,"href":"https:\/\/couponaffiliates.com\/fr\/wp-json\/wp\/v2\/users\/1"}],"replies":[{"embeddable":true,"href":"https:\/\/couponaffiliates.com\/fr\/wp-json\/wp\/v2\/comments?post=21125"}],"version-history":[{"count":8,"href":"https:\/\/couponaffiliates.com\/fr\/wp-json\/wp\/v2\/pages\/21125\/revisions"}],"predecessor-version":[{"id":21403,"href":"https:\/\/couponaffiliates.com\/fr\/wp-json\/wp\/v2\/pages\/21125\/revisions\/21403"}],"wp:attachment":[{"href":"https:\/\/couponaffiliates.com\/fr\/wp-json\/wp\/v2\/media?parent=21125"}],"curies":[{"name":"wp","href":"https:\/\/api.w.org\/{rel}","templated":true}]}}