{"id":6157,"date":"2021-11-15T12:04:11","date_gmt":"2021-11-15T12:04:11","guid":{"rendered":"http:\/\/a8759758b2.nxcli.io\/?page_id=6157"},"modified":"2022-02-07T01:59:34","modified_gmt":"2022-02-07T01:59:34","slug":"comparer-les-regimes","status":"publish","type":"page","link":"https:\/\/couponaffiliates.com\/fr\/comparer-les-regimes\/","title":{"rendered":"Comparer les plans"},"content":{"rendered":"<p>Au d\u00e9but de l'ann\u00e9e 2022, nous modifierons notre produit pour le diviser en trois paquets diff\u00e9rents.<\/p>\n\n\n\n<p>Les abonnements actifs existants seront maintenus. Les nouveaux plans n'affecteront que les nouveaux abonnements. <\/p>\n\n\n\n<p>Voici un aper\u00e7u des projets \u00e0 venir (sous r\u00e9serve de modifications) :<\/p>\n\n\n<p>[ARPrice id=100]<\/p>","protected":false},"excerpt":{"rendered":"<p>Au d\u00e9but de l'ann\u00e9e 2022, nous modifierons notre produit pour le diviser en trois forfaits diff\u00e9rents. Les abonnements actifs existants b\u00e9n\u00e9ficieront d'une clause d'ant\u00e9riorit\u00e9. Les nouveaux plans n'affecteront que les nouveaux abonnements. Voici un aper\u00e7u des plans \u00e0 venir (sous r\u00e9serve de modifications) :<\/p>","protected":false},"author":1,"featured_media":0,"parent":0,"menu_order":43,"comment_status":"closed","ping_status":"closed","template":"","meta":{"_kad_blocks_custom_css":"","_kad_blocks_head_custom_js":"","_kad_blocks_body_custom_js":"","_kad_blocks_footer_custom_js":"","footnotes":"","_links_to":"","_links_to_target":""},"class_list":["post-6157","page","type-page","status-publish","hentry","wpbf-post"],"taxonomy_info":[],"featured_image_src_large":false,"author_info":{"display_name":"Elliot Sowersby","author_link":"#"},"comment_info":0,"_links":{"self":[{"href":"https:\/\/couponaffiliates.com\/fr\/wp-json\/wp\/v2\/pages\/6157","targetHints":{"allow":["GET"]}}],"collection":[{"href":"https:\/\/couponaffiliates.com\/fr\/wp-json\/wp\/v2\/pages"}],"about":[{"href":"https:\/\/couponaffiliates.com\/fr\/wp-json\/wp\/v2\/types\/page"}],"author":[{"embeddable":true,"href":"https:\/\/couponaffiliates.com\/fr\/wp-json\/wp\/v2\/users\/1"}],"replies":[{"embeddable":true,"href":"https:\/\/couponaffiliates.com\/fr\/wp-json\/wp\/v2\/comments?post=6157"}],"version-history":[{"count":9,"href":"https:\/\/couponaffiliates.com\/fr\/wp-json\/wp\/v2\/pages\/6157\/revisions"}],"predecessor-version":[{"id":7617,"href":"https:\/\/couponaffiliates.com\/fr\/wp-json\/wp\/v2\/pages\/6157\/revisions\/7617"}],"wp:attachment":[{"href":"https:\/\/couponaffiliates.com\/fr\/wp-json\/wp\/v2\/media?parent=6157"}],"curies":[{"name":"wp","href":"https:\/\/api.w.org\/{rel}","templated":true}]}}