{"id":6251,"date":"2021-11-18T12:15:10","date_gmt":"2021-11-18T12:15:10","guid":{"rendered":"http:\/\/a8759758b2.nxcli.io\/?page_id=6251"},"modified":"2021-11-21T12:28:08","modified_gmt":"2021-11-21T12:28:08","slug":"enquete","status":"publish","type":"page","link":"https:\/\/couponaffiliates.com\/fr\/enquete\/","title":{"rendered":"Coupon Affiliates - Enqu\u00eate"},"content":{"rendered":"<div data-elementor-type=\"wp-page\" data-elementor-id=\"6251\" class=\"elementor elementor-6251\" data-elementor-post-type=\"page\">\n\t\t\t\t\t\t<section class=\"elementor-section elementor-top-section elementor-element elementor-element-0c4d6dc elementor-section-boxed elementor-section-height-default elementor-section-height-default\" data-id=\"0c4d6dc\" data-element_type=\"section\" data-e-type=\"section\">\n\t\t\t\t\t\t<div class=\"elementor-container elementor-column-gap-default\">\n\t\t\t\t\t<div class=\"elementor-column elementor-col-100 elementor-top-column elementor-element elementor-element-92dd4d3\" data-id=\"92dd4d3\" data-element_type=\"column\" data-e-type=\"column\">\n\t\t\t<div class=\"elementor-widget-wrap elementor-element-populated\">\n\t\t\t\t\t\t<div class=\"elementor-element elementor-element-054690c elementor-widget elementor-widget-text-editor\" data-id=\"054690c\" data-element_type=\"widget\" data-e-type=\"widget\" data-widget_type=\"text-editor.default\">\n\t\t\t\t<div class=\"elementor-widget-container\">\n\t\t\t\t\t\t\t\t\t<p>Utilisez-vous actuellement Coupon Affiliates PRO sur votre boutique WooCommerce ?<\/p><p>Aidez-nous \u00e0 am\u00e9liorer le plugin en prenant 2 minutes pour r\u00e9pondre \u00e0 l'enqu\u00eate ci-dessous. Tous les commentaires sont appr\u00e9ci\u00e9s !<\/p>\t\t\t\t\t\t\t\t<\/div>\n\t\t\t\t<\/div>\n\t\t\t\t<div class=\"elementor-element elementor-element-dad410c elementor-button-align-stretch elementor-widget elementor-widget-form\" data-id=\"dad410c\" data-element_type=\"widget\" data-e-type=\"widget\" data-settings=\"{&quot;step_next_label&quot;:&quot;Next&quot;,&quot;step_previous_label&quot;:&quot;Previous&quot;,&quot;button_width&quot;:&quot;100&quot;,&quot;step_type&quot;:&quot;number_text&quot;,&quot;step_icon_shape&quot;:&quot;circle&quot;}\" data-widget_type=\"form.default\">\n\t\t\t\t<div class=\"elementor-widget-container\">\n\t\t\t\t\t\t\t<form class=\"elementor-form\" method=\"post\" name=\"New Form\" aria-label=\"Nouveau formulaire\" action=\"\">\n\t\t\t<input type=\"hidden\" name=\"post_id\" value=\"6251\"\/>\n\t\t\t<input type=\"hidden\" name=\"form_id\" value=\"dad410c\"\/>\n\t\t\t<input type=\"hidden\" name=\"referer_title\" value=\"Coupon Affiliates - Survey - Coupon Affiliates\" \/>\n\n\t\t\t\t\t\t\t<input type=\"hidden\" name=\"queried_id\" value=\"6251\"\/>\n\t\t\t\n\t\t\t<div class=\"elementor-form-fields-wrapper elementor-labels-above\">\n\t\t\t\t\t\t\t\t<div class=\"elementor-field-type-text elementor-field-group elementor-column elementor-field-group-name elementor-col-100\">\n\t\t\t\t\t\t\t\t\t\t\t\t<label for=\"form-field-name\" class=\"elementor-field-label\">\n\t\t\t\t\t\t\t\tNom\t\t\t\t\t\t\t<\/label>\n\t\t\t\t\t\t\t\t\t\t\t\t\t\t<input size=\"1\" type=\"text\" name=\"form_fields[name]\" id=\"form-field-name\" class=\"elementor-field elementor-size-md  elementor-field-textual\">\n\t\t\t\t\t\t\t\t\t\t\t<\/div>\n\t\t\t\t\t\t\t\t<div class=\"elementor-field-type-email elementor-field-group elementor-column elementor-field-group-email elementor-col-100 elementor-field-required\">\n\t\t\t\t\t\t\t\t\t\t\t\t<label for=\"form-field-email\" class=\"elementor-field-label\">\n\t\t\t\t\t\t\t\tAdresse \u00e9lectronique\t\t\t\t\t\t\t<\/label>\n\t\t\t\t\t\t\t\t\t\t\t\t\t\t<input size=\"1\" type=\"email\" name=\"form_fields[email]\" id=\"form-field-email\" class=\"elementor-field elementor-size-md  elementor-field-textual\" required=\"required\">\n\t\t\t\t\t\t\t\t\t\t\t<\/div>\n\t\t\t\t\t\t\t\t<div class=\"elementor-field-type-select elementor-field-group elementor-column elementor-field-group-field_cf5dba5 elementor-col-100\">\n\t\t\t\t\t\t\t\t\t\t\t\t<label for=\"form-field-field_cf5dba5\" class=\"elementor-field-label\">\n\t\t\t\t\t\t\t\tQuelle est votre fonction PRO pr\u00e9f\u00e9r\u00e9e ?\t\t\t\t\t\t\t<\/label>\n\t\t\t\t\t\t\t\t<div class=\"elementor-field elementor-select-wrapper remove-before\">\n\t\t\t<div class=\"select-caret-down-wrapper\">\n\t\t\t\t<i aria-hidden=\"true\" class=\"eicon-caret-down\"><\/i>\t\t\t<\/div>\n\t\t\t<select name=\"form_fields[field_cf5dba5]\" id=\"form-field-field_cf5dba5\" class=\"elementor-field-textual elementor-size-md\">\n\t\t\t\t\t\t\t\t\t<option value=\"\"><\/option>\n\t\t\t\t\t\t\t\t\t<option value=\"Monthly Orders Stats Table\">Tableau des statistiques des commandes mensuelles<\/option>\n\t\t\t\t\t\t\t\t\t<option value=\"Commission Line Graphs\">Graphiques lin\u00e9aires de la Commission<\/option>\n\t\t\t\t\t\t\t\t\t<option value=\"Export Order Tables To Excel File\">Exporter les tableaux de commande vers un fichier Excel<\/option>\n\t\t\t\t\t\t\t\t\t<option value=\"Creatives Section\">Section des cr\u00e9atifs<\/option>\n\t\t\t\t\t\t\t\t\t<option value=\"Custom Dashboard Tabs \/ Sections\">Onglets \/ sections personnalis\u00e9s du tableau de bord<\/option>\n\t\t\t\t\t\t\t\t\t<option value=\"Unpaid Commission Tracking\">Suivi des commissions non r\u00e9mun\u00e9r\u00e9es<\/option>\n\t\t\t\t\t\t\t\t\t<option value=\"Commission Payout Requests\">Demandes de paiement de la Commission<\/option>\n\t\t\t\t\t\t\t\t\t<option value=\"One-Click Stripe Payouts\">Paiements Stripe en un clic<\/option>\n\t\t\t\t\t\t\t\t\t<option value=\"One-Click PayPal Payouts\">Paiements PayPal en un clic<\/option>\n\t\t\t\t\t\t\t\t\t<option value=\"Scheduled Payout Requests\">Demandes de paiement programm\u00e9<\/option>\n\t\t\t\t\t\t\t\t\t<option value=\"Payout Threshold &amp; Commission Delay\">Seuil de paiement et d\u00e9lai de commission<\/option>\n\t\t\t\t\t\t\t\t\t<option value=\"Invoices For Payouts\">Factures pour les paiements<\/option>\n\t\t\t\t\t\t\t\t\t<option value=\"PDF Statements For Payouts\">Fiches PDF pour les paiements<\/option>\n\t\t\t\t\t\t\t\t\t<option value=\"Commission Per Product &amp; Coupon\">Commission par produit et coupon<\/option>\n\t\t\t\t\t\t\t\t\t<option value=\"Lifetime Commission\">Commission \u00e0 vie<\/option>\n\t\t\t\t\t\t\t\t\t<option value=\"Campaigns\">Campagnes<\/option>\n\t\t\t\t\t\t\t\t\t<option value=\"Social Sharing\">Partage social<\/option>\n\t\t\t\t\t\t\t\t\t<option value=\"Short URL Generator\">G\u00e9n\u00e9rateur d'URL courtes<\/option>\n\t\t\t\t\t\t\t\t\t<option value=\"QR Code Generator\">G\u00e9n\u00e9rateur de code QR<\/option>\n\t\t\t\t\t\t\t\t\t<option value=\"Affiliate Landing Pages\">Pages d'atterrissage pour les affili\u00e9s<\/option>\n\t\t\t\t\t\t\t\t\t<option value=\"Advanced Admin Reports &amp; Analytics\">Rapports administratifs avanc\u00e9s et analyses<\/option>\n\t\t\t\t\t\t\t\t\t<option value=\"Affiliate Email &amp; PDF Reports\">Affiliate Email &amp; PDF Reports<\/option>\n\t\t\t\t\t\t\t\t\t<option value=\"Affiliate Registration Forms\">Formulaires d'inscription des affili\u00e9s<\/option>\n\t\t\t\t\t\t\t<\/select>\n\t\t<\/div>\n\t\t\t\t\t\t<\/div>\n\t\t\t\t\t\t\t\t<div class=\"elementor-field-type-checkbox elementor-field-group elementor-column elementor-field-group-field_28abf1a elementor-col-100\">\n\t\t\t\t\t\t\t\t\t\t\t\t<label for=\"form-field-field_28abf1a\" class=\"elementor-field-label\">\n\t\t\t\t\t\t\t\tVeuillez s\u00e9lectionner jusqu'\u00e0 5 caract\u00e9ristiques du plugin qui sont les plus importantes pour vous :\t\t\t\t\t\t\t<\/label>\n\t\t\t\t\t\t<div class=\"elementor-field-subgroup\"><span class=\"elementor-field-option\"><input type=\"checkbox\" value=\"Coupon Usage Statistics &amp; Commission Calculations\" id=\"form-field-field_28abf1a-0\" name=\"form_fields[field_28abf1a][]\"> <label for=\"form-field-field_28abf1a-0\">Statistiques d'utilisation des coupons et calcul des commissions<\/label><\/span><span class=\"elementor-field-option\"><input type=\"checkbox\" value=\"Recent Orders Table For Coupons\" id=\"form-field-field_28abf1a-1\" name=\"form_fields[field_28abf1a][]\"> <label for=\"form-field-field_28abf1a-1\">Commandes r\u00e9centes Tableau des coupons<\/label><\/span><span class=\"elementor-field-option\"><input type=\"checkbox\" value=\"Monthly Orders Stats Table\" id=\"form-field-field_28abf1a-2\" name=\"form_fields[field_28abf1a][]\"> <label for=\"form-field-field_28abf1a-2\">Tableau des statistiques des commandes mensuelles<\/label><\/span><span class=\"elementor-field-option\"><input type=\"checkbox\" value=\"Commission Line Graphs\" id=\"form-field-field_28abf1a-3\" name=\"form_fields[field_28abf1a][]\"> <label for=\"form-field-field_28abf1a-3\">Graphiques lin\u00e9aires de la Commission<\/label><\/span><span class=\"elementor-field-option\"><input type=\"checkbox\" value=\"Export Order Tables To Excel File\" id=\"form-field-field_28abf1a-4\" name=\"form_fields[field_28abf1a][]\"> <label for=\"form-field-field_28abf1a-4\">Exporter les tableaux de commande vers un fichier Excel<\/label><\/span><span class=\"elementor-field-option\"><input type=\"checkbox\" value=\"Creatives Section\" id=\"form-field-field_28abf1a-5\" name=\"form_fields[field_28abf1a][]\"> <label for=\"form-field-field_28abf1a-5\">Section des cr\u00e9atifs<\/label><\/span><span class=\"elementor-field-option\"><input type=\"checkbox\" value=\"Custom Dashboard Tabs \/ Sections\" id=\"form-field-field_28abf1a-6\" name=\"form_fields[field_28abf1a][]\"> <label for=\"form-field-field_28abf1a-6\">Onglets \/ sections personnalis\u00e9s du tableau de bord<\/label><\/span><span class=\"elementor-field-option\"><input type=\"checkbox\" value=\"Unpaid Commission Tracking\" id=\"form-field-field_28abf1a-7\" name=\"form_fields[field_28abf1a][]\"> <label for=\"form-field-field_28abf1a-7\">Suivi des commissions non r\u00e9mun\u00e9r\u00e9es<\/label><\/span><span class=\"elementor-field-option\"><input type=\"checkbox\" value=\"Commission Payout Requests\" id=\"form-field-field_28abf1a-8\" name=\"form_fields[field_28abf1a][]\"> <label for=\"form-field-field_28abf1a-8\">Demandes de paiement de la Commission<\/label><\/span><span class=\"elementor-field-option\"><input type=\"checkbox\" value=\"One-Click Stripe Payouts\" id=\"form-field-field_28abf1a-9\" name=\"form_fields[field_28abf1a][]\"> <label for=\"form-field-field_28abf1a-9\">Paiements Stripe en un clic<\/label><\/span><span class=\"elementor-field-option\"><input type=\"checkbox\" value=\"One-Click PayPal Payouts\" id=\"form-field-field_28abf1a-10\" name=\"form_fields[field_28abf1a][]\"> <label for=\"form-field-field_28abf1a-10\">Paiements PayPal en un clic<\/label><\/span><span class=\"elementor-field-option\"><input type=\"checkbox\" value=\"Scheduled Payout Requests\" id=\"form-field-field_28abf1a-11\" name=\"form_fields[field_28abf1a][]\"> <label for=\"form-field-field_28abf1a-11\">Demandes de paiement programm\u00e9<\/label><\/span><span class=\"elementor-field-option\"><input type=\"checkbox\" value=\"Payout Threshold &amp; Commission Delay\" id=\"form-field-field_28abf1a-12\" name=\"form_fields[field_28abf1a][]\"> <label for=\"form-field-field_28abf1a-12\">Seuil de paiement et d\u00e9lai de commission<\/label><\/span><span class=\"elementor-field-option\"><input type=\"checkbox\" value=\"Invoices For Payouts\" id=\"form-field-field_28abf1a-13\" name=\"form_fields[field_28abf1a][]\"> <label for=\"form-field-field_28abf1a-13\">Factures pour les paiements<\/label><\/span><span class=\"elementor-field-option\"><input type=\"checkbox\" value=\"PDF Statements For Payouts\" id=\"form-field-field_28abf1a-14\" name=\"form_fields[field_28abf1a][]\"> <label for=\"form-field-field_28abf1a-14\">Fiches PDF pour les paiements<\/label><\/span><span class=\"elementor-field-option\"><input type=\"checkbox\" value=\"Commission Per Product &amp; Coupon\" id=\"form-field-field_28abf1a-15\" name=\"form_fields[field_28abf1a][]\"> <label for=\"form-field-field_28abf1a-15\">Commission par produit et coupon<\/label><\/span><span class=\"elementor-field-option\"><input type=\"checkbox\" value=\"Lifetime Commission\" id=\"form-field-field_28abf1a-16\" name=\"form_fields[field_28abf1a][]\"> <label for=\"form-field-field_28abf1a-16\">Commission \u00e0 vie<\/label><\/span><span class=\"elementor-field-option\"><input type=\"checkbox\" value=\"Referral URLs &amp; Click Tracking \/ Auto Apply Coupon Via Referral URL\" id=\"form-field-field_28abf1a-17\" name=\"form_fields[field_28abf1a][]\"> <label for=\"form-field-field_28abf1a-17\">Referral URLs &amp; Click Tracking \/ Appliquer automatiquement un coupon via l'URL de r\u00e9f\u00e9rence<\/label><\/span><span class=\"elementor-field-option\"><input type=\"checkbox\" value=\"Referral URL Cookie Duration\" id=\"form-field-field_28abf1a-18\" name=\"form_fields[field_28abf1a][]\"> <label for=\"form-field-field_28abf1a-18\">URL de r\u00e9f\u00e9rence Dur\u00e9e du cookie<\/label><\/span><span class=\"elementor-field-option\"><input type=\"checkbox\" value=\"Campaigns\" id=\"form-field-field_28abf1a-19\" name=\"form_fields[field_28abf1a][]\"> <label for=\"form-field-field_28abf1a-19\">Campagnes<\/label><\/span><span class=\"elementor-field-option\"><input type=\"checkbox\" value=\"Social Sharing\" id=\"form-field-field_28abf1a-20\" name=\"form_fields[field_28abf1a][]\"> <label for=\"form-field-field_28abf1a-20\">Partage social<\/label><\/span><span class=\"elementor-field-option\"><input type=\"checkbox\" value=\"Short URL Generator\" id=\"form-field-field_28abf1a-21\" name=\"form_fields[field_28abf1a][]\"> <label for=\"form-field-field_28abf1a-21\">G\u00e9n\u00e9rateur d'URL courtes<\/label><\/span><span class=\"elementor-field-option\"><input type=\"checkbox\" value=\"QR Code Generator\" id=\"form-field-field_28abf1a-22\" name=\"form_fields[field_28abf1a][]\"> <label for=\"form-field-field_28abf1a-22\">G\u00e9n\u00e9rateur de code QR<\/label><\/span><span class=\"elementor-field-option\"><input type=\"checkbox\" value=\"Affiliate Landing Pages\" id=\"form-field-field_28abf1a-23\" name=\"form_fields[field_28abf1a][]\"> <label for=\"form-field-field_28abf1a-23\">Pages d'atterrissage pour les affili\u00e9s<\/label><\/span><span class=\"elementor-field-option\"><input type=\"checkbox\" value=\"Admin Reports &amp; Analytics\" id=\"form-field-field_28abf1a-24\" name=\"form_fields[field_28abf1a][]\"> <label for=\"form-field-field_28abf1a-24\">Rapports administratifs et analyses<\/label><\/span><span class=\"elementor-field-option\"><input type=\"checkbox\" value=\"Affiliate Email &amp; PDF Reports\" id=\"form-field-field_28abf1a-25\" name=\"form_fields[field_28abf1a][]\"> <label for=\"form-field-field_28abf1a-25\">Affiliate Email &amp; PDF Reports<\/label><\/span><span class=\"elementor-field-option\"><input type=\"checkbox\" value=\"Affiliate Email Notifications\" id=\"form-field-field_28abf1a-26\" name=\"form_fields[field_28abf1a][]\"> <label for=\"form-field-field_28abf1a-26\">Notifications par courrier \u00e9lectronique des affili\u00e9s<\/label><\/span><span class=\"elementor-field-option\"><input type=\"checkbox\" value=\"Affiliate Registration Forms\" id=\"form-field-field_28abf1a-27\" name=\"form_fields[field_28abf1a][]\"> <label for=\"form-field-field_28abf1a-27\">Formulaires d'inscription des affili\u00e9s<\/label><\/span><span class=\"elementor-field-option\"><input type=\"checkbox\" value=\"Automatic Or Manual Approvals\" id=\"form-field-field_28abf1a-28\" name=\"form_fields[field_28abf1a][]\"> <label for=\"form-field-field_28abf1a-28\">Agr\u00e9ments automatiques ou manuels<\/label><\/span><span class=\"elementor-field-option\"><input type=\"checkbox\" value=\"Automatic Coupon Creation\" id=\"form-field-field_28abf1a-29\" name=\"form_fields[field_28abf1a][]\"> <label for=\"form-field-field_28abf1a-29\">Cr\u00e9ation automatique de coupons<\/label><\/span><span class=\"elementor-field-option\"><input type=\"checkbox\" value=\"Multi-Currency Support\" id=\"form-field-field_28abf1a-30\" name=\"form_fields[field_28abf1a][]\"> <label for=\"form-field-field_28abf1a-30\">Prise en charge de plusieurs devises<\/label><\/span><span class=\"elementor-field-option\"><input type=\"checkbox\" value=\"Automatic Refund Handling\" id=\"form-field-field_28abf1a-31\" name=\"form_fields[field_28abf1a][]\"> <label for=\"form-field-field_28abf1a-31\">Traitement automatique des remboursements<\/label><\/span><span class=\"elementor-field-option\"><input type=\"checkbox\" value=\"Subscriptions Support\" id=\"form-field-field_28abf1a-32\" name=\"form_fields[field_28abf1a][]\"> <label for=\"form-field-field_28abf1a-32\">Support pour les abonnements<\/label><\/span><\/div>\t\t\t\t<\/div>\n\t\t\t\t\t\t\t\t<div class=\"elementor-field-type-textarea elementor-field-group elementor-column elementor-field-group-message elementor-col-100\">\n\t\t\t\t\t\t\t\t\t\t\t\t<label for=\"form-field-message\" class=\"elementor-field-label\">\n\t\t\t\t\t\t\t\tY a-t-il quelque chose de particulier qui vous a pouss\u00e9 \u00e0 utiliser notre plugin pour votre syst\u00e8me d'affiliation ?\t\t\t\t\t\t\t<\/label>\n\t\t\t\t\t\t<textarea class=\"elementor-field-textual elementor-field  elementor-size-md\" name=\"form_fields[message]\" id=\"form-field-message\" rows=\"4\"><\/textarea>\t\t\t\t<\/div>\n\t\t\t\t\t\t\t\t<div class=\"elementor-field-type-textarea elementor-field-group elementor-column elementor-field-group-field_1921c0c elementor-col-100\">\n\t\t\t\t\t\t\t\t\t\t\t\t<label for=\"form-field-field_1921c0c\" class=\"elementor-field-label\">\n\t\t\t\t\t\t\t\tAvez-vous rencontr\u00e9 des difficult\u00e9s ou des confusions lors de l'installation du plugin ?\t\t\t\t\t\t\t<\/label>\n\t\t\t\t\t\t<textarea class=\"elementor-field-textual elementor-field  elementor-size-md\" name=\"form_fields[field_1921c0c]\" id=\"form-field-field_1921c0c\" rows=\"4\"><\/textarea>\t\t\t\t<\/div>\n\t\t\t\t\t\t\t\t<div class=\"elementor-field-type-select elementor-field-group elementor-column elementor-field-group-field_0bc1e77 elementor-col-100\">\n\t\t\t\t\t\t\t\t\t\t\t\t<label for=\"form-field-field_0bc1e77\" class=\"elementor-field-label\">\n\t\t\t\t\t\t\t\tParmi les fonctionnalit\u00e9s suivantes, laquelle attendez-vous avec le plus d'impatience ?\t\t\t\t\t\t\t<\/label>\n\t\t\t\t\t\t\t\t<div class=\"elementor-field elementor-select-wrapper remove-before\">\n\t\t\t<div class=\"select-caret-down-wrapper\">\n\t\t\t\t<i aria-hidden=\"true\" class=\"eicon-caret-down\"><\/i>\t\t\t<\/div>\n\t\t\t<select name=\"form_fields[field_0bc1e77]\" id=\"form-field-field_0bc1e77\" class=\"elementor-field-textual elementor-size-md\">\n\t\t\t\t\t\t\t\t\t<option value=\"\"><\/option>\n\t\t\t\t\t\t\t\t\t<option value=\"Payout As Store Credit\">Paiement sous forme de cr\u00e9dit magasin<\/option>\n\t\t\t\t\t\t\t\t\t<option value=\"Direct Link Tracking\">Suivi des liens directs<\/option>\n\t\t\t\t\t\t\t\t\t<option value=\"Performance Bonuses\">Primes de performance<\/option>\n\t\t\t\t\t\t\t\t\t<option value=\"Custom Fields For Registration Form\">Champs personnalis\u00e9s pour le formulaire d'inscription<\/option>\n\t\t\t\t\t\t\t\t\t<option value=\"Push Notifications\">Notifications push<\/option>\n\t\t\t\t\t\t\t\t\t<option value=\"Assign Multiple Users\">Affectation de plusieurs utilisateurs<\/option>\n\t\t\t\t\t\t\t<\/select>\n\t\t<\/div>\n\t\t\t\t\t\t<\/div>\n\t\t\t\t\t\t\t\t<div class=\"elementor-field-type-textarea elementor-field-group elementor-column elementor-field-group-field_187c37d elementor-col-100\">\n\t\t\t\t\t\t\t\t\t\t\t\t<label for=\"form-field-field_187c37d\" class=\"elementor-field-label\">\n\t\t\t\t\t\t\t\tAvez-vous d'autres suggestions de fonctionnalit\u00e9s pour le plugin ? Qu'aimeriez-vous voir ajout\u00e9 \u00e0 l'avenir ?\t\t\t\t\t\t\t<\/label>\n\t\t\t\t\t\t<textarea class=\"elementor-field-textual elementor-field  elementor-size-md\" name=\"form_fields[field_187c37d]\" id=\"form-field-field_187c37d\" rows=\"4\"><\/textarea>\t\t\t\t<\/div>\n\t\t\t\t\t\t\t\t<div class=\"elementor-field-type-textarea elementor-field-group elementor-column elementor-field-group-field_9dbc09d elementor-col-100\">\n\t\t\t\t\t\t\t\t\t\t\t\t<label for=\"form-field-field_9dbc09d\" class=\"elementor-field-label\">\n\t\t\t\t\t\t\t\tAvez-vous d'autres commentaires ?\t\t\t\t\t\t\t<\/label>\n\t\t\t\t\t\t<textarea class=\"elementor-field-textual elementor-field  elementor-size-md\" name=\"form_fields[field_9dbc09d]\" id=\"form-field-field_9dbc09d\" rows=\"4\"><\/textarea>\t\t\t\t<\/div>\n\t\t\t\t\t\t\t\t<div class=\"elementor-field-type-html elementor-field-group elementor-column elementor-field-group-field_52f20d8 elementor-col-100\">\n\t\t\t\t\t<strong style=\"display: block; font-size: 18px; margin: 15px 0 0 0 !important;\">Laisser un commentaire ?<\/strong>Si vous ne l'avez pas encore fait, pourriez-vous nous laisser un commentaire sur <a href=\"https:\/\/wordpress.org\/support\/plugin\/woo-coupon-usage\/reviews\/#new-post\" target=\"_blank\" style=\"font-weight: bold;\" rel=\"noopener\">https:\/\/wordpress.org\/support\/plugin\/woo-coupon-usage\/reviews\/#new-post<\/a> sur votre exp\u00e9rience globale avec le plugin Coupon Affiliates ? Ce serait tr\u00e8s appr\u00e9ci\u00e9.<br\/><br\/>\t\t\t\t<\/div>\n\t\t\t\t\t\t\t\t<div class=\"elementor-field-group elementor-column elementor-field-type-submit elementor-col-100 e-form__buttons\">\n\t\t\t\t\t<button class=\"elementor-button elementor-size-sm\" type=\"submit\">\n\t\t\t\t\t\t<span class=\"elementor-button-content-wrapper\">\n\t\t\t\t\t\t\t\t\t\t\t\t\t\t\t\t\t\t\t\t\t\t<span class=\"elementor-button-text\">Soumettre<\/span>\n\t\t\t\t\t\t\t\t\t\t\t\t\t<\/span>\n\t\t\t\t\t<\/button>\n\t\t\t\t<\/div>\n\t\t\t<\/div>\n\t\t<input type=\"hidden\" name=\"trp-form-language\" value=\"fr\"\/><\/form>\n\t\t\t\t\t\t<\/div>\n\t\t\t\t<\/div>\n\t\t\t\t\t<\/div>\n\t\t<\/div>\n\t\t\t\t\t<\/div>\n\t\t<\/section>\n\t\t\t\t<\/div>","protected":false},"excerpt":{"rendered":"<p>Utilisez-vous actuellement Coupon Affiliates PRO sur votre boutique WooCommerce ? Aidez-nous \u00e0 am\u00e9liorer le plugin en prenant 2 minutes pour r\u00e9pondre \u00e0 l'enqu\u00eate ci-dessous. Tous les commentaires sont appr\u00e9ci\u00e9s !<\/p>","protected":false},"author":1,"featured_media":0,"parent":0,"menu_order":24,"comment_status":"closed","ping_status":"closed","template":"","meta":{"_kad_blocks_custom_css":"","_kad_blocks_head_custom_js":"","_kad_blocks_body_custom_js":"","_kad_blocks_footer_custom_js":"","footnotes":"","_links_to":"","_links_to_target":""},"class_list":["post-6251","page","type-page","status-publish","hentry","wpbf-post"],"taxonomy_info":[],"featured_image_src_large":false,"author_info":{"display_name":"Elliot Sowersby","author_link":"#"},"comment_info":0,"_links":{"self":[{"href":"https:\/\/couponaffiliates.com\/fr\/wp-json\/wp\/v2\/pages\/6251","targetHints":{"allow":["GET"]}}],"collection":[{"href":"https:\/\/couponaffiliates.com\/fr\/wp-json\/wp\/v2\/pages"}],"about":[{"href":"https:\/\/couponaffiliates.com\/fr\/wp-json\/wp\/v2\/types\/page"}],"author":[{"embeddable":true,"href":"https:\/\/couponaffiliates.com\/fr\/wp-json\/wp\/v2\/users\/1"}],"replies":[{"embeddable":true,"href":"https:\/\/couponaffiliates.com\/fr\/wp-json\/wp\/v2\/comments?post=6251"}],"version-history":[{"count":70,"href":"https:\/\/couponaffiliates.com\/fr\/wp-json\/wp\/v2\/pages\/6251\/revisions"}],"predecessor-version":[{"id":6364,"href":"https:\/\/couponaffiliates.com\/fr\/wp-json\/wp\/v2\/pages\/6251\/revisions\/6364"}],"wp:attachment":[{"href":"https:\/\/couponaffiliates.com\/fr\/wp-json\/wp\/v2\/media?parent=6251"}],"curies":[{"name":"wp","href":"https:\/\/api.w.org\/{rel}","templated":true}]}}