{"id":6758,"date":"2021-12-06T01:25:56","date_gmt":"2021-12-06T01:25:56","guid":{"rendered":"http:\/\/a8759758b2.nxcli.io\/?page_id=6758"},"modified":"2024-06-30T01:15:10","modified_gmt":"2024-06-30T01:15:10","slug":"integration-du-terawallet","status":"publish","type":"page","link":"https:\/\/couponaffiliates.com\/fr\/modules-complementaires\/integration-du-terawallet\/","title":{"rendered":"Addon : Int\u00e9gration de TeraWallet"},"content":{"rendered":"<hr class=\"wp-block-separator has-css-opacity is-style-wide\"\/>\n\n\n\n<p><strong>Int\u00e9grer Coupon Affiliates avec le plugin de tierce partie : <a href=\"https:\/\/wordpress.org\/plugins\/woo-wallet\" target=\"_blank\" rel=\"noreferrer noopener\">TeraWallet<\/a><\/strong><\/p>\n\n\n\n<p>Vous pourrez utiliser le plugin \"TeraWallet\" comme syst\u00e8me de portefeuille pour la m\u00e9thode de paiement \"Store Credits\".<\/p>\n\n\n\n<p>Si les affili\u00e9s choisissent \"Store Credit\" comme m\u00e9thode de paiement, ils peuvent soumettre des demandes de paiement, et lorsque vous les marquez comme pay\u00e9es, la commission sera pay\u00e9e automatiquement dans le portefeuille de leur compte \"TeraWallet\".<\/p>\n\n\n\n<p><strong>Remarque :<\/strong> Il existe d\u00e9j\u00e0 un syst\u00e8me de cr\u00e9dit magasin et de portefeuille int\u00e9gr\u00e9 GRATUIT (plus basique) dans la version PRO du plugin Coupon Affiliates. Cet addon n'est donc PAS n\u00e9cessaire pour offrir des paiements de type \"cr\u00e9dit magasin\" \u00e0 vos affili\u00e9s, mais il vous permet d'utiliser un syst\u00e8me de portefeuille plus avanc\u00e9.<\/p>\n\n\n\n<hr class=\"wp-block-separator has-css-opacity is-style-wide\"\/>\n\n\n\n<h3 class=\"wp-block-heading\"><strong>Exigences :<\/strong><\/h3>\n\n\n\n<p>Pour utiliser cet addon, vous devez d'abord avoir :<\/p>\n\n\n\n<ul class=\"wp-block-list\">\n<li>Le <strong>PRO<\/strong> version de <strong>Coupons affili\u00e9s<\/strong> install\u00e9 sur votre site web.<\/li>\n<\/ul>\n\n\n\n<ul class=\"wp-block-list\">\n<li>Le <a href=\"https:\/\/wordpress.org\/plugins\/woo-wallet\" target=\"_blank\" rel=\"noreferrer noopener\"><strong>TeraWallet<\/strong><\/a> install\u00e9 sur votre site web.<\/li>\n<\/ul>\n\n\n\n<hr class=\"wp-block-separator has-css-opacity is-style-wide\"\/>\n\n\n\n<h3 class=\"wp-block-heading\"><strong>T\u00e9l\u00e9charger cet addon :<\/strong><\/h3>\n\n\n\n<p><strong>Prix :<\/strong> <s>$39.99<\/s> $19.99 (une seule fois)<\/p>\n\n\n\n<button id=\"purchaseaddon\" class=\"download-addon\">T\u00e9l\u00e9charger maintenant<\/button>\n<script src=\"https:\/\/code.jquery.com\/jquery-1.12.4.min.js\"><\/script>\n<script src=\"https:\/\/checkout.freemius.com\/checkout.min.js\"><\/script>\n<script>\n    var handleraddon = FS.Checkout.configure({\n        plugin_id:  '9452',\n        plan_id:    '15936',\n        coupon:     'SAVE50',\n        public_key: 'pk_7888096b8be99a6e427deb15d8e93',\n        image:      ''\n    });\n    \n    $('#purchaseaddon').on('click', function (e) {\n        handleraddon.open({\n            name     : 'TeraWallet Integration',\n            licenses : 1,\n            \/\/ You can consume the response for after purchase logic.\n            purchaseCompleted  : function (response) {\n                wps_launch_confetti_cannon();\n            },\n            success  : function (response) {\n                \/\/ The logic here will be executed after the customer closes the checkout, after a successful purchase.                                \/\/ alert(response.user.email);\n            }\n        });\n        e.preventDefault();\n    });\n<\/script>\n\n\n\n<hr class=\"wp-block-separator has-css-opacity is-style-wide\"\/>\n\n\n\n<h3 class=\"wp-block-heading\"><strong>Instructions :<\/strong><\/h3>\n\n\n\n<ul class=\"wp-block-list\">\n<li>Installez et activez le plugin \"Coupon Affiliates - TeraWallet Integration\" sur votre site web (plugins &gt; ajouter nouveau).<\/li>\n\n\n\n<li>Installez et activez le logiciel officiel gratuit \"<a style=\"font-weight: bold;\" href=\"https:\/\/wordpress.org\/plugins\/woo-wallet\" target=\"_blank\" rel=\"noopener\">TeraWallet<\/a>\"sur votre site web.<\/li>\n\n\n\n<li>Visitez les param\u00e8tres du plugin Coupon Affiliates, allez dans \"Payouts\", activez \"Store Credit Payouts\".<\/li>\n\n\n\n<li>S\u00e9lectionnez \"TeraWallet\" dans la liste d\u00e9roulante \"Wallet System\".<\/li>\n<\/ul>\n\n\n\n<p>Note : Il s'agit d'une int\u00e9gration pour un plugin tiers. Nous ne sommes pas affili\u00e9s et n'avons aucun contr\u00f4le sur les caract\u00e9ristiques et les fonctionnalit\u00e9s offertes par le plugin \"TeraWallet\".<\/p>\n\n\n\n<hr class=\"wp-block-separator has-css-opacity is-style-wide\"\/>\n\n\n\n<h3 class=\"wp-block-heading\"><strong>Pourquoi cet addon co\u00fbte-t-il plus cher ?<\/strong><\/h3>\n\n\n\n<p>Vous \u00eates peut-\u00eatre habitu\u00e9 \u00e0 ce que toutes les fonctionnalit\u00e9s de la version PRO de notre plugin soient incluses en tant que \"Modules\" plut\u00f4t qu'en tant qu'\"Addons\". Cela signifie qu'au lieu d'avoir \u00e0 installer de nombreux plugins diff\u00e9rents pour \u00e9tendre les fonctionnalit\u00e9s, il vous suffit d'activer un module, et il activera le code\/fonctionnalit\u00e9. Si le module est d\u00e9sactiv\u00e9, dans la plupart des cas, le code ne fonctionnera pas ou ne sera pas utilis\u00e9 sur votre site web (ce qui revient \u00e0 d\u00e9sactiver un plugin\/addon).<\/p>\n\n\n\n<p>Cependant, ce \"Addon\" sp\u00e9cifique fonctionne diff\u00e9remment en ce sens qu'il propose une extension permettant d'int\u00e9grer les \u00e9l\u00e9ments suivants <strong>Coupons affili\u00e9s<\/strong> avec un autre <strong>Plugin WordPress tiers<\/strong>. L'addon co\u00fbte plus cher, simplement parce qu'il s'agit d'une int\u00e9gration d'une tierce partie et qu'il n\u00e9cessite parfois un travail d'assistance et de d\u00e9veloppement suppl\u00e9mentaire pour rester compatible avec le plugin de la tierce partie.<\/p>\n\n\n\n<p>Il est important de noter que la fonctionnalit\u00e9 \u00e9tendue est toujours possible avec la version PRO par d\u00e9faut du plugin, mais l'utilisation de l'int\u00e9gration tierce offre g\u00e9n\u00e9ralement plus de fonctionnalit\u00e9s, ou vous permet d'utiliser votre plugin tierce existant, au lieu de notre solution pour ce module sp\u00e9cifique.<\/p>\n\n\n\n<div style=\"height:50px\" aria-hidden=\"true\" class=\"wp-block-spacer\"><\/div>","protected":false},"excerpt":{"rendered":"<p>Int\u00e9grer Coupon Affiliates avec le plugin de tierce partie : TeraWallet Vous pourrez utiliser le plugin \"TeraWallet\" comme syst\u00e8me de portefeuille pour la m\u00e9thode de paiement \"Store Credits\". Si les affili\u00e9s choisissent \"Store Credit\" comme m\u00e9thode de paiement, ils peuvent soumettre des demandes de paiement, et lorsque vous les marquez comme pay\u00e9es, la commission sera pay\u00e9e automatiquement dans [...]<\/p>","protected":false},"author":1,"featured_media":0,"parent":6756,"menu_order":2,"comment_status":"closed","ping_status":"closed","template":"","meta":{"_kad_blocks_custom_css":"","_kad_blocks_head_custom_js":"","_kad_blocks_body_custom_js":"","_kad_blocks_footer_custom_js":"","footnotes":"","_links_to":"","_links_to_target":""},"class_list":["post-6758","page","type-page","status-publish","hentry","wpbf-post"],"taxonomy_info":[],"featured_image_src_large":false,"author_info":{"display_name":"Elliot Sowersby","author_link":"#"},"comment_info":0,"_links":{"self":[{"href":"https:\/\/couponaffiliates.com\/fr\/wp-json\/wp\/v2\/pages\/6758","targetHints":{"allow":["GET"]}}],"collection":[{"href":"https:\/\/couponaffiliates.com\/fr\/wp-json\/wp\/v2\/pages"}],"about":[{"href":"https:\/\/couponaffiliates.com\/fr\/wp-json\/wp\/v2\/types\/page"}],"author":[{"embeddable":true,"href":"https:\/\/couponaffiliates.com\/fr\/wp-json\/wp\/v2\/users\/1"}],"replies":[{"embeddable":true,"href":"https:\/\/couponaffiliates.com\/fr\/wp-json\/wp\/v2\/comments?post=6758"}],"version-history":[{"count":147,"href":"https:\/\/couponaffiliates.com\/fr\/wp-json\/wp\/v2\/pages\/6758\/revisions"}],"predecessor-version":[{"id":18270,"href":"https:\/\/couponaffiliates.com\/fr\/wp-json\/wp\/v2\/pages\/6758\/revisions\/18270"}],"up":[{"embeddable":true,"href":"https:\/\/couponaffiliates.com\/fr\/wp-json\/wp\/v2\/pages\/6756"}],"wp:attachment":[{"href":"https:\/\/couponaffiliates.com\/fr\/wp-json\/wp\/v2\/media?parent=6758"}],"curies":[{"name":"wp","href":"https:\/\/api.w.org\/{rel}","templated":true}]}}