{"id":9835,"date":"2022-07-08T00:34:33","date_gmt":"2022-07-08T00:34:33","guid":{"rendered":"http:\/\/a8759758b2.nxcli.io\/?page_id=9835"},"modified":"2023-09-19T10:29:47","modified_gmt":"2023-09-19T10:29:47","slug":"ticket-dassistance","status":"publish","type":"page","link":"https:\/\/couponaffiliates.com\/fr\/ticket-dassistance\/","title":{"rendered":"Ticket d'assistance"},"content":{"rendered":"<p>Si vous avez une question concernant le plugin Coupon Affiliates, n'h\u00e9sitez pas \u00e0 cr\u00e9er un ticket d'assistance sur les forums de WordPress.org.<\/p>\n\n\n\n<p>Nous sommes toujours heureux de vous aider !<\/p>\n\n\n\n<div class=\"wp-block-buttons is-layout-flex wp-block-buttons-is-layout-flex\">\n<div class=\"wp-block-button\"><a class=\"wp-block-button__link has-white-color has-black-background-color has-text-color has-background wp-element-button\" href=\"https:\/\/wordpress.org\/support\/plugin\/woo-coupon-usage\/#new-topic-0\" target=\"_blank\" rel=\"noreferrer noopener\">Cr\u00e9er un ticket d'assistance<\/a><\/div>\n<\/div>\n\n\n\n<hr class=\"wp-block-separator has-alpha-channel-opacity is-style-wide\"\/>\n\n\n\n<p class=\"has-large-font-size\"><strong>Vous avez une question concernant la version PRO ? Vous pouvez \u00e9galement nous envoyer un message via notre <a href=\"https:\/\/couponaffiliates.com\/fr\/contact\/\"><span style=\"text-decoration: underline;\">formulaire de contact<\/span><\/a>.<\/strong><\/p>","protected":false},"excerpt":{"rendered":"<p>Si vous avez une question concernant le plugin Coupon Affiliates, n'h\u00e9sitez pas \u00e0 cr\u00e9er un ticket d'assistance sur les forums de WordPress.org. Nous sommes toujours heureux de vous aider ! Vous avez une question concernant la version PRO ? Vous pouvez \u00e9galement nous envoyer un message via notre formulaire de contact.<\/p>","protected":false},"author":1,"featured_media":0,"parent":0,"menu_order":10,"comment_status":"closed","ping_status":"closed","template":"","meta":{"_kad_blocks_custom_css":"","_kad_blocks_head_custom_js":"","_kad_blocks_body_custom_js":"","_kad_blocks_footer_custom_js":"","footnotes":"","_links_to":"","_links_to_target":""},"class_list":["post-9835","page","type-page","status-publish","hentry","wpbf-post"],"taxonomy_info":[],"featured_image_src_large":false,"author_info":{"display_name":"Elliot Sowersby","author_link":"#"},"comment_info":0,"_links":{"self":[{"href":"https:\/\/couponaffiliates.com\/fr\/wp-json\/wp\/v2\/pages\/9835","targetHints":{"allow":["GET"]}}],"collection":[{"href":"https:\/\/couponaffiliates.com\/fr\/wp-json\/wp\/v2\/pages"}],"about":[{"href":"https:\/\/couponaffiliates.com\/fr\/wp-json\/wp\/v2\/types\/page"}],"author":[{"embeddable":true,"href":"https:\/\/couponaffiliates.com\/fr\/wp-json\/wp\/v2\/users\/1"}],"replies":[{"embeddable":true,"href":"https:\/\/couponaffiliates.com\/fr\/wp-json\/wp\/v2\/comments?post=9835"}],"version-history":[{"count":10,"href":"https:\/\/couponaffiliates.com\/fr\/wp-json\/wp\/v2\/pages\/9835\/revisions"}],"predecessor-version":[{"id":13477,"href":"https:\/\/couponaffiliates.com\/fr\/wp-json\/wp\/v2\/pages\/9835\/revisions\/13477"}],"wp:attachment":[{"href":"https:\/\/couponaffiliates.com\/fr\/wp-json\/wp\/v2\/media?parent=9835"}],"curies":[{"name":"wp","href":"https:\/\/api.w.org\/{rel}","templated":true}]}}